{"id":564,"date":"2013-02-15T09:44:51","date_gmt":"2013-02-15T08:44:51","guid":{"rendered":"http:\/\/www.voixeditions.com\/wordpress\/?post_type=product&#038;p=564"},"modified":"2014-02-27T15:29:41","modified_gmt":"2014-02-27T14:29:41","slug":"pelieu-claude","status":"publish","type":"product","link":"https:\/\/www.voixeditions.com\/?product=pelieu-claude","title":{"rendered":"PELIEU Claude"},"content":{"rendered":"","protected":false},"excerpt":{"rendered":"<p>\u00ab\u00a0Fusion\u00a0\u00bb 2001<br \/>\n\u00c9dit\u00e9 \u00e0 l&rsquo;occasion de l&rsquo;exposition des collages de Claude P\u00e9lieu,<br \/>\nSc\u00e8ne Nationale<br \/>\nTextes de<br \/>\nClaude P\u00e9lieu, Alain H\u00e9lissen, Louis Ucciani, Michel Collet, Pierre Tilman, W.S Burroughs, Alain Jouffroy, Pierre Joris<\/p>\n","protected":false},"featured_media":1596,"template":"","meta":[],"product_brand":[],"product_cat":[32],"product_tag":[29,66,95,99,114,115,966,967,161,169,174,968,191,969,196,198,199,201,203,970,971,225,230,972,232],"class_list":{"0":"post-564","1":"product","2":"type-product","3":"status-publish","4":"has-post-thumbnail","6":"product_cat-1_poesie","7":"product_tag-alain-jouffroy","8":"product_tag-beaux-arts","9":"product_tag-claude-pelieu","10":"product_tag-collages","11":"product_tag-editions","12":"product_tag-elne","13":"product_tag-livre","14":"product_tag-livre-dartiste","15":"product_tag-louis-ucciani","16":"product_tag-metz","17":"product_tag-michel-collet","18":"product_tag-peinture","19":"product_tag-pelieu-claude","20":"product_tag-perpignan","21":"product_tag-photo","22":"product_tag-pierre-joris","23":"product_tag-pierre-tilman","24":"product_tag-poesie","25":"product_tag-poete","26":"product_tag-richard-meier","27":"product_tag-texte","28":"product_tag-vente","29":"product_tag-voix-editions","30":"product_tag-voix-editions-richard-meier","31":"product_tag-w-s-burroughs","33":"first","34":"instock","35":"shipping-taxable","36":"purchasable","37":"product-type-simple"},"_links":{"self":[{"href":"https:\/\/www.voixeditions.com\/index.php?rest_route=\/wp\/v2\/product\/564","targetHints":{"allow":["GET"]}}],"collection":[{"href":"https:\/\/www.voixeditions.com\/index.php?rest_route=\/wp\/v2\/product"}],"about":[{"href":"https:\/\/www.voixeditions.com\/index.php?rest_route=\/wp\/v2\/types\/product"}],"wp:featuredmedia":[{"embeddable":true,"href":"https:\/\/www.voixeditions.com\/index.php?rest_route=\/wp\/v2\/media\/1596"}],"wp:attachment":[{"href":"https:\/\/www.voixeditions.com\/index.php?rest_route=%2Fwp%2Fv2%2Fmedia&parent=564"}],"wp:term":[{"taxonomy":"product_brand","embeddable":true,"href":"https:\/\/www.voixeditions.com\/index.php?rest_route=%2Fwp%2Fv2%2Fproduct_brand&post=564"},{"taxonomy":"product_cat","embeddable":true,"href":"https:\/\/www.voixeditions.com\/index.php?rest_route=%2Fwp%2Fv2%2Fproduct_cat&post=564"},{"taxonomy":"product_tag","embeddable":true,"href":"https:\/\/www.voixeditions.com\/index.php?rest_route=%2Fwp%2Fv2%2Fproduct_tag&post=564"}],"curies":[{"name":"wp","href":"https:\/\/api.w.org\/{rel}","templated":true}]}}