{"id":3539,"date":"2025-11-10T10:30:39","date_gmt":"2025-11-10T09:30:39","guid":{"rendered":"https:\/\/www.voixeditions.com\/?post_type=product&#038;p=3539"},"modified":"2025-11-10T10:34:24","modified_gmt":"2025-11-10T09:34:24","slug":"charles-dreyfus","status":"publish","type":"product","link":"https:\/\/www.voixeditions.com\/?product=charles-dreyfus","title":{"rendered":"Charles Dreyfus"},"content":{"rendered":"<p class=\"p1\">192 fiches de textes sur papier journal dat\u00e9 1976<\/p>\n<p class=\"p1\">et l\u2019 entretien entre Charles Dreyfus Pechkoff<\/p>\n<p class=\"p1\">et Augustin Pineau au sujet de sa pi\u00e8ce<\/p>\n<p class=\"p1\"><b>Le monde de travers<\/b>, \u00e0 N\u00eemes<\/p>\n<p class=\"p1\">le mercredi 18 septembre 2024.<\/p>\n<p class=\"p1\">strictement tir\u00e9 \u00e0 30 exemplaires<\/p>\n<p class=\"p1\">num\u00e9rot\u00e9s et sign\u00e9s<\/p>\n","protected":false},"excerpt":{"rendered":"<p>Charles Dreyfus Pechkoff<\/p>\n","protected":false},"featured_media":3538,"template":"","meta":[],"product_brand":[],"product_cat":[935,934,110],"product_tag":[1102,1134,1133,1132,970,374,230],"class_list":{"0":"post-3539","1":"product","2":"type-product","3":"status-publish","4":"has-post-thumbnail","6":"product_cat-nouveautes","7":"product_cat-poesie-image","8":"product_cat-6_dessins","9":"product_tag-augustin-pineau","10":"product_tag-charles-dreyfus","11":"product_tag-charles-dreyfus-pechkoff","12":"product_tag-livre-sculpture","13":"product_tag-richard-meier","14":"product_tag-sculpture","15":"product_tag-voix-editions","17":"first","18":"instock","19":"shipping-taxable","20":"purchasable","21":"product-type-simple"},"_links":{"self":[{"href":"https:\/\/www.voixeditions.com\/index.php?rest_route=\/wp\/v2\/product\/3539","targetHints":{"allow":["GET"]}}],"collection":[{"href":"https:\/\/www.voixeditions.com\/index.php?rest_route=\/wp\/v2\/product"}],"about":[{"href":"https:\/\/www.voixeditions.com\/index.php?rest_route=\/wp\/v2\/types\/product"}],"wp:featuredmedia":[{"embeddable":true,"href":"https:\/\/www.voixeditions.com\/index.php?rest_route=\/wp\/v2\/media\/3538"}],"wp:attachment":[{"href":"https:\/\/www.voixeditions.com\/index.php?rest_route=%2Fwp%2Fv2%2Fmedia&parent=3539"}],"wp:term":[{"taxonomy":"product_brand","embeddable":true,"href":"https:\/\/www.voixeditions.com\/index.php?rest_route=%2Fwp%2Fv2%2Fproduct_brand&post=3539"},{"taxonomy":"product_cat","embeddable":true,"href":"https:\/\/www.voixeditions.com\/index.php?rest_route=%2Fwp%2Fv2%2Fproduct_cat&post=3539"},{"taxonomy":"product_tag","embeddable":true,"href":"https:\/\/www.voixeditions.com\/index.php?rest_route=%2Fwp%2Fv2%2Fproduct_tag&post=3539"}],"curies":[{"name":"wp","href":"https:\/\/api.w.org\/{rel}","templated":true}]}}