{"id":3436,"date":"2024-11-29T08:53:19","date_gmt":"2024-11-29T07:53:19","guid":{"rendered":"http:\/\/www.voixeditions.com\/?post_type=product&#038;p=3436"},"modified":"2024-11-29T08:57:45","modified_gmt":"2024-11-29T07:57:45","slug":"franck-ancel","status":"publish","type":"product","link":"https:\/\/www.voixeditions.com\/?product=franck-ancel","title":{"rendered":"Franck Ancel"},"content":{"rendered":"<p>Franck Ancel, \u00ab\u00a0O\u00f9 en \u00eates-vous\u00a0 ?\u00a0\u00bb<br \/>\nSign\u00e9, num\u00e9rot\u00e9s 1\/50.<\/p>\n","protected":false},"excerpt":{"rendered":"<p>Franck Ancel, \u00ab\u00a0O\u00f9 en \u00eates-vous\u00a0 ?\u00a0\u00bb Sign\u00e9, num\u00e9rot\u00e9s 1\/50.<\/p>\n","protected":false},"featured_media":3437,"template":"","meta":[],"product_brand":[],"product_cat":[935,32],"product_tag":[1107,1104,367,1108,967,1105,201,1106,970,230],"class_list":{"0":"post-3436","1":"product","2":"type-product","3":"status-publish","4":"has-post-thumbnail","6":"product_cat-nouveautes","7":"product_cat-1_poesie","8":"product_tag-ancel","9":"product_tag-franck-ancel","10":"product_tag-image","11":"product_tag-lacan","12":"product_tag-livre-dartiste","13":"product_tag-ou-en-etes-vous","14":"product_tag-poesie","15":"product_tag-psychanalyse","16":"product_tag-richard-meier","17":"product_tag-voix-editions","18":"product_shipping_class-france","20":"first","21":"instock","22":"shipping-taxable","23":"purchasable","24":"product-type-simple"},"_links":{"self":[{"href":"https:\/\/www.voixeditions.com\/index.php?rest_route=\/wp\/v2\/product\/3436","targetHints":{"allow":["GET"]}}],"collection":[{"href":"https:\/\/www.voixeditions.com\/index.php?rest_route=\/wp\/v2\/product"}],"about":[{"href":"https:\/\/www.voixeditions.com\/index.php?rest_route=\/wp\/v2\/types\/product"}],"wp:featuredmedia":[{"embeddable":true,"href":"https:\/\/www.voixeditions.com\/index.php?rest_route=\/wp\/v2\/media\/3437"}],"wp:attachment":[{"href":"https:\/\/www.voixeditions.com\/index.php?rest_route=%2Fwp%2Fv2%2Fmedia&parent=3436"}],"wp:term":[{"taxonomy":"product_brand","embeddable":true,"href":"https:\/\/www.voixeditions.com\/index.php?rest_route=%2Fwp%2Fv2%2Fproduct_brand&post=3436"},{"taxonomy":"product_cat","embeddable":true,"href":"https:\/\/www.voixeditions.com\/index.php?rest_route=%2Fwp%2Fv2%2Fproduct_cat&post=3436"},{"taxonomy":"product_tag","embeddable":true,"href":"https:\/\/www.voixeditions.com\/index.php?rest_route=%2Fwp%2Fv2%2Fproduct_tag&post=3436"}],"curies":[{"name":"wp","href":"https:\/\/api.w.org\/{rel}","templated":true}]}}