{"id":3268,"date":"2023-07-05T07:18:13","date_gmt":"2023-07-05T06:18:13","guid":{"rendered":"http:\/\/www.voixeditions.com\/?post_type=product&#038;p=3268"},"modified":"2023-07-05T07:26:55","modified_gmt":"2023-07-05T06:26:55","slug":"florence-chevallier","status":"publish","type":"product","link":"https:\/\/www.voixeditions.com\/?product=florence-chevallier","title":{"rendered":"Florence Chevallier"},"content":{"rendered":"<p class=\"descriptionLineWrap\">Nus de Naples. \u0153uvres photographiques, 1988-1989.<br \/>\nEditions Voix Richard Meier, 1994. In-folio (42 x 30), broch\u00e9, couverture illustr\u00e9e.<\/p>\n<p>\u00ab\u00a0Les Nus de Naples et les Visages tombeaux sont comme le jour et la nuit. Agitant nos d\u00e9mons, nos visions damn\u00e9es, notre vertige \u00e0 vivre, les corps s\u2019extirpent, se d\u00e9plient, bringuebalants, dans l\u2019informe et le flou, cherchant ce qui peut bien les animer ainsi.<br \/>\nIls affirment leur volume, leur masse, leur pesanteur, pour s\u2019ancrer dans une mati\u00e8re profonde. N\u2019y parviennent pas, par manque d\u2019ossature. Croquis troubl\u00e9s, esquisses tremblantes, ils s\u2019amarrent et s\u2019effondrent comme une glaise inachev\u00e9e.<br \/>\nLe mod\u00e8le acad\u00e9mique n\u2019en finit pas de chuter, d\u2019\u00e9chouer dans sa pose. Cette f\u00e9minit\u00e9 blanche, noircie aux seins et au sexe, tente de d\u00e9jouer, dans la danse, l\u2019opacit\u00e9 du corps. Elle veut s\u2019arracher \u00e0 la surface des d\u00e9sirs et r\u00e9clame l\u2019animalit\u00e9 primitive des d\u00e9esses anciennes.\u00a0\u00bb<\/p>\n","protected":false},"excerpt":{"rendered":"<p>Nus de Naples. \u0153uvres photographiques, 1988-1989. Editions Voix Richard Meier, 1994. In-folio (42 x 30), broch\u00e9, couverture illustr\u00e9e. \u00ab\u00a0Les Nus de Naples et les Visages tombeaux sont comme le jour et la nuit. Agitant nos d\u00e9mons, nos visions damn\u00e9es, notre vertige \u00e0 vivre, les corps s\u2019extirpent, se d\u00e9plient, bringuebalants, dans l\u2019informe et le flou, cherchant ce qui peut bien les [&hellip;]<\/p>\n","protected":false},"featured_media":3272,"template":"","meta":[],"product_brand":[],"product_cat":[935,1001],"product_tag":[1061,1060,966,1059,272,970,230],"class_list":{"0":"post-3268","1":"product","2":"type-product","3":"status-publish","4":"has-post-thumbnail","6":"product_cat-nouveautes","7":"product_cat-photo","8":"product_tag-chevallier","9":"product_tag-florence-chevallier","10":"product_tag-livre","11":"product_tag-nus-de-naples","12":"product_tag-photographie","13":"product_tag-richard-meier","14":"product_tag-voix-editions","16":"first","17":"instock","18":"shipping-taxable","19":"purchasable","20":"product-type-simple"},"_links":{"self":[{"href":"https:\/\/www.voixeditions.com\/index.php?rest_route=\/wp\/v2\/product\/3268","targetHints":{"allow":["GET"]}}],"collection":[{"href":"https:\/\/www.voixeditions.com\/index.php?rest_route=\/wp\/v2\/product"}],"about":[{"href":"https:\/\/www.voixeditions.com\/index.php?rest_route=\/wp\/v2\/types\/product"}],"wp:featuredmedia":[{"embeddable":true,"href":"https:\/\/www.voixeditions.com\/index.php?rest_route=\/wp\/v2\/media\/3272"}],"wp:attachment":[{"href":"https:\/\/www.voixeditions.com\/index.php?rest_route=%2Fwp%2Fv2%2Fmedia&parent=3268"}],"wp:term":[{"taxonomy":"product_brand","embeddable":true,"href":"https:\/\/www.voixeditions.com\/index.php?rest_route=%2Fwp%2Fv2%2Fproduct_brand&post=3268"},{"taxonomy":"product_cat","embeddable":true,"href":"https:\/\/www.voixeditions.com\/index.php?rest_route=%2Fwp%2Fv2%2Fproduct_cat&post=3268"},{"taxonomy":"product_tag","embeddable":true,"href":"https:\/\/www.voixeditions.com\/index.php?rest_route=%2Fwp%2Fv2%2Fproduct_tag&post=3268"}],"curies":[{"name":"wp","href":"https:\/\/api.w.org\/{rel}","templated":true}]}}