{"id":317,"date":"2012-12-11T14:34:53","date_gmt":"2012-12-11T13:34:53","guid":{"rendered":"http:\/\/www.voixeditions.com\/wordpress\/?post_type=product&#038;p=317"},"modified":"2023-07-04T10:40:41","modified_gmt":"2023-07-04T09:40:41","slug":"alocco-marcel-butor-michel","status":"publish","type":"product","link":"https:\/\/www.voixeditions.com\/?product=alocco-marcel-butor-michel","title":{"rendered":"ALOCCO Marcel, BUTOR Michel"},"content":{"rendered":"","protected":false},"excerpt":{"rendered":"<p>\u00ab\u00a0Coutures\u00a0\u00bb &#8211; 1989<br \/>\nPubli\u00e9 \u00e0 l&rsquo;occasion de l&rsquo;exposition de M. Alocco \u00e0 la Galerie Alain Oudin, Paris, en 1989.<br \/>\nTir\u00e9 \u00e0 133 ex., dont 20 ex. de t\u00eate num\u00e9rot\u00e9 de A \u00e0 J et de 1 \u00e0 10 contenant un fragment de patchwork, et de 113 ex. num\u00e9rot\u00e9 de 21 \u00e0 113.<\/p>\n","protected":false},"featured_media":1796,"template":"","meta":[],"product_brand":[],"product_cat":[934],"product_tag":[40,41,79,101,114,965,123,140,966,967,164,170,173,970,213,225,230],"class_list":{"0":"post-317","1":"product","2":"type-product","3":"status-publish","4":"has-post-thumbnail","6":"product_cat-poesie-image","7":"product_tag-alocco","8":"product_tag-alocco-marcel","9":"product_tag-butor","10":"product_tag-cosyworks","11":"product_tag-editions","12":"product_tag-fireboox","13":"product_tag-fragmentaires","14":"product_tag-images-pre-texte","15":"product_tag-livre","16":"product_tag-livre-dartiste","17":"product_tag-marcel","18":"product_tag-michel","19":"product_tag-michel-butor","20":"product_tag-richard-meier","21":"product_tag-sophie-meier","22":"product_tag-vente","23":"product_tag-voix-editions","25":"first","26":"instock","27":"shipping-taxable","28":"purchasable","29":"product-type-simple"},"_links":{"self":[{"href":"https:\/\/www.voixeditions.com\/index.php?rest_route=\/wp\/v2\/product\/317","targetHints":{"allow":["GET"]}}],"collection":[{"href":"https:\/\/www.voixeditions.com\/index.php?rest_route=\/wp\/v2\/product"}],"about":[{"href":"https:\/\/www.voixeditions.com\/index.php?rest_route=\/wp\/v2\/types\/product"}],"wp:featuredmedia":[{"embeddable":true,"href":"https:\/\/www.voixeditions.com\/index.php?rest_route=\/wp\/v2\/media\/1796"}],"wp:attachment":[{"href":"https:\/\/www.voixeditions.com\/index.php?rest_route=%2Fwp%2Fv2%2Fmedia&parent=317"}],"wp:term":[{"taxonomy":"product_brand","embeddable":true,"href":"https:\/\/www.voixeditions.com\/index.php?rest_route=%2Fwp%2Fv2%2Fproduct_brand&post=317"},{"taxonomy":"product_cat","embeddable":true,"href":"https:\/\/www.voixeditions.com\/index.php?rest_route=%2Fwp%2Fv2%2Fproduct_cat&post=317"},{"taxonomy":"product_tag","embeddable":true,"href":"https:\/\/www.voixeditions.com\/index.php?rest_route=%2Fwp%2Fv2%2Fproduct_tag&post=317"}],"curies":[{"name":"wp","href":"https:\/\/api.w.org\/{rel}","templated":true}]}}