{"id":2955,"date":"2020-02-04T09:38:55","date_gmt":"2020-02-04T08:38:55","guid":{"rendered":"http:\/\/www.voixeditions.com\/?post_type=product&#038;p=2955"},"modified":"2020-02-04T09:38:55","modified_gmt":"2020-02-04T08:38:55","slug":"richard-meier-14","status":"publish","type":"product","link":"https:\/\/www.voixeditions.com\/?product=richard-meier-14","title":{"rendered":"Richard Meier"},"content":{"rendered":"<p>L\u2019ombre port\u00e9e<br \/>\nSign\u00e9s num\u00e9rot\u00e9s de 1 \u00e0 12<\/p>\n<p><img loading=\"lazy\" decoding=\"async\" class=\"alignnone size-medium wp-image-2952\" src=\"http:\/\/www.voixeditions.com\/newsite\/wp-content\/uploads\/2020\/02\/R.M.-Ombre-porte\u0301e-500x376.jpeg\" alt=\"\" width=\"500\" height=\"376\" srcset=\"https:\/\/www.voixeditions.com\/newsite\/wp-content\/uploads\/2020\/02\/R.M.-Ombre-porte\u0301e-500x376.jpeg 500w, https:\/\/www.voixeditions.com\/newsite\/wp-content\/uploads\/2020\/02\/R.M.-Ombre-porte\u0301e-768x577.jpeg 768w, https:\/\/www.voixeditions.com\/newsite\/wp-content\/uploads\/2020\/02\/R.M.-Ombre-porte\u0301e-94x70.jpeg 94w, https:\/\/www.voixeditions.com\/newsite\/wp-content\/uploads\/2020\/02\/R.M.-Ombre-porte\u0301e-600x450.jpeg 600w, https:\/\/www.voixeditions.com\/newsite\/wp-content\/uploads\/2020\/02\/R.M.-Ombre-porte\u0301e-900x675.jpeg 900w, https:\/\/www.voixeditions.com\/newsite\/wp-content\/uploads\/2020\/02\/R.M.-Ombre-porte\u0301e.jpeg 1278w\" sizes=\"auto, (max-width: 500px) 100vw, 500px\" \/><\/p>\n","protected":false},"excerpt":{"rendered":"<p>L\u2019ombre port\u00e9e Sign\u00e9s num\u00e9rot\u00e9s de 1 \u00e0 12<\/p>\n","protected":false},"featured_media":2952,"template":"","meta":[],"product_brand":[],"product_cat":[935,934,110],"product_tag":[],"class_list":{"0":"post-2955","1":"product","2":"type-product","3":"status-publish","4":"has-post-thumbnail","6":"product_cat-nouveautes","7":"product_cat-poesie-image","8":"product_cat-6_dessins","10":"first","11":"instock","12":"shipping-taxable","13":"purchasable","14":"product-type-simple"},"_links":{"self":[{"href":"https:\/\/www.voixeditions.com\/index.php?rest_route=\/wp\/v2\/product\/2955","targetHints":{"allow":["GET"]}}],"collection":[{"href":"https:\/\/www.voixeditions.com\/index.php?rest_route=\/wp\/v2\/product"}],"about":[{"href":"https:\/\/www.voixeditions.com\/index.php?rest_route=\/wp\/v2\/types\/product"}],"wp:featuredmedia":[{"embeddable":true,"href":"https:\/\/www.voixeditions.com\/index.php?rest_route=\/wp\/v2\/media\/2952"}],"wp:attachment":[{"href":"https:\/\/www.voixeditions.com\/index.php?rest_route=%2Fwp%2Fv2%2Fmedia&parent=2955"}],"wp:term":[{"taxonomy":"product_brand","embeddable":true,"href":"https:\/\/www.voixeditions.com\/index.php?rest_route=%2Fwp%2Fv2%2Fproduct_brand&post=2955"},{"taxonomy":"product_cat","embeddable":true,"href":"https:\/\/www.voixeditions.com\/index.php?rest_route=%2Fwp%2Fv2%2Fproduct_cat&post=2955"},{"taxonomy":"product_tag","embeddable":true,"href":"https:\/\/www.voixeditions.com\/index.php?rest_route=%2Fwp%2Fv2%2Fproduct_tag&post=2955"}],"curies":[{"name":"wp","href":"https:\/\/api.w.org\/{rel}","templated":true}]}}