{"id":2954,"date":"2020-02-04T09:37:26","date_gmt":"2020-02-04T08:37:26","guid":{"rendered":"http:\/\/www.voixeditions.com\/?post_type=product&#038;p=2954"},"modified":"2020-02-04T09:37:27","modified_gmt":"2020-02-04T08:37:27","slug":"richard-meier-www-voixeditions-com","status":"publish","type":"product","link":"https:\/\/www.voixeditions.com\/?product=richard-meier-www-voixeditions-com","title":{"rendered":"Richard Meier"},"content":{"rendered":"<p>La page blanche<br \/>\nExemplaires sign\u00e9s num\u00e9rot\u00e9s de 1 \u00e0 6<\/p>\n<p>&nbsp;<\/p>\n","protected":false},"excerpt":{"rendered":"<p>La page blanche Exemplaires sign\u00e9s num\u00e9rot\u00e9s de 1 \u00e0 6 &nbsp;<\/p>\n","protected":false},"featured_media":2951,"template":"","meta":[],"product_brand":[],"product_cat":[935,934,110],"product_tag":[],"class_list":{"0":"post-2954","1":"product","2":"type-product","3":"status-publish","4":"has-post-thumbnail","6":"product_cat-nouveautes","7":"product_cat-poesie-image","8":"product_cat-6_dessins","10":"first","11":"instock","12":"shipping-taxable","13":"purchasable","14":"product-type-simple"},"_links":{"self":[{"href":"https:\/\/www.voixeditions.com\/index.php?rest_route=\/wp\/v2\/product\/2954","targetHints":{"allow":["GET"]}}],"collection":[{"href":"https:\/\/www.voixeditions.com\/index.php?rest_route=\/wp\/v2\/product"}],"about":[{"href":"https:\/\/www.voixeditions.com\/index.php?rest_route=\/wp\/v2\/types\/product"}],"wp:featuredmedia":[{"embeddable":true,"href":"https:\/\/www.voixeditions.com\/index.php?rest_route=\/wp\/v2\/media\/2951"}],"wp:attachment":[{"href":"https:\/\/www.voixeditions.com\/index.php?rest_route=%2Fwp%2Fv2%2Fmedia&parent=2954"}],"wp:term":[{"taxonomy":"product_brand","embeddable":true,"href":"https:\/\/www.voixeditions.com\/index.php?rest_route=%2Fwp%2Fv2%2Fproduct_brand&post=2954"},{"taxonomy":"product_cat","embeddable":true,"href":"https:\/\/www.voixeditions.com\/index.php?rest_route=%2Fwp%2Fv2%2Fproduct_cat&post=2954"},{"taxonomy":"product_tag","embeddable":true,"href":"https:\/\/www.voixeditions.com\/index.php?rest_route=%2Fwp%2Fv2%2Fproduct_tag&post=2954"}],"curies":[{"name":"wp","href":"https:\/\/api.w.org\/{rel}","templated":true}]}}