{"id":2805,"date":"2020-12-18T08:58:31","date_gmt":"2020-12-18T07:58:31","guid":{"rendered":"http:\/\/www.voixeditions.com\/?post_type=product&#038;p=2805"},"modified":"2020-12-18T08:59:07","modified_gmt":"2020-12-18T07:59:07","slug":"geraldine-stringer","status":"publish","type":"product","link":"https:\/\/www.voixeditions.com\/?product=geraldine-stringer","title":{"rendered":"G\u00e9raldine Stringer"},"content":{"rendered":"","protected":false},"excerpt":{"rendered":"<p>G\u00e9raldine Stringer &#8211; Poc \u00e0 poc<br \/>\n\u00ab\u00a0Refuge de Mariailles\u00a0\u00bb<\/p>\n","protected":false},"featured_media":3014,"template":"","meta":[],"product_brand":[],"product_cat":[1003,935],"product_tag":[],"class_list":{"0":"post-2805","1":"product","2":"type-product","3":"status-publish","4":"has-post-thumbnail","6":"product_cat-canigo","7":"product_cat-nouveautes","9":"first","10":"instock","11":"shipping-taxable","12":"purchasable","13":"product-type-simple"},"_links":{"self":[{"href":"https:\/\/www.voixeditions.com\/index.php?rest_route=\/wp\/v2\/product\/2805","targetHints":{"allow":["GET"]}}],"collection":[{"href":"https:\/\/www.voixeditions.com\/index.php?rest_route=\/wp\/v2\/product"}],"about":[{"href":"https:\/\/www.voixeditions.com\/index.php?rest_route=\/wp\/v2\/types\/product"}],"wp:featuredmedia":[{"embeddable":true,"href":"https:\/\/www.voixeditions.com\/index.php?rest_route=\/wp\/v2\/media\/3014"}],"wp:attachment":[{"href":"https:\/\/www.voixeditions.com\/index.php?rest_route=%2Fwp%2Fv2%2Fmedia&parent=2805"}],"wp:term":[{"taxonomy":"product_brand","embeddable":true,"href":"https:\/\/www.voixeditions.com\/index.php?rest_route=%2Fwp%2Fv2%2Fproduct_brand&post=2805"},{"taxonomy":"product_cat","embeddable":true,"href":"https:\/\/www.voixeditions.com\/index.php?rest_route=%2Fwp%2Fv2%2Fproduct_cat&post=2805"},{"taxonomy":"product_tag","embeddable":true,"href":"https:\/\/www.voixeditions.com\/index.php?rest_route=%2Fwp%2Fv2%2Fproduct_tag&post=2805"}],"curies":[{"name":"wp","href":"https:\/\/api.w.org\/{rel}","templated":true}]}}