{"id":2711,"date":"2020-12-18T08:53:02","date_gmt":"2020-12-18T07:53:02","guid":{"rendered":"http:\/\/www.voixeditions.com\/?post_type=product&#038;p=2711"},"modified":"2020-12-18T08:54:05","modified_gmt":"2020-12-18T07:54:05","slug":"julien-cassignol","status":"publish","type":"product","link":"https:\/\/www.voixeditions.com\/?product=julien-cassignol","title":{"rendered":"Julien Cassignol"},"content":{"rendered":"","protected":false},"excerpt":{"rendered":"<p>\u00ab\u00a007\/09\/2017 &#8211; 11\/09\/2017\u00a0\u00bb<br \/>\nRefuge des Cortalets<br \/>\n2017<\/p>\n<p>Rencontres du dessin de montagn\u00f4 \/\u2008Trobada de dibuix de muntanya 2017<br \/>\nChaque ann\u00e9e, \u00ab\u00a0Les Rencontres du dessin de montagne\u00a0\u00bb invitent quatre artistes \u00e0 passer trois jours dans un refuge pour dessiner. Les fruits de ce travail sont recueillis sous forme de carnets dessin\u00e9s. Ils constituent, dans le temps, une collection qui met en lumi\u00e8re le dessin, les artistes et les paysages des montagnes catalanes. Les refuges se situent sur le territoire du Parc Naturel des Pyr\u00e9n\u00e9es catalanes et de Canig\u00f3 grand site de France.<\/p>\n","protected":false},"featured_media":3017,"template":"","meta":[],"product_brand":[],"product_cat":[1003,935],"product_tag":[],"class_list":{"0":"post-2711","1":"product","2":"type-product","3":"status-publish","4":"has-post-thumbnail","6":"product_cat-canigo","7":"product_cat-nouveautes","9":"first","10":"instock","11":"shipping-taxable","12":"purchasable","13":"product-type-simple"},"_links":{"self":[{"href":"https:\/\/www.voixeditions.com\/index.php?rest_route=\/wp\/v2\/product\/2711","targetHints":{"allow":["GET"]}}],"collection":[{"href":"https:\/\/www.voixeditions.com\/index.php?rest_route=\/wp\/v2\/product"}],"about":[{"href":"https:\/\/www.voixeditions.com\/index.php?rest_route=\/wp\/v2\/types\/product"}],"wp:featuredmedia":[{"embeddable":true,"href":"https:\/\/www.voixeditions.com\/index.php?rest_route=\/wp\/v2\/media\/3017"}],"wp:attachment":[{"href":"https:\/\/www.voixeditions.com\/index.php?rest_route=%2Fwp%2Fv2%2Fmedia&parent=2711"}],"wp:term":[{"taxonomy":"product_brand","embeddable":true,"href":"https:\/\/www.voixeditions.com\/index.php?rest_route=%2Fwp%2Fv2%2Fproduct_brand&post=2711"},{"taxonomy":"product_cat","embeddable":true,"href":"https:\/\/www.voixeditions.com\/index.php?rest_route=%2Fwp%2Fv2%2Fproduct_cat&post=2711"},{"taxonomy":"product_tag","embeddable":true,"href":"https:\/\/www.voixeditions.com\/index.php?rest_route=%2Fwp%2Fv2%2Fproduct_tag&post=2711"}],"curies":[{"name":"wp","href":"https:\/\/api.w.org\/{rel}","templated":true}]}}