{"id":2439,"date":"2015-07-10T06:09:38","date_gmt":"2015-07-10T05:09:38","guid":{"rendered":"http:\/\/www.voixeditions.com\/?post_type=product&#038;p=2439"},"modified":"2015-07-10T06:10:54","modified_gmt":"2015-07-10T05:10:54","slug":"alain-fleischer-2","status":"publish","type":"product","link":"https:\/\/www.voixeditions.com\/?product=alain-fleischer-2","title":{"rendered":"Alain Fleischer"},"content":{"rendered":"<p>Alain FLEISCHER<br \/>\nLa r\u00e9sistance du paysage<br \/>\nsign\u00e9s num\u00e9rot\u00e9s 12 ex. avec une photo de Alain Fleischer<\/p>\n","protected":false},"excerpt":{"rendered":"<p>Alain FLEISCHER La r\u00e9sistance du paysage sign\u00e9s num\u00e9rot\u00e9s 12 ex. avec une photo de Alain Fleischer<\/p>\n","protected":false},"featured_media":2440,"template":"","meta":[],"product_brand":[],"product_cat":[28],"product_tag":[],"class_list":{"0":"post-2439","1":"product","2":"type-product","3":"status-publish","4":"has-post-thumbnail","6":"product_cat-3_chantiers-du-temps","8":"first","9":"instock","10":"shipping-taxable","11":"purchasable","12":"product-type-simple"},"_links":{"self":[{"href":"https:\/\/www.voixeditions.com\/index.php?rest_route=\/wp\/v2\/product\/2439","targetHints":{"allow":["GET"]}}],"collection":[{"href":"https:\/\/www.voixeditions.com\/index.php?rest_route=\/wp\/v2\/product"}],"about":[{"href":"https:\/\/www.voixeditions.com\/index.php?rest_route=\/wp\/v2\/types\/product"}],"wp:featuredmedia":[{"embeddable":true,"href":"https:\/\/www.voixeditions.com\/index.php?rest_route=\/wp\/v2\/media\/2440"}],"wp:attachment":[{"href":"https:\/\/www.voixeditions.com\/index.php?rest_route=%2Fwp%2Fv2%2Fmedia&parent=2439"}],"wp:term":[{"taxonomy":"product_brand","embeddable":true,"href":"https:\/\/www.voixeditions.com\/index.php?rest_route=%2Fwp%2Fv2%2Fproduct_brand&post=2439"},{"taxonomy":"product_cat","embeddable":true,"href":"https:\/\/www.voixeditions.com\/index.php?rest_route=%2Fwp%2Fv2%2Fproduct_cat&post=2439"},{"taxonomy":"product_tag","embeddable":true,"href":"https:\/\/www.voixeditions.com\/index.php?rest_route=%2Fwp%2Fv2%2Fproduct_tag&post=2439"}],"curies":[{"name":"wp","href":"https:\/\/api.w.org\/{rel}","templated":true}]}}