{"id":2406,"date":"2015-02-09T14:53:23","date_gmt":"2015-02-09T13:53:23","guid":{"rendered":"http:\/\/www.voixeditions.com\/?post_type=product&#038;p=2406"},"modified":"2023-07-04T10:27:53","modified_gmt":"2023-07-04T09:27:53","slug":"michele-vert-nibet-claude-masse","status":"publish","type":"product","link":"https:\/\/www.voixeditions.com\/?product=michele-vert-nibet-claude-masse","title":{"rendered":"Mich\u00e8le VERT-NIBET &#8211; Claude MASS\u00c9"},"content":{"rendered":"<p>\u00ab\u00a0Les moustaches de Salvador Dali\u00a0\u00bb<br \/>\ntir\u00e9 \u00e0 120 ex n\u00b0 et sign\u00e9s avec t\u00eate de Claude Mass\u00e9 \u00e0 120 euros<\/p>\n","protected":false},"excerpt":{"rendered":"<p>\u00ab\u00a0Les moustaches de Salvador Dali\u00a0\u00bb<br \/>\nTir\u00e9 \u00e0 120 ex n\u00b0 et sign\u00e9s avec t\u00eate de Claude Mass\u00e9<\/p>\n","protected":false},"featured_media":2407,"template":"","meta":[],"product_brand":[],"product_cat":[934],"product_tag":[963,58,66,865,109,114,867,139,966,967,868,866,969,970,864,971,230,972],"class_list":{"0":"post-2406","1":"product","2":"type-product","3":"status-publish","4":"has-post-thumbnail","6":"product_cat-poesie-image","7":"product_tag-artiste","8":"product_tag-auteur","9":"product_tag-beaux-arts","10":"product_tag-dali","11":"product_tag-dessin","12":"product_tag-editions","13":"product_tag-figueren-claude-masse","14":"product_tag-illustration","15":"product_tag-livre","16":"product_tag-livre-dartiste","17":"product_tag-michele-vert-nibet","18":"product_tag-moustaches","19":"product_tag-perpignan","20":"product_tag-richard-meier","21":"product_tag-salvador-dali","22":"product_tag-texte","23":"product_tag-voix-editions","24":"product_tag-voix-editions-richard-meier","26":"first","27":"instock","28":"shipping-taxable","29":"purchasable","30":"product-type-simple"},"_links":{"self":[{"href":"https:\/\/www.voixeditions.com\/index.php?rest_route=\/wp\/v2\/product\/2406","targetHints":{"allow":["GET"]}}],"collection":[{"href":"https:\/\/www.voixeditions.com\/index.php?rest_route=\/wp\/v2\/product"}],"about":[{"href":"https:\/\/www.voixeditions.com\/index.php?rest_route=\/wp\/v2\/types\/product"}],"wp:featuredmedia":[{"embeddable":true,"href":"https:\/\/www.voixeditions.com\/index.php?rest_route=\/wp\/v2\/media\/2407"}],"wp:attachment":[{"href":"https:\/\/www.voixeditions.com\/index.php?rest_route=%2Fwp%2Fv2%2Fmedia&parent=2406"}],"wp:term":[{"taxonomy":"product_brand","embeddable":true,"href":"https:\/\/www.voixeditions.com\/index.php?rest_route=%2Fwp%2Fv2%2Fproduct_brand&post=2406"},{"taxonomy":"product_cat","embeddable":true,"href":"https:\/\/www.voixeditions.com\/index.php?rest_route=%2Fwp%2Fv2%2Fproduct_cat&post=2406"},{"taxonomy":"product_tag","embeddable":true,"href":"https:\/\/www.voixeditions.com\/index.php?rest_route=%2Fwp%2Fv2%2Fproduct_tag&post=2406"}],"curies":[{"name":"wp","href":"https:\/\/api.w.org\/{rel}","templated":true}]}}