{"id":2315,"date":"2014-06-29T16:37:04","date_gmt":"2014-06-29T15:37:04","guid":{"rendered":"http:\/\/www.voixeditions.com\/?post_type=product&#038;p=2315"},"modified":"2014-06-29T17:13:53","modified_gmt":"2014-06-29T16:13:53","slug":"pey-serge-4","status":"publish","type":"product","link":"https:\/\/www.voixeditions.com\/?product=pey-serge-4","title":{"rendered":"PEY Serge"},"content":{"rendered":"","protected":false},"excerpt":{"rendered":"<p>\u00ab\u00a0Si on veut lib\u00e9rer les vivants\u00a0\u00bb &#8211; 2007<\/p>\n<p>4 exemplaires<br \/>\nSign\u00e9 &#8211; Num\u00e9rot\u00e9<br \/>\n588 pages<\/p>\n<p>Tous les livres l\u00e8vres sont constitu\u00e9s d&rsquo;un seul cahier de 300 \u00e0 500 pages.<\/p>\n","protected":false},"featured_media":2316,"template":"","meta":[],"product_brand":[],"product_cat":[810,26],"product_tag":[963,58,114,966,967,193,802,201,202,203,813,970,978,971,600,230,972],"class_list":{"0":"post-2315","1":"product","2":"type-product","3":"status-publish","4":"has-post-thumbnail","6":"product_cat-10_livre-levre","7":"product_cat-7_primitiv-voix","8":"product_tag-artiste","9":"product_tag-auteur","10":"product_tag-editions","11":"product_tag-livre","12":"product_tag-livre-dartiste","13":"product_tag-performance","14":"product_tag-pey","15":"product_tag-poesie","16":"product_tag-poesie-sonore","17":"product_tag-poete","18":"product_tag-poete-sonore","19":"product_tag-richard-meier","20":"product_tag-serge-pey","21":"product_tag-texte","22":"product_tag-toulouse","23":"product_tag-voix-editions","24":"product_tag-voix-editions-richard-meier","26":"first","27":"instock","28":"shipping-taxable","29":"purchasable","30":"product-type-simple"},"_links":{"self":[{"href":"https:\/\/www.voixeditions.com\/index.php?rest_route=\/wp\/v2\/product\/2315","targetHints":{"allow":["GET"]}}],"collection":[{"href":"https:\/\/www.voixeditions.com\/index.php?rest_route=\/wp\/v2\/product"}],"about":[{"href":"https:\/\/www.voixeditions.com\/index.php?rest_route=\/wp\/v2\/types\/product"}],"wp:featuredmedia":[{"embeddable":true,"href":"https:\/\/www.voixeditions.com\/index.php?rest_route=\/wp\/v2\/media\/2316"}],"wp:attachment":[{"href":"https:\/\/www.voixeditions.com\/index.php?rest_route=%2Fwp%2Fv2%2Fmedia&parent=2315"}],"wp:term":[{"taxonomy":"product_brand","embeddable":true,"href":"https:\/\/www.voixeditions.com\/index.php?rest_route=%2Fwp%2Fv2%2Fproduct_brand&post=2315"},{"taxonomy":"product_cat","embeddable":true,"href":"https:\/\/www.voixeditions.com\/index.php?rest_route=%2Fwp%2Fv2%2Fproduct_cat&post=2315"},{"taxonomy":"product_tag","embeddable":true,"href":"https:\/\/www.voixeditions.com\/index.php?rest_route=%2Fwp%2Fv2%2Fproduct_tag&post=2315"}],"curies":[{"name":"wp","href":"https:\/\/api.w.org\/{rel}","templated":true}]}}