{"id":2307,"date":"2014-06-29T16:03:07","date_gmt":"2014-06-29T15:03:07","guid":{"rendered":"http:\/\/www.voixeditions.com\/?post_type=product&#038;p=2307"},"modified":"2014-06-29T16:38:40","modified_gmt":"2014-06-29T15:38:40","slug":"viallat-claude-2","status":"publish","type":"product","link":"https:\/\/www.voixeditions.com\/?product=viallat-claude-2","title":{"rendered":"VIALLAT Claude"},"content":{"rendered":"","protected":false},"excerpt":{"rendered":"<p>\u00ab\u00a0Cerceaux\u00a0\u00bb &#8211; 2011<br \/>\ndessin original d&rsquo;un cerceaux de Claude Viallat sur un \u00e9tui toil\u00e9<br \/>\n18 exemplaires<br \/>\nSign\u00e9 &#8211; Num\u00e9rot\u00e9<br \/>\n360 pages<\/p>\n<p>Tous les livres l\u00e8vres sont constitu\u00e9s d&rsquo;un seul cahier de 300 \u00e0 500 pages.<br \/>\nCerceaux est cousu.<\/p>\n","protected":false},"featured_media":2308,"template":"","meta":[],"product_brand":[],"product_cat":[810,26],"product_tag":[963,66,86,98,109,114,115,966,967,976,968,969,970,811,971,227,230,972],"class_list":{"0":"post-2307","1":"product","2":"type-product","3":"status-publish","4":"has-post-thumbnail","6":"product_cat-10_livre-levre","7":"product_cat-7_primitiv-voix","8":"product_tag-artiste","9":"product_tag-beaux-arts","10":"product_tag-cerceaux","11":"product_tag-claude-viallat","12":"product_tag-dessin","13":"product_tag-editions","14":"product_tag-elne","15":"product_tag-livre","16":"product_tag-livre-dartiste","17":"product_tag-nimes","18":"product_tag-peinture","19":"product_tag-perpignan","20":"product_tag-richard-meier","21":"product_tag-tauromachie","22":"product_tag-texte","23":"product_tag-viallat","24":"product_tag-voix-editions","25":"product_tag-voix-editions-richard-meier","27":"first","28":"instock","29":"shipping-taxable","30":"purchasable","31":"product-type-simple"},"_links":{"self":[{"href":"https:\/\/www.voixeditions.com\/index.php?rest_route=\/wp\/v2\/product\/2307","targetHints":{"allow":["GET"]}}],"collection":[{"href":"https:\/\/www.voixeditions.com\/index.php?rest_route=\/wp\/v2\/product"}],"about":[{"href":"https:\/\/www.voixeditions.com\/index.php?rest_route=\/wp\/v2\/types\/product"}],"wp:featuredmedia":[{"embeddable":true,"href":"https:\/\/www.voixeditions.com\/index.php?rest_route=\/wp\/v2\/media\/2308"}],"wp:attachment":[{"href":"https:\/\/www.voixeditions.com\/index.php?rest_route=%2Fwp%2Fv2%2Fmedia&parent=2307"}],"wp:term":[{"taxonomy":"product_brand","embeddable":true,"href":"https:\/\/www.voixeditions.com\/index.php?rest_route=%2Fwp%2Fv2%2Fproduct_brand&post=2307"},{"taxonomy":"product_cat","embeddable":true,"href":"https:\/\/www.voixeditions.com\/index.php?rest_route=%2Fwp%2Fv2%2Fproduct_cat&post=2307"},{"taxonomy":"product_tag","embeddable":true,"href":"https:\/\/www.voixeditions.com\/index.php?rest_route=%2Fwp%2Fv2%2Fproduct_tag&post=2307"}],"curies":[{"name":"wp","href":"https:\/\/api.w.org\/{rel}","templated":true}]}}