{"id":2086,"date":"2014-03-10T15:26:59","date_gmt":"2014-03-10T14:26:59","guid":{"rendered":"http:\/\/www.voixeditions.com\/newsite\/?post_type=product&#038;p=2086"},"modified":"2023-07-04T10:30:34","modified_gmt":"2023-07-04T09:30:34","slug":"france-tours-art-actuel-82-84","status":"publish","type":"product","link":"https:\/\/www.voixeditions.com\/?product=france-tours-art-actuel-82-84","title":{"rendered":"France Tours &#8211; Art Actuel 82-84"},"content":{"rendered":"","protected":false},"excerpt":{"rendered":"<p>Biennale nationale d&rsquo;Art contemporain 82-84<br \/>\n22 avril &#8211; 29 mai 1983<br \/>\n91 pages<\/p>\n<p>43 \u0153uvres originales de 24 artistes sur double page imprim\u00e9e en alugraphie (offset direct), reliure \u00e0 la chinoise, tirage : 500 ex., 68 p., Ed. Voix Richard Meier, Montigny, 1983<br \/>\nOuvrage pr\u00e9sentant les diff\u00e9rents courrant de la figuration en France en 1983, dont les artistes de la Figuration Libre : D Tremblay, C Fuchs, F Boisrond, K Tahara, P Briggs, JC Blais, P Tosani, JL Poivert, L Lauras, J Hubaut, R Combas, H Di Rosa, R Blanchard, G Garouste, C Lev\u00e8que, G Rousse, B Faucon, B Frize, G CollIn- Thiebaut, JP Aubanel, St Martin, P Sutter, M Jaffrenou, J Vieille<\/p>\n","protected":false},"featured_media":2093,"template":"","meta":[],"product_brand":[],"product_cat":[934],"product_tag":[719,716,963,736,737,66,717,718,721,734,720,109,722,715,738,733,735,731,139,729,743,725,727,739,723,728,966,967,742,169,724,741,726,968,732,730,970,740,230,972],"class_list":{"0":"post-2086","1":"product","2":"type-product","3":"status-publish","4":"has-post-thumbnail","6":"product_cat-poesie-image","7":"product_tag-82-84","8":"product_tag-art-actuel","9":"product_tag-artiste","10":"product_tag-b-faucon","11":"product_tag-b-frize","12":"product_tag-beaux-arts","13":"product_tag-biennale-art-contemporain","14":"product_tag-biennale-nationale-art-contemporain","15":"product_tag-c-fuchs","16":"product_tag-c-leveque","17":"product_tag-d-tremblay","18":"product_tag-dessin","19":"product_tag-f-boisrond","20":"product_tag-france-tours","21":"product_tag-g-collin-thiebaut","22":"product_tag-g-garouste","23":"product_tag-g-rousse","24":"product_tag-h-di-rosa","25":"product_tag-illustration","26":"product_tag-j-hubaut","27":"product_tag-j-vieille","28":"product_tag-jc-blais","29":"product_tag-jl-poivert","30":"product_tag-jp-aubanel","31":"product_tag-k-tahara","32":"product_tag-l-lauras","33":"product_tag-livre","34":"product_tag-livre-dartiste","35":"product_tag-m-jaffrenou","36":"product_tag-metz","37":"product_tag-p-briggs","38":"product_tag-p-sutter","39":"product_tag-p-tosani","40":"product_tag-peinture","41":"product_tag-r-blanchard","42":"product_tag-r-combas","43":"product_tag-richard-meier","44":"product_tag-st-martin","45":"product_tag-voix-editions","46":"product_tag-voix-editions-richard-meier","48":"first","49":"outofstock","50":"shipping-taxable","51":"product-type-simple"},"_links":{"self":[{"href":"https:\/\/www.voixeditions.com\/index.php?rest_route=\/wp\/v2\/product\/2086","targetHints":{"allow":["GET"]}}],"collection":[{"href":"https:\/\/www.voixeditions.com\/index.php?rest_route=\/wp\/v2\/product"}],"about":[{"href":"https:\/\/www.voixeditions.com\/index.php?rest_route=\/wp\/v2\/types\/product"}],"wp:featuredmedia":[{"embeddable":true,"href":"https:\/\/www.voixeditions.com\/index.php?rest_route=\/wp\/v2\/media\/2093"}],"wp:attachment":[{"href":"https:\/\/www.voixeditions.com\/index.php?rest_route=%2Fwp%2Fv2%2Fmedia&parent=2086"}],"wp:term":[{"taxonomy":"product_brand","embeddable":true,"href":"https:\/\/www.voixeditions.com\/index.php?rest_route=%2Fwp%2Fv2%2Fproduct_brand&post=2086"},{"taxonomy":"product_cat","embeddable":true,"href":"https:\/\/www.voixeditions.com\/index.php?rest_route=%2Fwp%2Fv2%2Fproduct_cat&post=2086"},{"taxonomy":"product_tag","embeddable":true,"href":"https:\/\/www.voixeditions.com\/index.php?rest_route=%2Fwp%2Fv2%2Fproduct_tag&post=2086"}],"curies":[{"name":"wp","href":"https:\/\/api.w.org\/{rel}","templated":true}]}}