{"id":2079,"date":"2014-03-10T15:14:52","date_gmt":"2014-03-10T14:14:52","guid":{"rendered":"http:\/\/www.voixeditions.com\/newsite\/?post_type=product&#038;p=2079"},"modified":"2023-07-04T10:30:44","modified_gmt":"2023-07-04T09:30:44","slug":"john-cage","status":"publish","type":"product","link":"https:\/\/www.voixeditions.com\/?product=john-cage","title":{"rendered":"John Cage"},"content":{"rendered":"","protected":false},"excerpt":{"rendered":"<p>\u00ab\u00a0Encountering, rencontrer Jonh Cage\u00a0\u00bb &#8211; 2008<br \/>\n262 pages<\/p>\n<p>Un projet de publication lanc\u00e9 en 1994 par Jean-Louis Houchard et Daniel Charles et qui voit le jour aujourd&rsquo;hui ! &lsquo;Nous avons tous rencontr\u00e9 John Cage (sa pens\u00e9e, son \u0153uvre) un jour ou l&rsquo;autre, ici ou ailleurs. Que cette rencontre f\u00fbt musicale, po\u00e9tique, mycologique, philosophique, plastique, elle ne s&rsquo;av\u00e9ra jamais r\u00e9ductionniste, mineure, m\u00eame si elle op\u00e9ra, pour certains d&rsquo;entre nous, un passage par une autre dialogique aussi et parfois plus antagonique qu&rsquo;harmonique.&rsquo; J.L Houchard. Avec les participations (\u00e9crites ou photographiques ou dessin\u00e9es, en fran\u00e7ais et en anglais) de Max Eastley, Laura Kuhn, Fr\u00e9d\u00e9ric Pauchot, L\u00ea Quan Ninh, Christophe Marchand-Kiss, Allen Ginsberg, I\u00e9gor Reznikoff, Jean-Yves Bosseur, Gabriele Bonomo, Pierre Courtaud, Marie-No\u00eblle Brun, Roberto Barbanti, \u00c9ric de Visscher, Emanuel Dimas de Melo PImenta, Charles Amirkhanian, Nadane J. Th\u00e9riault, Marc Froment-Meurice, Michele Porzio, Julien Blaine et Jean-Jacques Lebel, Annette Schl\u00fcnz et Mathias Roth, Ren\u00e9 Fabaret, Frederic Pauchot, Daniel Charles, Jo\u00eblle L\u00e9andre, Larry Polansky, Iris Tenge, Andrew Culver, Joan La Barbara, Dino, Johanne Rivest, Bernard Heidsieck, Alexina Duchamp, Jean-Pierre Espil, Daniel Eug\u00e9, Jean-Pierre Bobillot, St\u00e9phane Lempereur, Max Eastley, Roger Euriot, John Giorno, Roland Dahinden, Mark Sutherland, Yasunao Tone, Daniel Humair, Ulrike Kasper, Sandrine Gironde, Takehisa Kosugi, Jean-Louis Houchard, Martin Erdmann, Antonia Rigaud, Jean-Michel Marchetti, Claude Lefebvre, Inge Borg Lefebvre, Jean-Christophe Feldhander, Francis Schwartz, Roland Chopard, Anne Gillis, Soum-Gul Kim, Jung Wha Jung, Jacques Depierre, Dieter Schebel, Michael Pugliesi, Ulrike Kasper, Michael Bach Bachtischa, David Moss.<\/p>\n","protected":false},"featured_media":2085,"template":"","meta":[],"product_brand":[],"product_cat":[935,934],"product_tag":[714,684,660,680,704,674,697,713,72,669,659,699,676,686,104,711,708,682,668,667,122,702,657,663,661,700,679,707,701,466,698,324,685,662,681,677,683,689,673,706,678,656,658,967,671,665,691,696,655,710,709,672,712,670,664,202,675,970,666,688,703,690,694,705,687,695,693,230,972,692],"class_list":{"0":"post-2079","1":"product","2":"type-product","3":"status-publish","4":"has-post-thumbnail","6":"product_cat-nouveautes","7":"product_cat-poesie-image","8":"product_tag-714","9":"product_tag-alexina-duchamp","10":"product_tag-allen-ginsberg","11":"product_tag-andrew-culver","12":"product_tag-anne-gillis","13":"product_tag-annette-schlunz-et-mathias-roth","14":"product_tag-antonia-rigaud","15":"product_tag-art-contemporain-lettrisme","16":"product_tag-bernard-heidsieck","17":"product_tag-charles-amirkhanian","18":"product_tag-christophe-marchand-kiss","19":"product_tag-claude-lefebvre","20":"product_tag-daniel-charles","21":"product_tag-daniel-euge","22":"product_tag-daniel-humair","23":"product_tag-david-moss","24":"product_tag-dieter-schebel","25":"product_tag-dino","26":"product_tag-emanuel-dimas-de-melo-pimenta","27":"product_tag-eric-de-visscher","28":"product_tag-fluxus","29":"product_tag-francis-schwartz","30":"product_tag-frederic-pauchot","31":"product_tag-gabriele-bonomo","32":"product_tag-iegor-reznikoff","33":"product_tag-inge-borg-lefebvre","34":"product_tag-iris-tenge","35":"product_tag-jacques-depierre","36":"product_tag-jean-christophe-feldhander","37":"product_tag-jean-louis-houchard","38":"product_tag-jean-michel-marchetti","39":"product_tag-jean-pierre-bobillot","40":"product_tag-jean-pierre-espil","41":"product_tag-jean-yves-bosseur","42":"product_tag-joan-la-barbara","43":"product_tag-joelle-leandre","44":"product_tag-johanne-rivest","45":"product_tag-john-giorno","46":"product_tag-julien-blaine-et-jean-jacques-lebel","47":"product_tag-jung-wha-jung","48":"product_tag-larry-polansky","49":"product_tag-laura-kuhn","50":"product_tag-le-quan-ninh","51":"product_tag-livre-dartiste","52":"product_tag-marc-froment-meurice","53":"product_tag-marie-noelle-brun","54":"product_tag-mark-sutherland","55":"product_tag-martin-erdmann","56":"product_tag-max-eastley","57":"product_tag-michael-bach-bachtischa","58":"product_tag-michael-pugliesi","59":"product_tag-michele-porzio","60":"product_tag-musique-contemporaine","61":"product_tag-nadane-j-theriault","62":"product_tag-pierre-courtaud","63":"product_tag-poesie-sonore","64":"product_tag-rene-fabaret","65":"product_tag-richard-meier","66":"product_tag-roberto-barbanti","67":"product_tag-roger-euriot","68":"product_tag-roland-chopard","69":"product_tag-roland-dahinden","70":"product_tag-sandrine-gironde","71":"product_tag-soum-gul-kim","72":"product_tag-stephane-lempereur","73":"product_tag-takehisa-kosugi","74":"product_tag-ulrike-kasper","75":"product_tag-voix-editions","76":"product_tag-voix-editions-richard-meier","77":"product_tag-yasunao-tone","79":"first","80":"instock","81":"shipping-taxable","82":"purchasable","83":"product-type-simple"},"_links":{"self":[{"href":"https:\/\/www.voixeditions.com\/index.php?rest_route=\/wp\/v2\/product\/2079","targetHints":{"allow":["GET"]}}],"collection":[{"href":"https:\/\/www.voixeditions.com\/index.php?rest_route=\/wp\/v2\/product"}],"about":[{"href":"https:\/\/www.voixeditions.com\/index.php?rest_route=\/wp\/v2\/types\/product"}],"wp:featuredmedia":[{"embeddable":true,"href":"https:\/\/www.voixeditions.com\/index.php?rest_route=\/wp\/v2\/media\/2085"}],"wp:attachment":[{"href":"https:\/\/www.voixeditions.com\/index.php?rest_route=%2Fwp%2Fv2%2Fmedia&parent=2079"}],"wp:term":[{"taxonomy":"product_brand","embeddable":true,"href":"https:\/\/www.voixeditions.com\/index.php?rest_route=%2Fwp%2Fv2%2Fproduct_brand&post=2079"},{"taxonomy":"product_cat","embeddable":true,"href":"https:\/\/www.voixeditions.com\/index.php?rest_route=%2Fwp%2Fv2%2Fproduct_cat&post=2079"},{"taxonomy":"product_tag","embeddable":true,"href":"https:\/\/www.voixeditions.com\/index.php?rest_route=%2Fwp%2Fv2%2Fproduct_tag&post=2079"}],"curies":[{"name":"wp","href":"https:\/\/api.w.org\/{rel}","templated":true}]}}