{"id":1995,"date":"2014-03-06T10:20:28","date_gmt":"2014-03-06T09:20:28","guid":{"rendered":"http:\/\/www.voixeditions.com\/newsite\/?post_type=product&#038;p=1995"},"modified":"2014-06-25T15:28:50","modified_gmt":"2014-06-25T14:28:50","slug":"darocha-luis-3","status":"publish","type":"product","link":"https:\/\/www.voixeditions.com\/?product=darocha-luis-3","title":{"rendered":"DAROCHA Luis"},"content":{"rendered":"","protected":false},"excerpt":{"rendered":"<p>\u00ab\u00a0Etangs, ruisseaux, portes natures, r\u00e9cr\u00e9ations, tapis volants, a\u00eetres&#8230;tout cela comme en sous-titre.\u00a0\u00bb<\/p>\n","protected":false},"featured_media":1993,"template":"","meta":[],"product_brand":[],"product_cat":[30],"product_tag":[963,66,552,109,114,139,967,554,461,968,553,230,972],"class_list":{"0":"post-1995","1":"product","2":"type-product","3":"status-publish","4":"has-post-thumbnail","6":"product_cat-4_voir-comme-on-pense","7":"product_tag-artiste","8":"product_tag-beaux-arts","9":"product_tag-darocha-luis","10":"product_tag-dessin","11":"product_tag-editions","12":"product_tag-illustration","13":"product_tag-livre-dartiste","14":"product_tag-milky-way","15":"product_tag-nature","16":"product_tag-peinture","17":"product_tag-voie-lactee","18":"product_tag-voix-editions","19":"product_tag-voix-editions-richard-meier","21":"first","22":"instock","23":"shipping-taxable","24":"purchasable","25":"product-type-simple"},"_links":{"self":[{"href":"https:\/\/www.voixeditions.com\/index.php?rest_route=\/wp\/v2\/product\/1995","targetHints":{"allow":["GET"]}}],"collection":[{"href":"https:\/\/www.voixeditions.com\/index.php?rest_route=\/wp\/v2\/product"}],"about":[{"href":"https:\/\/www.voixeditions.com\/index.php?rest_route=\/wp\/v2\/types\/product"}],"wp:featuredmedia":[{"embeddable":true,"href":"https:\/\/www.voixeditions.com\/index.php?rest_route=\/wp\/v2\/media\/1993"}],"wp:attachment":[{"href":"https:\/\/www.voixeditions.com\/index.php?rest_route=%2Fwp%2Fv2%2Fmedia&parent=1995"}],"wp:term":[{"taxonomy":"product_brand","embeddable":true,"href":"https:\/\/www.voixeditions.com\/index.php?rest_route=%2Fwp%2Fv2%2Fproduct_brand&post=1995"},{"taxonomy":"product_cat","embeddable":true,"href":"https:\/\/www.voixeditions.com\/index.php?rest_route=%2Fwp%2Fv2%2Fproduct_cat&post=1995"},{"taxonomy":"product_tag","embeddable":true,"href":"https:\/\/www.voixeditions.com\/index.php?rest_route=%2Fwp%2Fv2%2Fproduct_tag&post=1995"}],"curies":[{"name":"wp","href":"https:\/\/api.w.org\/{rel}","templated":true}]}}