{"id":1975,"date":"2014-03-06T09:54:35","date_gmt":"2014-03-06T08:54:35","guid":{"rendered":"http:\/\/www.voixeditions.com\/newsite\/?post_type=product&#038;p=1975"},"modified":"2023-07-04T10:38:59","modified_gmt":"2023-07-04T09:38:59","slug":"mouton-joseph","status":"publish","type":"product","link":"https:\/\/www.voixeditions.com\/?product=mouton-joseph","title":{"rendered":"MOUTON Joseph"},"content":{"rendered":"","protected":false},"excerpt":{"rendered":"<p><strong>\u00ab\u00a0Le projet Sombr&rsquo;H\u00e9ros\u00a0\u00bb &#8211; Ramon <\/strong>&#8211; 2005<br \/>\n352 pages<br \/>\nTravail graphique Dominique Figarella<br \/>\nSigature Palais de Tokyo<\/p>\n<p>Le PROJET SOMBR&rsquo; HE\u0301ROS est d&rsquo;abord le journal d&rsquo;un e\u0301crivain qui s&rsquo;attelle a\u0300 l&rsquo;e\u0301criture d&rsquo;un certain Projet Sombr&rsquo; He\u0301ros dont il ne sait rien de positif, mais qui na\u00eet en tout cas d&rsquo;une crise litte\u0301raire: le sentiment nouveau et soudain que LA LANGUE EST VIEILLE, si bien que cette vieillesse de\u0301termine notre he\u0301ros (id est l&rsquo;e\u0301crivain; id est Joseph Mouton) a\u0300 une mission obscure par certains co\u0302te\u0301s (faut-il trouver des phrases qui re\u0301mune\u0301reraient la vieillesse de la langue ou au contraire re\u0301colter celles qui l&rsquo;accuseraient le mieux?), sombre par d&rsquo;autres (car cette t\u00e2che qui tombe brus- quement sur les e\u0301paules du he\u0301ros ainsi qu&rsquo;un impromptu poncho ne va pas sans quelque amertume me\u0301lancolique ni sans cette noirceur d&rsquo;a\u0302me pre\u0301sidant ordinairement aux vengeances (en effet, notre he\u0301ros s&#8217;emploiera a\u0300 nous venger du vieillissement qu'\u00a0\u00bbils\u00a0\u00bb ont fait subir a\u0300 la langue; c&rsquo;est dire qu&rsquo;il est parano\u00efaque) et poe\u0301tique de bout en bout, suppose\u0301 que l&rsquo;on appelle poe\u0301sie tout ce qui s&rsquo;inquie\u0300te EN FACE DE la vieillesse de la langue ou veut, par Hercule! la nettoyer comme les e\u0301curies d&rsquo;Augias. Voici donc le lecteur convie\u0301 a\u0300 suivre le he\u0301ros (qui, de par ses origines mexicaines, pourrait bien apre\u0300s tout s&rsquo;ap- peler Ramon) dans ses aventures parfois picaresques (tel est le ramonesque, oui, de l&rsquo;entreprise: son prosa\u00efsme proprement comique), dans ses gammes (exercices, mace\u0301ra- tions, logiciels bricole\u0301s a\u0300 la main, de\u0301fis, f(r)ictions, travaux de recul, etc.), dans ses affres, ses e\u0301checs, ses doutes, ses victoires, ses embarde\u0301es comme ses de\u0301rapages aux points de suspension&#8230; Pour que le lecteur s&rsquo;y retrouve, l&rsquo;auteur a dispose\u0301 au long de ses tribulations des notes qui tanto\u0302t en e\u0301clairent le contexte ou l&rsquo;enjeu, tan- t\u00f4t leur prodiguent des comple\u0301ments utiles ou des prolongements; il a aussi recouru a\u0300 l&rsquo;amitie\u0301 du peintre Dominique Figarella, dont la mise en page fide\u0300le et savante, constitue une ve\u0301ritable lecture du PROJET SOMBR&rsquo; HE\u0301ROS.<\/p>\n<p>Le projet de Joseph Mouton entrelace narrations, attitudes et r\u00e9flexions tour \u00e0 tour tragiques, percutantes, hilarantes, son \u00e9criture y adopte des variations incessantes. Un ensemble de motifs, de vignettes et de moments qui se succ\u00e8dent, s\u2019accumulent, disparaissent, nous jouent des tours et font retour&#8230;<\/p>\n<p>\u00ab\u00a0<i>Le projet Sombr\u2019H\u00e9ros<\/i> n\u2019est pas un roman, c\u2019est un Ramon. De ce que le h\u00e9ros s\u2019y nomme Ramon, il s\u2019ensuit qu\u2019un Ramon se ram\u00e8ne litt\u00e9rairement \u00e0 l\u2019h\u00e9ro\u00efsme le plus maigre\u00a0: pas de seconds couteaux, pas de bons indiens, juste MOI et ces putains de cactus. Pour les d\u00e9cors en effet, on a pris la vieillesse de la langue. C\u2019est sombre. \u00c7a va barder.\u00a0\u00bb<\/p>\n","protected":false},"featured_media":1978,"template":"","meta":[],"product_brand":[],"product_cat":[934],"product_tag":[963,58,544,114,546,310,139,543,966,967,545,970,971,230,972],"class_list":{"0":"post-1975","1":"product","2":"type-product","3":"status-publish","4":"has-post-thumbnail","6":"product_cat-poesie-image","7":"product_tag-artiste","8":"product_tag-auteur","9":"product_tag-dominique-figarella","10":"product_tag-editions","11":"product_tag-graphiste","12":"product_tag-hypergraphie","13":"product_tag-illustration","14":"product_tag-joseph-mouton","15":"product_tag-livre","16":"product_tag-livre-dartiste","17":"product_tag-palais-de-tokyo","18":"product_tag-richard-meier","19":"product_tag-texte","20":"product_tag-voix-editions","21":"product_tag-voix-editions-richard-meier","23":"first","24":"instock","25":"shipping-taxable","26":"purchasable","27":"product-type-simple"},"_links":{"self":[{"href":"https:\/\/www.voixeditions.com\/index.php?rest_route=\/wp\/v2\/product\/1975","targetHints":{"allow":["GET"]}}],"collection":[{"href":"https:\/\/www.voixeditions.com\/index.php?rest_route=\/wp\/v2\/product"}],"about":[{"href":"https:\/\/www.voixeditions.com\/index.php?rest_route=\/wp\/v2\/types\/product"}],"wp:featuredmedia":[{"embeddable":true,"href":"https:\/\/www.voixeditions.com\/index.php?rest_route=\/wp\/v2\/media\/1978"}],"wp:attachment":[{"href":"https:\/\/www.voixeditions.com\/index.php?rest_route=%2Fwp%2Fv2%2Fmedia&parent=1975"}],"wp:term":[{"taxonomy":"product_brand","embeddable":true,"href":"https:\/\/www.voixeditions.com\/index.php?rest_route=%2Fwp%2Fv2%2Fproduct_brand&post=1975"},{"taxonomy":"product_cat","embeddable":true,"href":"https:\/\/www.voixeditions.com\/index.php?rest_route=%2Fwp%2Fv2%2Fproduct_cat&post=1975"},{"taxonomy":"product_tag","embeddable":true,"href":"https:\/\/www.voixeditions.com\/index.php?rest_route=%2Fwp%2Fv2%2Fproduct_tag&post=1975"}],"curies":[{"name":"wp","href":"https:\/\/api.w.org\/{rel}","templated":true}]}}