{"id":1917,"date":"2014-03-05T16:49:12","date_gmt":"2014-03-05T15:49:12","guid":{"rendered":"http:\/\/www.voixeditions.com\/newsite\/?post_type=product&#038;p=1917"},"modified":"2023-07-04T10:48:11","modified_gmt":"2023-07-04T09:48:11","slug":"chichorro-mario-3","status":"publish","type":"product","link":"https:\/\/www.voixeditions.com\/?product=chichorro-mario-3","title":{"rendered":"CHICHORRO Mario"},"content":{"rendered":"","protected":false},"excerpt":{"rendered":"<p>\u00ab\u00a0C&rsquo;est le pinceau qui parle\u00a0\u00bb &#8211; Livre II<br \/>\n\u00e9dit\u00e9 20 ans apr\u00e8s \u00ab\u00a0Dis au peintre de se taire\u00a0\u00bb<\/p>\n","protected":false},"featured_media":1920,"template":"","meta":[],"product_brand":[],"product_cat":[934],"product_tag":[963,66,450,109,114,966,967,521,968,970,971,230,972],"class_list":{"0":"post-1917","1":"product","2":"type-product","3":"status-publish","4":"has-post-thumbnail","6":"product_cat-poesie-image","7":"product_tag-artiste","8":"product_tag-beaux-arts","9":"product_tag-chichorro","10":"product_tag-dessin","11":"product_tag-editions","12":"product_tag-livre","13":"product_tag-livre-dartiste","14":"product_tag-mario-chichorro","15":"product_tag-peinture","16":"product_tag-richard-meier","17":"product_tag-texte","18":"product_tag-voix-editions","19":"product_tag-voix-editions-richard-meier","21":"first","22":"instock","23":"shipping-taxable","24":"purchasable","25":"product-type-simple"},"_links":{"self":[{"href":"https:\/\/www.voixeditions.com\/index.php?rest_route=\/wp\/v2\/product\/1917","targetHints":{"allow":["GET"]}}],"collection":[{"href":"https:\/\/www.voixeditions.com\/index.php?rest_route=\/wp\/v2\/product"}],"about":[{"href":"https:\/\/www.voixeditions.com\/index.php?rest_route=\/wp\/v2\/types\/product"}],"wp:featuredmedia":[{"embeddable":true,"href":"https:\/\/www.voixeditions.com\/index.php?rest_route=\/wp\/v2\/media\/1920"}],"wp:attachment":[{"href":"https:\/\/www.voixeditions.com\/index.php?rest_route=%2Fwp%2Fv2%2Fmedia&parent=1917"}],"wp:term":[{"taxonomy":"product_brand","embeddable":true,"href":"https:\/\/www.voixeditions.com\/index.php?rest_route=%2Fwp%2Fv2%2Fproduct_brand&post=1917"},{"taxonomy":"product_cat","embeddable":true,"href":"https:\/\/www.voixeditions.com\/index.php?rest_route=%2Fwp%2Fv2%2Fproduct_cat&post=1917"},{"taxonomy":"product_tag","embeddable":true,"href":"https:\/\/www.voixeditions.com\/index.php?rest_route=%2Fwp%2Fv2%2Fproduct_tag&post=1917"}],"curies":[{"name":"wp","href":"https:\/\/api.w.org\/{rel}","templated":true}]}}