{"id":1865,"date":"2014-03-05T14:55:31","date_gmt":"2014-03-05T13:55:31","guid":{"rendered":"http:\/\/www.voixeditions.com\/newsite\/?post_type=product&#038;p=1865"},"modified":"2014-03-05T14:55:31","modified_gmt":"2014-03-05T13:55:31","slug":"demarxq-jacques","status":"publish","type":"product","link":"https:\/\/www.voixeditions.com\/?product=demarxq-jacques","title":{"rendered":"DEMARXQ Jacques"},"content":{"rendered":"","protected":false},"excerpt":{"rendered":"<p>\u00ab\u00a0Rimbaud X9\u00a0\u00bb &#8211; 2005<br \/>\n112 pages<br \/>\nExtrait :<br \/>\nEffront\u00e9 ignorant les fronti\u00e8res, jamais l\u2019oiseau ne s\u2019embarrasse de tradition, d\u2019histoire, ou de d\u00e9cor. Pour autant, il ne vit pas impr\u00e9cis\u00e9ment dans les nuages. \u00c0 la taille primordiale du d\u00e9tail, sa r\u00e9alit\u00e9. Son nid ? Bricol\u00e9 de broutilles, humaines ou naturelles : brins d\u2019herbe, brindilles, bouts de ficelle. Sa vision ? Pragmatique, m\u00eame \u00e0 des hauteurs panoramiques. Au ciel, il glisse ; mais s\u2019accoupler, becter, chanter, qui forment son abc, ne sont pas gestes en l\u2019air. Quand il se perche, importe moins l\u2019arbre ou le toit dans son paysage que la b\u00fbche \u00e0 \u00e9viter contre cette branche-l\u00e0, ce coin exact. C\u2019est compliqu\u00e9 une maison, d\u2019un tarabiscot\u00e9 les frondaisons. Faut cibler juste, prendre ses marques, poser signes et jalons, rep\u00e9rer l\u2019angle. Sa proverbiale petite cervelle lui sert \u00e0 \u00e7a : simplifier, c\u2019est-\u00e0-dire d\u00e9nuder. Jusqu\u2019\u00e0 la g\u00e9om\u00e9trie au besoin : <em>bouitt tkatt tkatt<\/em>, mesure le traquet motteux. On ne d\u00e9colle qu\u2019\u00e0 ce compte : abstraire l\u2019espace du labyrinthe enchev\u00eatr\u00e9 de ses racines, mythes, r\u00eaves, explications, discours. D\u00e9dale architecte a r\u00e9ussi ; Icare a fondu au soleil \u00e0 fol\u00e2trer dans les nuages.<\/p>\n","protected":false},"featured_media":1866,"template":"","meta":[],"product_brand":[],"product_cat":[34],"product_tag":[27,58,114,336,966,169,203,970,971,491,226,230,972],"class_list":{"0":"post-1865","1":"product","2":"type-product","3":"status-publish","4":"has-post-thumbnail","6":"product_cat-5_vents-contraires","7":"product_tag-alain-helissen","8":"product_tag-auteur","9":"product_tag-editions","10":"product_tag-jacques-demarcq","11":"product_tag-livre","12":"product_tag-metz","13":"product_tag-poete","14":"product_tag-richard-meier","15":"product_tag-texte","16":"product_tag-textes","17":"product_tag-vents-contraires","18":"product_tag-voix-editions","19":"product_tag-voix-editions-richard-meier","21":"first","22":"instock","23":"shipping-taxable","24":"purchasable","25":"product-type-simple"},"_links":{"self":[{"href":"https:\/\/www.voixeditions.com\/index.php?rest_route=\/wp\/v2\/product\/1865","targetHints":{"allow":["GET"]}}],"collection":[{"href":"https:\/\/www.voixeditions.com\/index.php?rest_route=\/wp\/v2\/product"}],"about":[{"href":"https:\/\/www.voixeditions.com\/index.php?rest_route=\/wp\/v2\/types\/product"}],"wp:featuredmedia":[{"embeddable":true,"href":"https:\/\/www.voixeditions.com\/index.php?rest_route=\/wp\/v2\/media\/1866"}],"wp:attachment":[{"href":"https:\/\/www.voixeditions.com\/index.php?rest_route=%2Fwp%2Fv2%2Fmedia&parent=1865"}],"wp:term":[{"taxonomy":"product_brand","embeddable":true,"href":"https:\/\/www.voixeditions.com\/index.php?rest_route=%2Fwp%2Fv2%2Fproduct_brand&post=1865"},{"taxonomy":"product_cat","embeddable":true,"href":"https:\/\/www.voixeditions.com\/index.php?rest_route=%2Fwp%2Fv2%2Fproduct_cat&post=1865"},{"taxonomy":"product_tag","embeddable":true,"href":"https:\/\/www.voixeditions.com\/index.php?rest_route=%2Fwp%2Fv2%2Fproduct_tag&post=1865"}],"curies":[{"name":"wp","href":"https:\/\/api.w.org\/{rel}","templated":true}]}}