{"id":1843,"date":"2014-03-05T14:15:13","date_gmt":"2014-03-05T13:15:13","guid":{"rendered":"http:\/\/www.voixeditions.com\/newsite\/?post_type=product&#038;p=1843"},"modified":"2014-03-05T16:56:05","modified_gmt":"2014-03-05T15:56:05","slug":"lucot-hubert","status":"publish","type":"product","link":"https:\/\/www.voixeditions.com\/?product=lucot-hubert","title":{"rendered":"LUCOT Hubert"},"content":{"rendered":"","protected":false},"excerpt":{"rendered":"<p>\u00ab\u00a0Pour plus de libert\u00e9 encore\u00a0\u00bb &#8211; 2000<br \/>\n132 pages<\/p>\n<div>S\u00e9ance 124<\/div>\n<p><strong>Proposition d\u2019\u00e9criture\u00a0:<\/strong><\/p>\n<p>\u00c9tablir une liste d\u2019aphorismes entre slogan politique et maxime po\u00e9tique, \u00e0 partir de collages de textes aux provenances vari\u00e9es, manchettes de journaux et annonces publicitaires d\u00e9tourn\u00e9s.<\/p>\n<p><strong> <i>Pour plus de libert\u00e9 encore\u00a0: slogans hyperlib\u00e9ralistes<\/i>, Hubert Lucot, Voix \u00e9ditions, 2000. <\/strong><\/p>\n<p><strong>Pr\u00e9sentation du texte\u00a0:<\/strong><\/p>\n<p>Sensible, depuis des d\u00e9cennies, \u00e0 la po\u00e9sie publicitaire (\u00ab\u00a0Sur nos plages, le nombril se porte haut cette ann\u00e9e\u00a0\u00bb) et \u00e0 la sagesse des m\u00e9dias, effar\u00e9 que l\u2019amour de la libert\u00e9 et la passion du dynamismes entrent difficilement dans nos m\u0153urs ou s\u2019arr\u00eatent en chemin (\u00ab\u00a0Nous cr\u00e8verons tous la gueule ferm\u00e9e pour ne pas respirer la pollution\u00a0\u00bb), Hubert Lucot se pla\u00eet \u00e0 marteler les slogans hyperlib\u00e9ralistes de notre pr\u00e9sent et, esp\u00e8re-t-il, de notre avenir. En l\u2019an 2000, il a r\u00e9uni 830 maximes, manchettes, slogans et autres v\u00e9rit\u00e9s dans Pour plus de libert\u00e9 encore. Cette \u0153uvre traite de la mondialisation, avec fureur et d\u00e9lectation\u00a0: \u00ab\u00a0Portez toujours des gants. M\u00eame chez vous. Ne laissez nulle part vos empreintes. Effacez-vous\u00a0\u00bb<\/p>\n","protected":false},"featured_media":1930,"template":"","meta":[],"product_brand":[],"product_cat":[34],"product_tag":[58,114,325,467,966,967,469,470,203,970,468,971,226,230,972],"class_list":{"0":"post-1843","1":"product","2":"type-product","3":"status-publish","4":"has-post-thumbnail","6":"product_cat-5_vents-contraires","7":"product_tag-auteur","8":"product_tag-editions","9":"product_tag-hubert-lucot","10":"product_tag-hyperliberaliste","11":"product_tag-livre","12":"product_tag-livre-dartiste","13":"product_tag-mondialisation","14":"product_tag-poesie-publicitaire","15":"product_tag-poete","16":"product_tag-richard-meier","17":"product_tag-slogan","18":"product_tag-texte","19":"product_tag-vents-contraires","20":"product_tag-voix-editions","21":"product_tag-voix-editions-richard-meier","23":"first","24":"instock","25":"shipping-taxable","26":"purchasable","27":"product-type-simple"},"_links":{"self":[{"href":"https:\/\/www.voixeditions.com\/index.php?rest_route=\/wp\/v2\/product\/1843","targetHints":{"allow":["GET"]}}],"collection":[{"href":"https:\/\/www.voixeditions.com\/index.php?rest_route=\/wp\/v2\/product"}],"about":[{"href":"https:\/\/www.voixeditions.com\/index.php?rest_route=\/wp\/v2\/types\/product"}],"wp:featuredmedia":[{"embeddable":true,"href":"https:\/\/www.voixeditions.com\/index.php?rest_route=\/wp\/v2\/media\/1930"}],"wp:attachment":[{"href":"https:\/\/www.voixeditions.com\/index.php?rest_route=%2Fwp%2Fv2%2Fmedia&parent=1843"}],"wp:term":[{"taxonomy":"product_brand","embeddable":true,"href":"https:\/\/www.voixeditions.com\/index.php?rest_route=%2Fwp%2Fv2%2Fproduct_brand&post=1843"},{"taxonomy":"product_cat","embeddable":true,"href":"https:\/\/www.voixeditions.com\/index.php?rest_route=%2Fwp%2Fv2%2Fproduct_cat&post=1843"},{"taxonomy":"product_tag","embeddable":true,"href":"https:\/\/www.voixeditions.com\/index.php?rest_route=%2Fwp%2Fv2%2Fproduct_tag&post=1843"}],"curies":[{"name":"wp","href":"https:\/\/api.w.org\/{rel}","templated":true}]}}