{"id":1765,"date":"2014-03-03T15:21:50","date_gmt":"2014-03-03T14:21:50","guid":{"rendered":"http:\/\/www.voixeditions.com\/newsite\/?post_type=product&#038;p=1765"},"modified":"2014-03-03T15:37:16","modified_gmt":"2014-03-03T14:37:16","slug":"butor-michel-vila-jean-louis","status":"publish","type":"product","link":"https:\/\/www.voixeditions.com\/?product=butor-michel-vila-jean-louis","title":{"rendered":"BUTOR Michel, VILA Jean-Louis"},"content":{"rendered":"","protected":false},"excerpt":{"rendered":"<p>\u00ab\u00a0\u00c9loge des crayons de couleurs\u00a0\u00bb &#8211; 2012<br \/>\n1 dessin original de Jean-Louis Vila. &#8211; \u00c9dition originale tir\u00e9e \u00e0 16 ex. num\u00e9rot\u00e9s et sign\u00e9s par l&rsquo;auteur Michel Butor et l&rsquo;artiste Jean-Louis Vila<\/p>\n","protected":false},"featured_media":1704,"template":"","meta":[],"product_brand":[],"product_cat":[28],"product_tag":[963,66,79,420,114,139,966,967,173,968,969,201,970,971,422,421,230,972],"class_list":{"0":"post-1765","1":"product","2":"type-product","3":"status-publish","4":"has-post-thumbnail","6":"product_cat-3_chantiers-du-temps","7":"product_tag-artiste","8":"product_tag-beaux-arts","9":"product_tag-butor","10":"product_tag-butor-michel","11":"product_tag-editions","12":"product_tag-illustration","13":"product_tag-livre","14":"product_tag-livre-dartiste","15":"product_tag-michel-butor","16":"product_tag-peinture","17":"product_tag-perpignan","18":"product_tag-poesie","19":"product_tag-richard-meier","20":"product_tag-texte","21":"product_tag-vila","22":"product_tag-vila-jean-louis","23":"product_tag-voix-editions","24":"product_tag-voix-editions-richard-meier","26":"first","27":"instock","28":"shipping-taxable","29":"purchasable","30":"product-type-simple"},"_links":{"self":[{"href":"https:\/\/www.voixeditions.com\/index.php?rest_route=\/wp\/v2\/product\/1765","targetHints":{"allow":["GET"]}}],"collection":[{"href":"https:\/\/www.voixeditions.com\/index.php?rest_route=\/wp\/v2\/product"}],"about":[{"href":"https:\/\/www.voixeditions.com\/index.php?rest_route=\/wp\/v2\/types\/product"}],"wp:featuredmedia":[{"embeddable":true,"href":"https:\/\/www.voixeditions.com\/index.php?rest_route=\/wp\/v2\/media\/1704"}],"wp:attachment":[{"href":"https:\/\/www.voixeditions.com\/index.php?rest_route=%2Fwp%2Fv2%2Fmedia&parent=1765"}],"wp:term":[{"taxonomy":"product_brand","embeddable":true,"href":"https:\/\/www.voixeditions.com\/index.php?rest_route=%2Fwp%2Fv2%2Fproduct_brand&post=1765"},{"taxonomy":"product_cat","embeddable":true,"href":"https:\/\/www.voixeditions.com\/index.php?rest_route=%2Fwp%2Fv2%2Fproduct_cat&post=1765"},{"taxonomy":"product_tag","embeddable":true,"href":"https:\/\/www.voixeditions.com\/index.php?rest_route=%2Fwp%2Fv2%2Fproduct_tag&post=1765"}],"curies":[{"name":"wp","href":"https:\/\/api.w.org\/{rel}","templated":true}]}}