{"id":1739,"date":"2014-03-03T14:17:01","date_gmt":"2014-03-03T13:17:01","guid":{"rendered":"http:\/\/www.voixeditions.com\/newsite\/?post_type=product&#038;p=1739"},"modified":"2014-03-03T15:41:34","modified_gmt":"2014-03-03T14:41:34","slug":"messagier-matthieu-2","status":"publish","type":"product","link":"https:\/\/www.voixeditions.com\/?product=messagier-matthieu-2","title":{"rendered":"MESSAGIER Matthieu"},"content":{"rendered":"","protected":false},"excerpt":{"rendered":"<p>\u00ab\u00a0l&rsquo;\u00c9p\u00e9e sans tr\u00eave\u00a0\u00bb12 exemplaires<\/p>\n","protected":false},"featured_media":1689,"template":"","meta":[],"product_brand":[],"product_cat":[28],"product_tag":[963,66,109,114,140,966,967,370,392,203,970,230,972],"class_list":{"0":"post-1739","1":"product","2":"type-product","3":"status-publish","4":"has-post-thumbnail","6":"product_cat-3_chantiers-du-temps","7":"product_tag-artiste","8":"product_tag-beaux-arts","9":"product_tag-dessin","10":"product_tag-editions","11":"product_tag-images-pre-texte","12":"product_tag-livre","13":"product_tag-livre-dartiste","14":"product_tag-matthieu-messagier","15":"product_tag-messagier-lepee-sans-treve","16":"product_tag-poete","17":"product_tag-richard-meier","18":"product_tag-voix-editions","19":"product_tag-voix-editions-richard-meier","21":"first","22":"instock","23":"shipping-taxable","24":"purchasable","25":"product-type-simple"},"_links":{"self":[{"href":"https:\/\/www.voixeditions.com\/index.php?rest_route=\/wp\/v2\/product\/1739","targetHints":{"allow":["GET"]}}],"collection":[{"href":"https:\/\/www.voixeditions.com\/index.php?rest_route=\/wp\/v2\/product"}],"about":[{"href":"https:\/\/www.voixeditions.com\/index.php?rest_route=\/wp\/v2\/types\/product"}],"wp:featuredmedia":[{"embeddable":true,"href":"https:\/\/www.voixeditions.com\/index.php?rest_route=\/wp\/v2\/media\/1689"}],"wp:attachment":[{"href":"https:\/\/www.voixeditions.com\/index.php?rest_route=%2Fwp%2Fv2%2Fmedia&parent=1739"}],"wp:term":[{"taxonomy":"product_brand","embeddable":true,"href":"https:\/\/www.voixeditions.com\/index.php?rest_route=%2Fwp%2Fv2%2Fproduct_brand&post=1739"},{"taxonomy":"product_cat","embeddable":true,"href":"https:\/\/www.voixeditions.com\/index.php?rest_route=%2Fwp%2Fv2%2Fproduct_cat&post=1739"},{"taxonomy":"product_tag","embeddable":true,"href":"https:\/\/www.voixeditions.com\/index.php?rest_route=%2Fwp%2Fv2%2Fproduct_tag&post=1739"}],"curies":[{"name":"wp","href":"https:\/\/api.w.org\/{rel}","templated":true}]}}