{"id":1490,"date":"2014-02-27T10:24:52","date_gmt":"2014-02-27T09:24:52","guid":{"rendered":"http:\/\/www.voixeditions.com\/newsite\/?post_type=product&#038;p=1490"},"modified":"2014-06-29T14:28:08","modified_gmt":"2014-06-29T13:28:08","slug":"pierre-tilman","status":"publish","type":"product","link":"https:\/\/www.voixeditions.com\/?product=pierre-tilman","title":{"rendered":"TILMAN Pierre"},"content":{"rendered":"","protected":false},"excerpt":{"rendered":"<p>Tout comme unique &#8211; 2000<br \/>\n\u00c9dit\u00e9 \u00e0 l&rsquo;occasion de l&rsquo;exposition de Pierre Tilman \u00e0 la Galerie des extravagances \/ Sc\u00e8ne nationale de Montb\u00e9liard du 1er d\u00e9cembre au 7 janvier 2001 et \u00e0 la M\u00e9diath\u00e8que la Durance de Cavaillon du 15 janvier au 8 mars 2001.<\/p>\n","protected":false},"featured_media":1497,"template":"","meta":[],"product_brand":[],"product_cat":[32],"product_tag":[302,963,66,109,114,115,965,301,136,139,140,966,967,169,969,199,201,970,971,300,230,972],"class_list":{"0":"post-1490","1":"product","2":"type-product","3":"status-publish","4":"has-post-thumbnail","6":"product_cat-1_poesie","7":"product_tag-art-contemporain","8":"product_tag-artiste","9":"product_tag-beaux-arts","10":"product_tag-dessin","11":"product_tag-editions","12":"product_tag-elne","13":"product_tag-fireboox","14":"product_tag-graphique","15":"product_tag-graphisme","16":"product_tag-illustration","17":"product_tag-images-pre-texte","18":"product_tag-livre","19":"product_tag-livre-dartiste","20":"product_tag-metz","21":"product_tag-perpignan","22":"product_tag-pierre-tilman","23":"product_tag-poesie","24":"product_tag-richard-meier","25":"product_tag-texte","26":"product_tag-tilman","27":"product_tag-voix-editions","28":"product_tag-voix-editions-richard-meier","30":"first","31":"instock","32":"shipping-taxable","33":"purchasable","34":"product-type-simple"},"_links":{"self":[{"href":"https:\/\/www.voixeditions.com\/index.php?rest_route=\/wp\/v2\/product\/1490","targetHints":{"allow":["GET"]}}],"collection":[{"href":"https:\/\/www.voixeditions.com\/index.php?rest_route=\/wp\/v2\/product"}],"about":[{"href":"https:\/\/www.voixeditions.com\/index.php?rest_route=\/wp\/v2\/types\/product"}],"wp:featuredmedia":[{"embeddable":true,"href":"https:\/\/www.voixeditions.com\/index.php?rest_route=\/wp\/v2\/media\/1497"}],"wp:attachment":[{"href":"https:\/\/www.voixeditions.com\/index.php?rest_route=%2Fwp%2Fv2%2Fmedia&parent=1490"}],"wp:term":[{"taxonomy":"product_brand","embeddable":true,"href":"https:\/\/www.voixeditions.com\/index.php?rest_route=%2Fwp%2Fv2%2Fproduct_brand&post=1490"},{"taxonomy":"product_cat","embeddable":true,"href":"https:\/\/www.voixeditions.com\/index.php?rest_route=%2Fwp%2Fv2%2Fproduct_cat&post=1490"},{"taxonomy":"product_tag","embeddable":true,"href":"https:\/\/www.voixeditions.com\/index.php?rest_route=%2Fwp%2Fv2%2Fproduct_tag&post=1490"}],"curies":[{"name":"wp","href":"https:\/\/api.w.org\/{rel}","templated":true}]}}