{"id":698,"date":"2013-06-18T15:29:06","date_gmt":"2013-06-18T14:29:06","guid":{"rendered":"http:\/\/www.voixeditions.com\/wordpress\/?post_type=product&#038;p=698"},"modified":"2019-10-03T13:36:07","modified_gmt":"2019-10-03T12:36:07","slug":"lascault-gilbert","status":"publish","type":"product","link":"http:\/\/www.voixeditions.com\/?product=lascault-gilbert","title":{"rendered":"LASCAULT Gilbert"},"content":{"rendered":"","protected":false},"excerpt":{"rendered":"<p>Il a \u00e9t\u00e9 tir\u00e9 \u00e0 l\u2019automne 1999 de <strong>Dons et textures <\/strong>pour Marcel Alocco<br \/>\nlogique et mythologie du cheveu<br \/>\n<strong>de Gilbert Lascault<\/strong><strong><br \/>\n<\/strong><\/p>\n<p>Ce texte a \u00e9t\u00e9 publi\u00e9 avec en annexe\u00a0 \u00ab\u00a0Extraits d\u2019un cahier d\u2019atelier (fiction)\u00a0\u00bb de <strong>M.Alocco<\/strong>\u00a0 par les \u00e9ditions <strong>Voix Richard Meier.<br \/>\n\u00a9 Gilbert Lascault\/Marcel Alocco\/Richard Meier<br \/>\n<\/strong><strong><br \/>\n<\/strong><\/p>\n","protected":false},"featured_media":1504,"template":"","meta":[],"product_brand":[],"product_cat":[32],"product_tag":[256,40,109,114,115,965,134,139,140,152,966,967,257,258,201,203,970,971,225,230,972],"class_list":{"0":"post-698","1":"product","2":"type-product","3":"status-publish","4":"has-post-thumbnail","6":"product_cat-1_poesie","7":"product_tag-alloco","8":"product_tag-alocco","9":"product_tag-dessin","10":"product_tag-editions","11":"product_tag-elne","12":"product_tag-fireboox","13":"product_tag-gilbert-lascault","14":"product_tag-illustration","15":"product_tag-images-pre-texte","16":"product_tag-le-poete","17":"product_tag-livre","18":"product_tag-livre-dartiste","19":"product_tag-marcel-alloco","20":"product_tag-marcel-alocco","21":"product_tag-poesie","22":"product_tag-poete","23":"product_tag-richard-meier","24":"product_tag-texte","25":"product_tag-vente","26":"product_tag-voix-editions","27":"product_tag-voix-editions-richard-meier","29":"first","30":"instock","31":"shipping-taxable","32":"purchasable","33":"product-type-simple"},"_links":{"self":[{"href":"http:\/\/www.voixeditions.com\/index.php?rest_route=\/wp\/v2\/product\/698","targetHints":{"allow":["GET"]}}],"collection":[{"href":"http:\/\/www.voixeditions.com\/index.php?rest_route=\/wp\/v2\/product"}],"about":[{"href":"http:\/\/www.voixeditions.com\/index.php?rest_route=\/wp\/v2\/types\/product"}],"wp:featuredmedia":[{"embeddable":true,"href":"http:\/\/www.voixeditions.com\/index.php?rest_route=\/wp\/v2\/media\/1504"}],"wp:attachment":[{"href":"http:\/\/www.voixeditions.com\/index.php?rest_route=%2Fwp%2Fv2%2Fmedia&parent=698"}],"wp:term":[{"taxonomy":"product_brand","embeddable":true,"href":"http:\/\/www.voixeditions.com\/index.php?rest_route=%2Fwp%2Fv2%2Fproduct_brand&post=698"},{"taxonomy":"product_cat","embeddable":true,"href":"http:\/\/www.voixeditions.com\/index.php?rest_route=%2Fwp%2Fv2%2Fproduct_cat&post=698"},{"taxonomy":"product_tag","embeddable":true,"href":"http:\/\/www.voixeditions.com\/index.php?rest_route=%2Fwp%2Fv2%2Fproduct_tag&post=698"}],"curies":[{"name":"wp","href":"https:\/\/api.w.org\/{rel}","templated":true}]}}