{"id":672,"date":"2013-06-13T15:51:00","date_gmt":"2013-06-13T14:51:00","guid":{"rendered":"http:\/\/www.voixeditions.com\/wordpress\/?post_type=product&#038;p=672"},"modified":"2023-07-04T10:45:07","modified_gmt":"2023-07-04T09:45:07","slug":"richard-francois","status":"publish","type":"product","link":"http:\/\/www.voixeditions.com\/?product=richard-francois","title":{"rendered":"RICHARD Fran\u00e7ois"},"content":{"rendered":"","protected":false},"excerpt":{"rendered":"<p>\u00ab\u00a0Vie sans mort\u00a0\u00bb<br \/>\n2003<\/p>\n<p>\u00abC\u2019est un livre \u00e0 vif. C\u2019est l\u00e0 un chantier d\u2019\u00e9criture d\u2019une extr\u00eame densit\u00e9, semblable \u00e0 celui d\u2019un mineur de fond. [\u2026] Oui, seuls les mots peuvent pr\u00e9tendre \u00e0 l\u2019absolu. C\u2019est en tout cas le d\u00e9fi que leur lance cet \u00e9crivain d\u2019envergure.\u00bb<\/p>\n<p>&nbsp;<\/p>\n<p>Alain Helissen<\/p>\n","protected":false},"featured_media":673,"template":"","meta":[],"product_brand":[],"product_cat":[934],"product_tag":[66,114,254,966,967,169,255,970,971,230,972],"class_list":{"0":"post-672","1":"product","2":"type-product","3":"status-publish","4":"has-post-thumbnail","6":"product_cat-poesie-image","7":"product_tag-beaux-arts","8":"product_tag-editions","9":"product_tag-francois-richard","10":"product_tag-livre","11":"product_tag-livre-dartiste","12":"product_tag-metz","13":"product_tag-richard-francois","14":"product_tag-richard-meier","15":"product_tag-texte","16":"product_tag-voix-editions","17":"product_tag-voix-editions-richard-meier","19":"first","20":"instock","21":"shipping-taxable","22":"purchasable","23":"product-type-simple"},"_links":{"self":[{"href":"http:\/\/www.voixeditions.com\/index.php?rest_route=\/wp\/v2\/product\/672","targetHints":{"allow":["GET"]}}],"collection":[{"href":"http:\/\/www.voixeditions.com\/index.php?rest_route=\/wp\/v2\/product"}],"about":[{"href":"http:\/\/www.voixeditions.com\/index.php?rest_route=\/wp\/v2\/types\/product"}],"wp:featuredmedia":[{"embeddable":true,"href":"http:\/\/www.voixeditions.com\/index.php?rest_route=\/wp\/v2\/media\/673"}],"wp:attachment":[{"href":"http:\/\/www.voixeditions.com\/index.php?rest_route=%2Fwp%2Fv2%2Fmedia&parent=672"}],"wp:term":[{"taxonomy":"product_brand","embeddable":true,"href":"http:\/\/www.voixeditions.com\/index.php?rest_route=%2Fwp%2Fv2%2Fproduct_brand&post=672"},{"taxonomy":"product_cat","embeddable":true,"href":"http:\/\/www.voixeditions.com\/index.php?rest_route=%2Fwp%2Fv2%2Fproduct_cat&post=672"},{"taxonomy":"product_tag","embeddable":true,"href":"http:\/\/www.voixeditions.com\/index.php?rest_route=%2Fwp%2Fv2%2Fproduct_tag&post=672"}],"curies":[{"name":"wp","href":"https:\/\/api.w.org\/{rel}","templated":true}]}}