{"id":647,"date":"2013-06-13T13:49:30","date_gmt":"2013-06-13T12:49:30","guid":{"rendered":"http:\/\/www.voixeditions.com\/wordpress\/?post_type=product&#038;p=647"},"modified":"2023-07-04T10:44:24","modified_gmt":"2023-07-04T09:44:24","slug":"deguelle-anne-dobbels-daniel","status":"publish","type":"product","link":"http:\/\/www.voixeditions.com\/?product=deguelle-anne-dobbels-daniel","title":{"rendered":"DEGUELLE Anne, DOBBELS Daniel"},"content":{"rendered":"","protected":false},"excerpt":{"rendered":"<p>\u00ab\u00a0Carceri d&rsquo;invenzione\u00a0\u00bb &#8211; 1992<\/p>\n<div id=\"tronque4\">\n<p>Ouvrage inspir\u00e9 par les prisons de Piran\u00e8se, expos\u00e9es au Mus\u00e9e de La Haye.<br \/>\nTirage limit\u00e9 \u00e0 180 ex. sign\u00e9s et num\u00e9rot\u00e9s par les auteurs ; les premiers ex. sont num\u00e9rot\u00e9s de I \u00e0 XX et sont orn\u00e9s d&rsquo;un palimpseste des auteurs.<br \/>\nphotos et alugraphies de Anne Deguelle ; texte de Daniel Dobbels<\/p>\n<p><a href=\"http:\/\/www.centrepompidou.fr\/cpv\/ressource.action;jsessionid=223F6AC8C331B62EFE554624C00C6130?param.id=id&amp;param.idSource=FR_DO-7b537e73c76549b77309c4a8ca43116\" target=\"_blank\" rel=\"noopener\">http:\/\/www.centrepompidou.fr<\/a><\/p>\n<\/div>\n","protected":false},"featured_media":1671,"template":"","meta":[],"product_brand":[],"product_cat":[934],"product_tag":[45,66,265,103,109,114,115,965,139,966,967,968,969,201,203,970,971,225,230,972],"class_list":{"0":"post-647","1":"product","2":"type-product","3":"status-publish","4":"has-post-thumbnail","6":"product_cat-poesie-image","7":"product_tag-anne-deguelle","8":"product_tag-beaux-arts","9":"product_tag-carceri-dinvenzione","10":"product_tag-daniel-dobbels","11":"product_tag-dessin","12":"product_tag-editions","13":"product_tag-elne","14":"product_tag-fireboox","15":"product_tag-illustration","16":"product_tag-livre","17":"product_tag-livre-dartiste","18":"product_tag-peinture","19":"product_tag-perpignan","20":"product_tag-poesie","21":"product_tag-poete","22":"product_tag-richard-meier","23":"product_tag-texte","24":"product_tag-vente","25":"product_tag-voix-editions","26":"product_tag-voix-editions-richard-meier","28":"first","29":"instock","30":"shipping-taxable","31":"purchasable","32":"product-type-simple"},"_links":{"self":[{"href":"http:\/\/www.voixeditions.com\/index.php?rest_route=\/wp\/v2\/product\/647","targetHints":{"allow":["GET"]}}],"collection":[{"href":"http:\/\/www.voixeditions.com\/index.php?rest_route=\/wp\/v2\/product"}],"about":[{"href":"http:\/\/www.voixeditions.com\/index.php?rest_route=\/wp\/v2\/types\/product"}],"wp:featuredmedia":[{"embeddable":true,"href":"http:\/\/www.voixeditions.com\/index.php?rest_route=\/wp\/v2\/media\/1671"}],"wp:attachment":[{"href":"http:\/\/www.voixeditions.com\/index.php?rest_route=%2Fwp%2Fv2%2Fmedia&parent=647"}],"wp:term":[{"taxonomy":"product_brand","embeddable":true,"href":"http:\/\/www.voixeditions.com\/index.php?rest_route=%2Fwp%2Fv2%2Fproduct_brand&post=647"},{"taxonomy":"product_cat","embeddable":true,"href":"http:\/\/www.voixeditions.com\/index.php?rest_route=%2Fwp%2Fv2%2Fproduct_cat&post=647"},{"taxonomy":"product_tag","embeddable":true,"href":"http:\/\/www.voixeditions.com\/index.php?rest_route=%2Fwp%2Fv2%2Fproduct_tag&post=647"}],"curies":[{"name":"wp","href":"https:\/\/api.w.org\/{rel}","templated":true}]}}