{"id":510,"date":"2013-02-15T08:19:10","date_gmt":"2013-02-15T07:19:10","guid":{"rendered":"http:\/\/www.voixeditions.com\/wordpress\/?post_type=product&#038;p=510"},"modified":"2014-02-27T15:56:15","modified_gmt":"2014-02-27T14:56:15","slug":"bizeul-christian","status":"publish","type":"product","link":"http:\/\/www.voixeditions.com\/?product=bizeul-christian","title":{"rendered":"BIZEUL Christian"},"content":{"rendered":"","protected":false},"excerpt":{"rendered":"<p>\u00ab\u00a0Miroir des morts\u00a0\u00bb &#8211; 1990<br \/>\nNon pagin\u00e9 &#8211; Tir\u00e9 \u00e0 220 exemplaires , 20 hors-commerce orn\u00e9s d&rsquo;une \u0153uvre de l&rsquo;artiste<\/p>\n","protected":false},"featured_media":1615,"template":"","meta":[],"product_brand":[],"product_cat":[30],"product_tag":[66,89,109,114,115,139,966,967,968,969,201,970,971,225,230,972],"class_list":{"0":"post-510","1":"product","2":"type-product","3":"status-publish","4":"has-post-thumbnail","6":"product_cat-4_voir-comme-on-pense","7":"product_tag-beaux-arts","8":"product_tag-christian-bizeul","9":"product_tag-dessin","10":"product_tag-editions","11":"product_tag-elne","12":"product_tag-illustration","13":"product_tag-livre","14":"product_tag-livre-dartiste","15":"product_tag-peinture","16":"product_tag-perpignan","17":"product_tag-poesie","18":"product_tag-richard-meier","19":"product_tag-texte","20":"product_tag-vente","21":"product_tag-voix-editions","22":"product_tag-voix-editions-richard-meier","24":"first","25":"instock","26":"shipping-taxable","27":"purchasable","28":"product-type-simple"},"_links":{"self":[{"href":"http:\/\/www.voixeditions.com\/index.php?rest_route=\/wp\/v2\/product\/510","targetHints":{"allow":["GET"]}}],"collection":[{"href":"http:\/\/www.voixeditions.com\/index.php?rest_route=\/wp\/v2\/product"}],"about":[{"href":"http:\/\/www.voixeditions.com\/index.php?rest_route=\/wp\/v2\/types\/product"}],"wp:featuredmedia":[{"embeddable":true,"href":"http:\/\/www.voixeditions.com\/index.php?rest_route=\/wp\/v2\/media\/1615"}],"wp:attachment":[{"href":"http:\/\/www.voixeditions.com\/index.php?rest_route=%2Fwp%2Fv2%2Fmedia&parent=510"}],"wp:term":[{"taxonomy":"product_brand","embeddable":true,"href":"http:\/\/www.voixeditions.com\/index.php?rest_route=%2Fwp%2Fv2%2Fproduct_brand&post=510"},{"taxonomy":"product_cat","embeddable":true,"href":"http:\/\/www.voixeditions.com\/index.php?rest_route=%2Fwp%2Fv2%2Fproduct_cat&post=510"},{"taxonomy":"product_tag","embeddable":true,"href":"http:\/\/www.voixeditions.com\/index.php?rest_route=%2Fwp%2Fv2%2Fproduct_tag&post=510"}],"curies":[{"name":"wp","href":"https:\/\/api.w.org\/{rel}","templated":true}]}}