{"id":499,"date":"2013-02-15T08:00:34","date_gmt":"2013-02-15T07:00:34","guid":{"rendered":"http:\/\/www.voixeditions.com\/wordpress\/?post_type=product&#038;p=499"},"modified":"2014-02-27T16:00:18","modified_gmt":"2014-02-27T15:00:18","slug":"carbonnet-bruno","status":"publish","type":"product","link":"http:\/\/www.voixeditions.com\/?product=carbonnet-bruno","title":{"rendered":"CARBONNET Bruno"},"content":{"rendered":"","protected":false},"excerpt":{"rendered":"<p>\u00ab\u00a0M\u00e9lange optique\u00a0\u00bb &#8211; 1992<br \/>\n70 pages &#8211; Livre d&rsquo;artiste<br \/>\nTir\u00e9 \u00e0 212 ex. dont les cent premiers sont sign\u00e9s par l&rsquo;auteur et XX sont sign\u00e9s et orn\u00e9s d&rsquo;un collage de Bruno Carbonnet<\/p>\n<p><a href=\"http:\/\/www.centrepompidou.fr\/cpv\/ressource.action?param.id=id&amp;param.idSource=FR_DO-7e7dc2125b96741c7ea11fe82da9d\" target=\"_blank\">http:\/\/www.centrepompidou.fr<\/a><\/p>\n","protected":false},"featured_media":1620,"template":"","meta":[],"product_brand":[],"product_cat":[32],"product_tag":[66,82,109,114,115,136,139,966,967,968,969,196,201,203,970,971,225,230,972],"class_list":{"0":"post-499","1":"product","2":"type-product","3":"status-publish","4":"has-post-thumbnail","6":"product_cat-1_poesie","7":"product_tag-beaux-arts","8":"product_tag-carbonnet-bruno","9":"product_tag-dessin","10":"product_tag-editions","11":"product_tag-elne","12":"product_tag-graphisme","13":"product_tag-illustration","14":"product_tag-livre","15":"product_tag-livre-dartiste","16":"product_tag-peinture","17":"product_tag-perpignan","18":"product_tag-photo","19":"product_tag-poesie","20":"product_tag-poete","21":"product_tag-richard-meier","22":"product_tag-texte","23":"product_tag-vente","24":"product_tag-voix-editions","25":"product_tag-voix-editions-richard-meier","27":"first","28":"instock","29":"shipping-taxable","30":"purchasable","31":"product-type-simple"},"_links":{"self":[{"href":"http:\/\/www.voixeditions.com\/index.php?rest_route=\/wp\/v2\/product\/499","targetHints":{"allow":["GET"]}}],"collection":[{"href":"http:\/\/www.voixeditions.com\/index.php?rest_route=\/wp\/v2\/product"}],"about":[{"href":"http:\/\/www.voixeditions.com\/index.php?rest_route=\/wp\/v2\/types\/product"}],"wp:featuredmedia":[{"embeddable":true,"href":"http:\/\/www.voixeditions.com\/index.php?rest_route=\/wp\/v2\/media\/1620"}],"wp:attachment":[{"href":"http:\/\/www.voixeditions.com\/index.php?rest_route=%2Fwp%2Fv2%2Fmedia&parent=499"}],"wp:term":[{"taxonomy":"product_brand","embeddable":true,"href":"http:\/\/www.voixeditions.com\/index.php?rest_route=%2Fwp%2Fv2%2Fproduct_brand&post=499"},{"taxonomy":"product_cat","embeddable":true,"href":"http:\/\/www.voixeditions.com\/index.php?rest_route=%2Fwp%2Fv2%2Fproduct_cat&post=499"},{"taxonomy":"product_tag","embeddable":true,"href":"http:\/\/www.voixeditions.com\/index.php?rest_route=%2Fwp%2Fv2%2Fproduct_tag&post=499"}],"curies":[{"name":"wp","href":"https:\/\/api.w.org\/{rel}","templated":true}]}}