{"id":483,"date":"2013-02-15T07:31:53","date_gmt":"2013-02-15T06:31:53","guid":{"rendered":"http:\/\/www.voixeditions.com\/wordpress\/?post_type=product&#038;p=483"},"modified":"2014-03-03T15:06:09","modified_gmt":"2014-03-03T14:06:09","slug":"heidsieck-bernard-2","status":"publish","type":"product","link":"http:\/\/www.voixeditions.com\/?product=heidsieck-bernard-2","title":{"rendered":"HEIDSIECK Bernard"},"content":{"rendered":"","protected":false},"excerpt":{"rendered":"<p>\u00ab\u00a0Ab\u00e9c\u00e9daire\u00a0\u00bb Edition grand format &#8211; 2012<br \/>\n16 exemplaires de t\u00eate<br \/>\ntexte d\u2019introduction de l\u2019auteur<\/p>\n<p>Chacun de ces AB\u00c9C\u00c9DAIRES constitue en r\u00e9alit\u00e9, et en quelque sorte, une variante d\u2019un \u00ab\u00a0exercice de styles\u00a0\u00bb, \u00e0 r\u00e9soudre, d\u00e9cortiquer, d\u00e9rouler, chacun assumant ses caract\u00e9ristiques propres, et chaque lettre de chacun d\u2019eux se devant \u00e0 son tour d\u2019\u00eatre diff\u00e9rente tout en conservant n\u00e9anmoins, bien s\u00fbr, le style et l\u2019esprit de l\u2019AB\u00c9C\u00c9DAIRE dont elle d\u00e9pend.<\/p>\n","protected":false},"featured_media":1701,"template":"","meta":[],"product_brand":[],"product_cat":[28],"product_tag":[282,58,66,72,109,114,115,139,966,967,968,201,203,970,971,225,230,972],"class_list":{"0":"post-483","1":"product","2":"type-product","3":"status-publish","4":"has-post-thumbnail","6":"product_cat-3_chantiers-du-temps","7":"product_tag-abecedaire","8":"product_tag-auteur","9":"product_tag-beaux-arts","10":"product_tag-bernard-heidsieck","11":"product_tag-dessin","12":"product_tag-editions","13":"product_tag-elne","14":"product_tag-illustration","15":"product_tag-livre","16":"product_tag-livre-dartiste","17":"product_tag-peinture","18":"product_tag-poesie","19":"product_tag-poete","20":"product_tag-richard-meier","21":"product_tag-texte","22":"product_tag-vente","23":"product_tag-voix-editions","24":"product_tag-voix-editions-richard-meier","26":"first","27":"instock","28":"shipping-taxable","29":"purchasable","30":"product-type-simple"},"_links":{"self":[{"href":"http:\/\/www.voixeditions.com\/index.php?rest_route=\/wp\/v2\/product\/483","targetHints":{"allow":["GET"]}}],"collection":[{"href":"http:\/\/www.voixeditions.com\/index.php?rest_route=\/wp\/v2\/product"}],"about":[{"href":"http:\/\/www.voixeditions.com\/index.php?rest_route=\/wp\/v2\/types\/product"}],"wp:featuredmedia":[{"embeddable":true,"href":"http:\/\/www.voixeditions.com\/index.php?rest_route=\/wp\/v2\/media\/1701"}],"wp:attachment":[{"href":"http:\/\/www.voixeditions.com\/index.php?rest_route=%2Fwp%2Fv2%2Fmedia&parent=483"}],"wp:term":[{"taxonomy":"product_brand","embeddable":true,"href":"http:\/\/www.voixeditions.com\/index.php?rest_route=%2Fwp%2Fv2%2Fproduct_brand&post=483"},{"taxonomy":"product_cat","embeddable":true,"href":"http:\/\/www.voixeditions.com\/index.php?rest_route=%2Fwp%2Fv2%2Fproduct_cat&post=483"},{"taxonomy":"product_tag","embeddable":true,"href":"http:\/\/www.voixeditions.com\/index.php?rest_route=%2Fwp%2Fv2%2Fproduct_tag&post=483"}],"curies":[{"name":"wp","href":"https:\/\/api.w.org\/{rel}","templated":true}]}}