{"id":472,"date":"2013-02-15T07:11:27","date_gmt":"2013-02-15T06:11:27","guid":{"rendered":"http:\/\/www.voixeditions.com\/wordpress\/?post_type=product&#038;p=472"},"modified":"2014-02-27T14:12:00","modified_gmt":"2014-02-27T13:12:00","slug":"machet-beatrice","status":"publish","type":"product","link":"http:\/\/www.voixeditions.com\/?product=machet-beatrice","title":{"rendered":"MACHET B\u00e9atrice"},"content":{"rendered":"","protected":false},"excerpt":{"rendered":"<p>\u00ab\u00a0Der dde Dre\u00a0\u00bb<br \/>\n84 pages<br \/>\n<strong>Comme der de der<\/strong>, la derni\u00e8re de toutes les guerres&#8230; et l&rsquo;on sait bien que depuis cette fameuse guerre le monde n&rsquo;est plus que bombardements, massacres, viols, tortures, d\u00e9portations, camps, exodes, murs et fronti\u00e8res, &#8230;.. comme derni\u00e8re \u00e9poque d&rsquo;une plan\u00e8te terre habitable puisque pollu\u00e9e et surpeupl\u00e9e. Der de dre pour jouer avec les verbes et les n\u00e9ologismes qui au-del\u00e0 du jeu donnent force et r\u00e9g\u00e9n\u00e8rent l&rsquo;usure du vocabulaire<br \/>\n<strong>der comme ouvert<\/strong><br \/>\ndre comme ferm\u00e9<br \/>\nder inaugure<br \/>\ndre r\u00e9p\u00e8te et d\u00e9cale, offre l&rsquo;\u00e9cart dans lequel le sens et la langue vivent d&rsquo;une autonomie nouvelle. Passer de der \u00e0 dre pour renverser le mouvement de l&rsquo;entropie, enrayer son mode de relation qui d\u00e9voie.<br \/>\nDer et dre pour conserver la capacit\u00e9 de s&rsquo;insurger et de s&rsquo;\u00e9merveiller, malgr\u00e9 ce qu&rsquo;on a v\u00e9cu, ce qu&rsquo;on vit, ce qu&rsquo;on sait du monde comme il va.<\/p>\n","protected":false},"featured_media":1547,"template":"","meta":[],"product_brand":[],"product_cat":[34],"product_tag":[66,114,115,966,967,163,968,969,201,203,970,971,225,230,972],"class_list":{"0":"post-472","1":"product","2":"type-product","3":"status-publish","4":"has-post-thumbnail","6":"product_cat-5_vents-contraires","7":"product_tag-beaux-arts","8":"product_tag-editions","9":"product_tag-elne","10":"product_tag-livre","11":"product_tag-livre-dartiste","12":"product_tag-machet-beatrice","13":"product_tag-peinture","14":"product_tag-perpignan","15":"product_tag-poesie","16":"product_tag-poete","17":"product_tag-richard-meier","18":"product_tag-texte","19":"product_tag-vente","20":"product_tag-voix-editions","21":"product_tag-voix-editions-richard-meier","23":"first","24":"instock","25":"shipping-taxable","26":"purchasable","27":"product-type-simple"},"_links":{"self":[{"href":"http:\/\/www.voixeditions.com\/index.php?rest_route=\/wp\/v2\/product\/472","targetHints":{"allow":["GET"]}}],"collection":[{"href":"http:\/\/www.voixeditions.com\/index.php?rest_route=\/wp\/v2\/product"}],"about":[{"href":"http:\/\/www.voixeditions.com\/index.php?rest_route=\/wp\/v2\/types\/product"}],"wp:featuredmedia":[{"embeddable":true,"href":"http:\/\/www.voixeditions.com\/index.php?rest_route=\/wp\/v2\/media\/1547"}],"wp:attachment":[{"href":"http:\/\/www.voixeditions.com\/index.php?rest_route=%2Fwp%2Fv2%2Fmedia&parent=472"}],"wp:term":[{"taxonomy":"product_brand","embeddable":true,"href":"http:\/\/www.voixeditions.com\/index.php?rest_route=%2Fwp%2Fv2%2Fproduct_brand&post=472"},{"taxonomy":"product_cat","embeddable":true,"href":"http:\/\/www.voixeditions.com\/index.php?rest_route=%2Fwp%2Fv2%2Fproduct_cat&post=472"},{"taxonomy":"product_tag","embeddable":true,"href":"http:\/\/www.voixeditions.com\/index.php?rest_route=%2Fwp%2Fv2%2Fproduct_tag&post=472"}],"curies":[{"name":"wp","href":"https:\/\/api.w.org\/{rel}","templated":true}]}}