{"id":3443,"date":"2025-01-07T06:29:44","date_gmt":"2025-01-07T05:29:44","guid":{"rendered":"http:\/\/www.voixeditions.com\/?post_type=product&#038;p=3443"},"modified":"2025-01-07T06:37:32","modified_gmt":"2025-01-07T05:37:32","slug":"sylvie-selig","status":"publish","type":"product","link":"http:\/\/www.voixeditions.com\/?product=sylvie-selig","title":{"rendered":"Sylvie Selig"},"content":{"rendered":"<p>\u00ab\u00a0Rivers of nor return\u00a0\u00bb<br \/>\n24 exemplaire sign\u00e9s, num\u00e9rot\u00e9s avec un dessin de SYLVIE SELIG 900 euros ( 21 m\u00e8tres ).<\/p>\n","protected":false},"excerpt":{"rendered":"<p>\u00ab\u00a0Rivers of nor return\u00a0\u00bb 24 exemplaire sign\u00e9s, num\u00e9rot\u00e9s avec un dessin de SYLVIE SELIG 900 euros ( 21 m\u00e8tres ).<\/p>\n","protected":false},"featured_media":3444,"template":"","meta":[],"product_brand":[],"product_cat":[1029,935,110,32],"product_tag":[1109,367,1108,967,1110,1105,201,1106,970,1113,1112,1111,230],"class_list":{"0":"post-3443","1":"product","2":"type-product","3":"status-publish","4":"has-post-thumbnail","6":"product_cat-grands-plies","7":"product_cat-nouveautes","8":"product_cat-6_dessins","9":"product_cat-1_poesie","10":"product_tag-24-exemplaire-signes","11":"product_tag-image","12":"product_tag-lacan","13":"product_tag-livre-dartiste","14":"product_tag-numerotes-avec-un-dessin-de-sylvie-selig-900-euros-21-metres","15":"product_tag-ou-en-etes-vous","16":"product_tag-poesie","17":"product_tag-psychanalyse","18":"product_tag-richard-meier","19":"product_tag-rivers-of-nor-return","20":"product_tag-selig","21":"product_tag-sylvie","22":"product_tag-voix-editions","23":"product_shipping_class-france","25":"first","26":"instock","27":"shipping-taxable","28":"purchasable","29":"product-type-simple"},"_links":{"self":[{"href":"http:\/\/www.voixeditions.com\/index.php?rest_route=\/wp\/v2\/product\/3443","targetHints":{"allow":["GET"]}}],"collection":[{"href":"http:\/\/www.voixeditions.com\/index.php?rest_route=\/wp\/v2\/product"}],"about":[{"href":"http:\/\/www.voixeditions.com\/index.php?rest_route=\/wp\/v2\/types\/product"}],"wp:featuredmedia":[{"embeddable":true,"href":"http:\/\/www.voixeditions.com\/index.php?rest_route=\/wp\/v2\/media\/3444"}],"wp:attachment":[{"href":"http:\/\/www.voixeditions.com\/index.php?rest_route=%2Fwp%2Fv2%2Fmedia&parent=3443"}],"wp:term":[{"taxonomy":"product_brand","embeddable":true,"href":"http:\/\/www.voixeditions.com\/index.php?rest_route=%2Fwp%2Fv2%2Fproduct_brand&post=3443"},{"taxonomy":"product_cat","embeddable":true,"href":"http:\/\/www.voixeditions.com\/index.php?rest_route=%2Fwp%2Fv2%2Fproduct_cat&post=3443"},{"taxonomy":"product_tag","embeddable":true,"href":"http:\/\/www.voixeditions.com\/index.php?rest_route=%2Fwp%2Fv2%2Fproduct_tag&post=3443"}],"curies":[{"name":"wp","href":"https:\/\/api.w.org\/{rel}","templated":true}]}}