{"id":3362,"date":"2024-08-23T10:19:11","date_gmt":"2024-08-23T09:19:11","guid":{"rendered":"https:\/\/www.voixeditions.com\/?post_type=product&#038;p=3362"},"modified":"2024-10-06T14:29:32","modified_gmt":"2024-10-06T13:29:32","slug":"fabio-purino-jf-diana-2","status":"publish","type":"product","link":"http:\/\/www.voixeditions.com\/?product=fabio-purino-jf-diana-2","title":{"rendered":"Fabio Purino, JF Diana"},"content":{"rendered":"<p>Fabio Purino, textes de Jean-Fran\u00e7ois Diana \u00ab\u00a0La Bella Confusione\u00a0\u00bb<br \/>\nEditions limit\u00e9e, format 35 x 25 cm.<\/p>\n","protected":false},"excerpt":{"rendered":"<p>Exemplaires sign\u00e9s &amp; num\u00e9rot\u00e9s ajout\u00e9 d&rsquo;une intervention de Fabio Purino<\/p>\n","protected":false},"featured_media":3363,"template":"","meta":[],"product_brand":[],"product_cat":[935,934],"product_tag":[1088,1090,1086,1087,967,1089,423,968,970,230],"class_list":{"0":"post-3362","1":"product","2":"type-product","3":"status-publish","4":"has-post-thumbnail","6":"product_cat-nouveautes","7":"product_cat-poesie-image","8":"product_tag-confusione","9":"product_tag-edition-limitee","10":"product_tag-fabio-purino","11":"product_tag-jean-francois-diana","12":"product_tag-livre-dartiste","13":"product_tag-mastroiani","14":"product_tag-meier","15":"product_tag-peinture","16":"product_tag-richard-meier","17":"product_tag-voix-editions","19":"first","20":"instock","21":"shipping-taxable","22":"purchasable","23":"product-type-simple"},"_links":{"self":[{"href":"http:\/\/www.voixeditions.com\/index.php?rest_route=\/wp\/v2\/product\/3362","targetHints":{"allow":["GET"]}}],"collection":[{"href":"http:\/\/www.voixeditions.com\/index.php?rest_route=\/wp\/v2\/product"}],"about":[{"href":"http:\/\/www.voixeditions.com\/index.php?rest_route=\/wp\/v2\/types\/product"}],"wp:featuredmedia":[{"embeddable":true,"href":"http:\/\/www.voixeditions.com\/index.php?rest_route=\/wp\/v2\/media\/3363"}],"wp:attachment":[{"href":"http:\/\/www.voixeditions.com\/index.php?rest_route=%2Fwp%2Fv2%2Fmedia&parent=3362"}],"wp:term":[{"taxonomy":"product_brand","embeddable":true,"href":"http:\/\/www.voixeditions.com\/index.php?rest_route=%2Fwp%2Fv2%2Fproduct_brand&post=3362"},{"taxonomy":"product_cat","embeddable":true,"href":"http:\/\/www.voixeditions.com\/index.php?rest_route=%2Fwp%2Fv2%2Fproduct_cat&post=3362"},{"taxonomy":"product_tag","embeddable":true,"href":"http:\/\/www.voixeditions.com\/index.php?rest_route=%2Fwp%2Fv2%2Fproduct_tag&post=3362"}],"curies":[{"name":"wp","href":"https:\/\/api.w.org\/{rel}","templated":true}]}}