{"id":3314,"date":"2024-01-22T08:34:21","date_gmt":"2024-01-22T07:34:21","guid":{"rendered":"http:\/\/www.voixeditions.com\/?post_type=product&#038;p=3314"},"modified":"2024-01-22T08:36:18","modified_gmt":"2024-01-22T07:36:18","slug":"peytavi-helene-etienne-rouzies","status":"publish","type":"product","link":"http:\/\/www.voixeditions.com\/?product=peytavi-helene-etienne-rouzies","title":{"rendered":"Peytavi H\u00e9l\u00e8ne, Etienne Rouzi\u00e8s"},"content":{"rendered":"<p>Peytavi H\u00e9l\u00e8ne, Etienne Rouzi\u00e8s, comme un oiseau dans les feuilles<\/p>\n","protected":false},"excerpt":{"rendered":"<p>Peytavi H\u00e9l\u00e8ne, Etienne Rouzi\u00e8s, comme un oiseau dans les feuilles<\/p>\n","protected":false},"featured_media":3311,"template":"","meta":[],"product_brand":[],"product_cat":[935,934],"product_tag":[1079,1000,966,1078,196,970,230],"class_list":{"0":"post-3314","1":"product","2":"type-product","3":"status-publish","4":"has-post-thumbnail","6":"product_cat-nouveautes","7":"product_cat-poesie-image","8":"product_tag-comme-un-oiseau-dans-les-feuilles","9":"product_tag-etienne-rouzies","10":"product_tag-livre","11":"product_tag-peytavi-helene","12":"product_tag-photo","13":"product_tag-richard-meier","14":"product_tag-voix-editions","16":"first","17":"instock","18":"shipping-taxable","19":"purchasable","20":"product-type-simple"},"_links":{"self":[{"href":"http:\/\/www.voixeditions.com\/index.php?rest_route=\/wp\/v2\/product\/3314","targetHints":{"allow":["GET"]}}],"collection":[{"href":"http:\/\/www.voixeditions.com\/index.php?rest_route=\/wp\/v2\/product"}],"about":[{"href":"http:\/\/www.voixeditions.com\/index.php?rest_route=\/wp\/v2\/types\/product"}],"wp:featuredmedia":[{"embeddable":true,"href":"http:\/\/www.voixeditions.com\/index.php?rest_route=\/wp\/v2\/media\/3311"}],"wp:attachment":[{"href":"http:\/\/www.voixeditions.com\/index.php?rest_route=%2Fwp%2Fv2%2Fmedia&parent=3314"}],"wp:term":[{"taxonomy":"product_brand","embeddable":true,"href":"http:\/\/www.voixeditions.com\/index.php?rest_route=%2Fwp%2Fv2%2Fproduct_brand&post=3314"},{"taxonomy":"product_cat","embeddable":true,"href":"http:\/\/www.voixeditions.com\/index.php?rest_route=%2Fwp%2Fv2%2Fproduct_cat&post=3314"},{"taxonomy":"product_tag","embeddable":true,"href":"http:\/\/www.voixeditions.com\/index.php?rest_route=%2Fwp%2Fv2%2Fproduct_tag&post=3314"}],"curies":[{"name":"wp","href":"https:\/\/api.w.org\/{rel}","templated":true}]}}