{"id":321,"date":"2012-12-11T14:39:22","date_gmt":"2012-12-11T13:39:22","guid":{"rendered":"http:\/\/www.voixeditions.com\/wordpress\/?post_type=product&#038;p=321"},"modified":"2014-02-27T14:29:12","modified_gmt":"2014-02-27T13:29:12","slug":"anthologie","status":"publish","type":"product","link":"http:\/\/www.voixeditions.com\/?product=anthologie","title":{"rendered":"ANTHOLOGIE"},"content":{"rendered":"","protected":false},"excerpt":{"rendered":"<p>\u00ab\u00a0Vents Contraires Force 18\u00a0\u00bb &#8211; 102 pages<br \/>\nUne anthologie pr\u00e9sent\u00e9e et \u00e9tablie par Alain Helissen.<\/p>\n<div>\u00c0 l\u2019aube de l\u2019an 2000 naissait la collection de po\u00e9sie <em>Vents Contraires<\/em> que me confia Richard Meier. (VOIX \u00e9ditions)<\/div>\n<div>Sept ans plus tard et apr\u00e8s la publication de dix-huit livres, pour autant d\u2019auteurs, j\u2019ai voulu marquer cette premi\u00e8re \u00e9tape d\u2019une trace.<\/div>\n<div><strong>L\u2019anthologie Vents Contraires<\/strong> revisite, \u00e0 travers quelques extraits, les livres de la collection. Mais elle propose aussi, pour chacun des auteurs en question, des textes in\u00e9dits. Elle devient le catalogue singulier de 18 po\u00e8tes d\u2019aujourd\u2019hui.<\/div>\n<div>L\u2019un d\u2019entre eux, Michel Valpr\u00e9my, manque depuis peu \u00e0 l\u2019appel. Je lui d\u00e9die cette anthologie.<\/div>\n<div><strong>A.H.<\/strong><\/div>\n<div><strong>\u00a0<\/strong><\/div>\n<div><strong>Patrick Dubost, Jean-Pierre Bobillot, Alain Helissen, Hubert Lucot, Lucien Suel, Serge Ritman, V\u00e9ronique Vassiliou, Michel Valpr\u00e9my, J\u00e9r\u00f4me Game, Charles Pennequin, Claude Deh\u00eatre, Joseph Bruchac, Georges Hassomeris, Jacques Sivan, Jacques Demarcq, Jean-Luc Lavrille, Andr\u00e9 Gache, Bruno Fern<\/strong><\/div>\n","protected":false},"featured_media":1556,"template":"","meta":[],"product_brand":[],"product_cat":[34],"product_tag":[27,338,47,339,331,332,114,115,965,334,325,336,335,337,324,330,333,966,967,326,169,329,323,969,970,327,213,225,226,328,230,972],"class_list":{"0":"post-321","1":"product","2":"type-product","3":"status-publish","4":"has-post-thumbnail","6":"product_cat-5_vents-contraires","7":"product_tag-alain-helissen","8":"product_tag-andre-gache","9":"product_tag-anthologie","10":"product_tag-bruno-fern","11":"product_tag-charles-pennequin","12":"product_tag-claude-dehetre","13":"product_tag-editions","14":"product_tag-elne","15":"product_tag-fireboox","16":"product_tag-georges-hassomeris","17":"product_tag-hubert-lucot","18":"product_tag-jacques-demarcq","19":"product_tag-jacques-sivan","20":"product_tag-jean-luc-lavrille","21":"product_tag-jean-pierre-bobillot","22":"product_tag-jerome-game","23":"product_tag-joseph-bruchac","24":"product_tag-livre","25":"product_tag-livre-dartiste","26":"product_tag-lucien-suel","27":"product_tag-metz","28":"product_tag-michel-valpremy","29":"product_tag-patrick-dubost","30":"product_tag-perpignan","31":"product_tag-richard-meier","32":"product_tag-serge-ritman","33":"product_tag-sophie-meier","34":"product_tag-vente","35":"product_tag-vents-contraires","36":"product_tag-veronique-vassiliou","37":"product_tag-voix-editions","38":"product_tag-voix-editions-richard-meier","40":"first","41":"instock","42":"shipping-taxable","43":"purchasable","44":"product-type-simple"},"_links":{"self":[{"href":"http:\/\/www.voixeditions.com\/index.php?rest_route=\/wp\/v2\/product\/321","targetHints":{"allow":["GET"]}}],"collection":[{"href":"http:\/\/www.voixeditions.com\/index.php?rest_route=\/wp\/v2\/product"}],"about":[{"href":"http:\/\/www.voixeditions.com\/index.php?rest_route=\/wp\/v2\/types\/product"}],"wp:featuredmedia":[{"embeddable":true,"href":"http:\/\/www.voixeditions.com\/index.php?rest_route=\/wp\/v2\/media\/1556"}],"wp:attachment":[{"href":"http:\/\/www.voixeditions.com\/index.php?rest_route=%2Fwp%2Fv2%2Fmedia&parent=321"}],"wp:term":[{"taxonomy":"product_brand","embeddable":true,"href":"http:\/\/www.voixeditions.com\/index.php?rest_route=%2Fwp%2Fv2%2Fproduct_brand&post=321"},{"taxonomy":"product_cat","embeddable":true,"href":"http:\/\/www.voixeditions.com\/index.php?rest_route=%2Fwp%2Fv2%2Fproduct_cat&post=321"},{"taxonomy":"product_tag","embeddable":true,"href":"http:\/\/www.voixeditions.com\/index.php?rest_route=%2Fwp%2Fv2%2Fproduct_tag&post=321"}],"curies":[{"name":"wp","href":"https:\/\/api.w.org\/{rel}","templated":true}]}}