{"id":314,"date":"2012-12-11T14:29:32","date_gmt":"2012-12-11T13:29:32","guid":{"rendered":"http:\/\/www.voixeditions.com\/wordpress\/?post_type=product&#038;p=314"},"modified":"2014-02-26T19:55:03","modified_gmt":"2014-02-26T18:55:03","slug":"alocco-marcel-images-pre-texte-2","status":"publish","type":"product","link":"http:\/\/www.voixeditions.com\/?product=alocco-marcel-images-pre-texte-2","title":{"rendered":"ALOCCO Marcel"},"content":{"rendered":"","protected":false},"excerpt":{"rendered":"<p>\u00ab\u00a0Images Pr\u00e9-texte\u00a0\u00bb<br \/>\nImages pr\u00e9-texte : au travail du patchwork : fragments retrouv\u00e9s \/ Marcel Alocco.<br \/>\nTirage limit\u00e9 \u00e0 250 ex., dont 30 ex. num\u00e9rot\u00e9s de I \u00e0 XXX<\/p>\n<p><a href=\"http:\/\/www.centrepompidou.fr\/cpv\/ressource.action;jsessionid=B1F7E705E21AAE2D19F9574E116891D2?param.id=id&amp;param.idSource=FR_DO-2b9a90772498407bfdc3f5346c246eec\" target=\"_blank\">http:\/\/www.centrepompidou.fr<\/a><\/p>\n","protected":false},"featured_media":427,"template":"","meta":[],"product_brand":[],"product_cat":[30],"product_tag":[40,41,101,114,965,140,966,967,164,970,213,225,230],"class_list":{"0":"post-314","1":"product","2":"type-product","3":"status-publish","4":"has-post-thumbnail","6":"product_cat-4_voir-comme-on-pense","7":"product_tag-alocco","8":"product_tag-alocco-marcel","9":"product_tag-cosyworks","10":"product_tag-editions","11":"product_tag-fireboox","12":"product_tag-images-pre-texte","13":"product_tag-livre","14":"product_tag-livre-dartiste","15":"product_tag-marcel","16":"product_tag-richard-meier","17":"product_tag-sophie-meier","18":"product_tag-vente","19":"product_tag-voix-editions","21":"first","22":"instock","23":"shipping-taxable","24":"purchasable","25":"product-type-simple"},"_links":{"self":[{"href":"http:\/\/www.voixeditions.com\/index.php?rest_route=\/wp\/v2\/product\/314","targetHints":{"allow":["GET"]}}],"collection":[{"href":"http:\/\/www.voixeditions.com\/index.php?rest_route=\/wp\/v2\/product"}],"about":[{"href":"http:\/\/www.voixeditions.com\/index.php?rest_route=\/wp\/v2\/types\/product"}],"wp:featuredmedia":[{"embeddable":true,"href":"http:\/\/www.voixeditions.com\/index.php?rest_route=\/wp\/v2\/media\/427"}],"wp:attachment":[{"href":"http:\/\/www.voixeditions.com\/index.php?rest_route=%2Fwp%2Fv2%2Fmedia&parent=314"}],"wp:term":[{"taxonomy":"product_brand","embeddable":true,"href":"http:\/\/www.voixeditions.com\/index.php?rest_route=%2Fwp%2Fv2%2Fproduct_brand&post=314"},{"taxonomy":"product_cat","embeddable":true,"href":"http:\/\/www.voixeditions.com\/index.php?rest_route=%2Fwp%2Fv2%2Fproduct_cat&post=314"},{"taxonomy":"product_tag","embeddable":true,"href":"http:\/\/www.voixeditions.com\/index.php?rest_route=%2Fwp%2Fv2%2Fproduct_tag&post=314"}],"curies":[{"name":"wp","href":"https:\/\/api.w.org\/{rel}","templated":true}]}}