{"id":2953,"date":"2020-02-04T09:32:49","date_gmt":"2020-02-04T08:32:49","guid":{"rendered":"http:\/\/www.voixeditions.com\/?post_type=product&#038;p=2953"},"modified":"2020-02-04T09:35:53","modified_gmt":"2020-02-04T08:35:53","slug":"richard-meier-13","status":"publish","type":"product","link":"http:\/\/www.voixeditions.com\/?product=richard-meier-13","title":{"rendered":"Richard Meier"},"content":{"rendered":"<p>Kenningars<br \/>\nExemplaires sign\u00e9s annot\u00e9s et num\u00e9rot\u00e9s 1 \u00e0 6.<\/p>\n<p><img loading=\"lazy\" decoding=\"async\" class=\"alignnone size-medium wp-image-2950\" src=\"http:\/\/www.voixeditions.com\/newsite\/wp-content\/uploads\/2020\/02\/Kenningars-483x750.jpeg\" alt=\"\" width=\"483\" height=\"750\" srcset=\"http:\/\/www.voixeditions.com\/newsite\/wp-content\/uploads\/2020\/02\/Kenningars-483x750.jpeg 483w, http:\/\/www.voixeditions.com\/newsite\/wp-content\/uploads\/2020\/02\/Kenningars-768x1192.jpeg 768w, http:\/\/www.voixeditions.com\/newsite\/wp-content\/uploads\/2020\/02\/Kenningars-500x776.jpeg 500w, http:\/\/www.voixeditions.com\/newsite\/wp-content\/uploads\/2020\/02\/Kenningars.jpeg 825w\" sizes=\"auto, (max-width: 483px) 100vw, 483px\" \/><\/p>\n","protected":false},"excerpt":{"rendered":"<p>Kenningars Exemplaires sign\u00e9s annot\u00e9s et num\u00e9rot\u00e9s 1 \u00e0 6.<\/p>\n","protected":false},"featured_media":2950,"template":"","meta":[],"product_brand":[],"product_cat":[935,934,110],"product_tag":[],"class_list":{"0":"post-2953","1":"product","2":"type-product","3":"status-publish","4":"has-post-thumbnail","6":"product_cat-nouveautes","7":"product_cat-poesie-image","8":"product_cat-6_dessins","10":"first","11":"instock","12":"shipping-taxable","13":"purchasable","14":"product-type-simple"},"_links":{"self":[{"href":"http:\/\/www.voixeditions.com\/index.php?rest_route=\/wp\/v2\/product\/2953","targetHints":{"allow":["GET"]}}],"collection":[{"href":"http:\/\/www.voixeditions.com\/index.php?rest_route=\/wp\/v2\/product"}],"about":[{"href":"http:\/\/www.voixeditions.com\/index.php?rest_route=\/wp\/v2\/types\/product"}],"wp:featuredmedia":[{"embeddable":true,"href":"http:\/\/www.voixeditions.com\/index.php?rest_route=\/wp\/v2\/media\/2950"}],"wp:attachment":[{"href":"http:\/\/www.voixeditions.com\/index.php?rest_route=%2Fwp%2Fv2%2Fmedia&parent=2953"}],"wp:term":[{"taxonomy":"product_brand","embeddable":true,"href":"http:\/\/www.voixeditions.com\/index.php?rest_route=%2Fwp%2Fv2%2Fproduct_brand&post=2953"},{"taxonomy":"product_cat","embeddable":true,"href":"http:\/\/www.voixeditions.com\/index.php?rest_route=%2Fwp%2Fv2%2Fproduct_cat&post=2953"},{"taxonomy":"product_tag","embeddable":true,"href":"http:\/\/www.voixeditions.com\/index.php?rest_route=%2Fwp%2Fv2%2Fproduct_tag&post=2953"}],"curies":[{"name":"wp","href":"https:\/\/api.w.org\/{rel}","templated":true}]}}