{"id":2762,"date":"2018-09-19T11:17:44","date_gmt":"2018-09-19T10:17:44","guid":{"rendered":"http:\/\/www.voixeditions.com\/?post_type=product&#038;p=2762"},"modified":"2018-09-24T08:43:25","modified_gmt":"2018-09-24T07:43:25","slug":"muriel-valat-b","status":"publish","type":"product","link":"http:\/\/www.voixeditions.com\/?product=muriel-valat-b","title":{"rendered":"Muriel Valat-b"},"content":{"rendered":"<p>\u00ab\u00a0La nuit est us\u00e9e\u00a0\u00bb<\/p>\n","protected":false},"excerpt":{"rendered":"<blockquote class=\"\">\n<div class=\"\">\n<div class=\"\">\n<div class=\"\">\n<div class=\"\">Le\u00a0trait, \u00e9mu, \u00e9veill\u00e9 par l&rsquo;\u00e9criture de Jacques Dupin invite <i class=\"\">au\u00a0sentier\u00a0qui balance entre la br\u00fblure des ronces et la nudit\u00e9 du soleil,<br class=\"\" \/>fend\u00a0la nuit<br class=\"\" \/>s&rsquo;\u00e9lucide\u00a0dans la lumi\u00e8re<\/i><br class=\"\" \/>Outre\u00a0des r\u00e9f\u00e9rences \u00e0 l&rsquo;\u0153uvre po\u00e9tique de Jacques Dupin,\u00a0la\u00a0nuit est us\u00e9e\u00a0est accompagn\u00e9e d&rsquo;un texte de Carine Salgas.<\/div>\n<\/div>\n<\/div>\n<\/div>\n<\/blockquote>\n","protected":false},"featured_media":2764,"template":"","meta":[],"product_brand":[],"product_cat":[934],"product_tag":[],"class_list":{"0":"post-2762","1":"product","2":"type-product","3":"status-publish","4":"has-post-thumbnail","6":"product_cat-poesie-image","8":"first","9":"instock","10":"shipping-taxable","11":"purchasable","12":"product-type-simple"},"_links":{"self":[{"href":"http:\/\/www.voixeditions.com\/index.php?rest_route=\/wp\/v2\/product\/2762","targetHints":{"allow":["GET"]}}],"collection":[{"href":"http:\/\/www.voixeditions.com\/index.php?rest_route=\/wp\/v2\/product"}],"about":[{"href":"http:\/\/www.voixeditions.com\/index.php?rest_route=\/wp\/v2\/types\/product"}],"wp:featuredmedia":[{"embeddable":true,"href":"http:\/\/www.voixeditions.com\/index.php?rest_route=\/wp\/v2\/media\/2764"}],"wp:attachment":[{"href":"http:\/\/www.voixeditions.com\/index.php?rest_route=%2Fwp%2Fv2%2Fmedia&parent=2762"}],"wp:term":[{"taxonomy":"product_brand","embeddable":true,"href":"http:\/\/www.voixeditions.com\/index.php?rest_route=%2Fwp%2Fv2%2Fproduct_brand&post=2762"},{"taxonomy":"product_cat","embeddable":true,"href":"http:\/\/www.voixeditions.com\/index.php?rest_route=%2Fwp%2Fv2%2Fproduct_cat&post=2762"},{"taxonomy":"product_tag","embeddable":true,"href":"http:\/\/www.voixeditions.com\/index.php?rest_route=%2Fwp%2Fv2%2Fproduct_tag&post=2762"}],"curies":[{"name":"wp","href":"https:\/\/api.w.org\/{rel}","templated":true}]}}