{"id":2681,"date":"2017-09-04T12:12:27","date_gmt":"2017-09-04T11:12:27","guid":{"rendered":"http:\/\/www.voixeditions.com\/?post_type=product&#038;p=2681"},"modified":"2023-04-14T08:36:53","modified_gmt":"2023-04-14T07:36:53","slug":"henri-chopin","status":"publish","type":"product","link":"http:\/\/www.voixeditions.com\/?product=henri-chopin","title":{"rendered":"Henri Chopin"},"content":{"rendered":"<p><img loading=\"lazy\" decoding=\"async\" class=\"alignnone size-full wp-image-2676\" src=\"http:\/\/www.voixeditions.com\/newsite\/wp-content\/uploads\/2017\/09\/henriChopin.jpg\" alt=\"henriChopin\" width=\"979\" height=\"1189\" srcset=\"http:\/\/www.voixeditions.com\/newsite\/wp-content\/uploads\/2017\/09\/henriChopin.jpg 979w, http:\/\/www.voixeditions.com\/newsite\/wp-content\/uploads\/2017\/09\/henriChopin-500x607.jpg 500w\" sizes=\"auto, (max-width: 979px) 100vw, 979px\" \/><\/p>\n","protected":false},"excerpt":{"rendered":"<p>\u00ab\u00a0La po\u00e9sie \u00e9chap\u00e9e\u00a0\u00bb<\/p>\n","protected":false},"featured_media":2676,"template":"","meta":[],"product_brand":[],"product_cat":[32],"product_tag":[],"class_list":{"0":"post-2681","1":"product","2":"type-product","3":"status-publish","4":"has-post-thumbnail","6":"product_cat-1_poesie","8":"first","9":"outofstock","10":"shipping-taxable","11":"purchasable","12":"product-type-simple"},"_links":{"self":[{"href":"http:\/\/www.voixeditions.com\/index.php?rest_route=\/wp\/v2\/product\/2681","targetHints":{"allow":["GET"]}}],"collection":[{"href":"http:\/\/www.voixeditions.com\/index.php?rest_route=\/wp\/v2\/product"}],"about":[{"href":"http:\/\/www.voixeditions.com\/index.php?rest_route=\/wp\/v2\/types\/product"}],"wp:featuredmedia":[{"embeddable":true,"href":"http:\/\/www.voixeditions.com\/index.php?rest_route=\/wp\/v2\/media\/2676"}],"wp:attachment":[{"href":"http:\/\/www.voixeditions.com\/index.php?rest_route=%2Fwp%2Fv2%2Fmedia&parent=2681"}],"wp:term":[{"taxonomy":"product_brand","embeddable":true,"href":"http:\/\/www.voixeditions.com\/index.php?rest_route=%2Fwp%2Fv2%2Fproduct_brand&post=2681"},{"taxonomy":"product_cat","embeddable":true,"href":"http:\/\/www.voixeditions.com\/index.php?rest_route=%2Fwp%2Fv2%2Fproduct_cat&post=2681"},{"taxonomy":"product_tag","embeddable":true,"href":"http:\/\/www.voixeditions.com\/index.php?rest_route=%2Fwp%2Fv2%2Fproduct_tag&post=2681"}],"curies":[{"name":"wp","href":"https:\/\/api.w.org\/{rel}","templated":true}]}}