{"id":2576,"date":"2016-11-14T12:07:48","date_gmt":"2016-11-14T11:07:48","guid":{"rendered":"http:\/\/www.voixeditions.com\/?post_type=product&#038;p=2576"},"modified":"2016-11-14T12:11:39","modified_gmt":"2016-11-14T11:11:39","slug":"serge-pey","status":"publish","type":"product","link":"http:\/\/www.voixeditions.com\/?product=serge-pey","title":{"rendered":"SERGE PEY &#8211; J\u00c9R\u00d4ME BOSCH"},"content":{"rendered":"<p><img loading=\"lazy\" decoding=\"async\" class=\"alignnone size-full wp-image-2577\" src=\"http:\/\/www.voixeditions.com\/newsite\/wp-content\/uploads\/2016\/11\/Serge-PEY.jpg\" alt=\"serge-pey\" width=\"1836\" height=\"2388\" srcset=\"http:\/\/www.voixeditions.com\/newsite\/wp-content\/uploads\/2016\/11\/Serge-PEY.jpg 1836w, http:\/\/www.voixeditions.com\/newsite\/wp-content\/uploads\/2016\/11\/Serge-PEY-500x650.jpg 500w, http:\/\/www.voixeditions.com\/newsite\/wp-content\/uploads\/2016\/11\/Serge-PEY-1076x1400.jpg 1076w, http:\/\/www.voixeditions.com\/newsite\/wp-content\/uploads\/2016\/11\/Serge-PEY-1280x1665.jpg 1280w\" sizes=\"auto, (max-width: 1836px) 100vw, 1836px\" \/><\/p>\n<p>&nbsp;<\/p>\n<p>Toute \u0153uvre secr\u00e8te s\u2019ouvre avec un secret. Ainsi le Jardin des d\u00e9lices a une porte et une clef. Mais ici c\u2019est une porte qui ouvre la clef du po\u00e8me. Avertissement d\u2019Alchimie est le d\u00e9tournement d\u2019une citation de Walter Benjamin, Avertissement d\u2019incendie. Comme dans un fragment de Sens unique, Le po\u00e8te nous livre ici une nouvelle clef de l\u2019\u0153uvre insondable de J\u00e9r\u00f4me Bosch. Serge Pey nous d\u00e9montre, \u00e0 travers lettres, po\u00e8mes anaphoriques, commentaires et descriptions, que la science alchimique est la po\u00e9tique incontestable qui irrigue les images du labyrinthe de l\u2019\u0153uvre. Le Jardin des d\u00e9lices, La tentation de Saint Antoine, Le Chariot de foin ou Le Jugement dernier, sont ainsi explor\u00e9s et comment\u00e9s dans les spirales mystiques et visionnaires de cet artiste inclassable, contemporain de Michel Ange et de L\u00e9onard de Vinci.<br \/>\nC\u2019est dans une longue lettre adress\u00e9e \u00e0 son ami Serge Hutin, aujourd\u2019hui disparu, que le po\u00e8te-chercheur d\u00e9livre ici une nouvelle grille et une m\u00e9thode de lecture.<br \/>\n\u00c0 travers les ombres des corps tortur\u00e9s des enfers, et celles glorifi\u00e9es amoureusement et sans p\u00e9ch\u00e9 de la parenth\u00e8se d\u2019un paradis, c\u2019est de la lumi\u00e8re d\u2019un corps alchimique dont le po\u00e8te nous parle. \u0152uvre au noir,\u0152uvre au blanc et \u0152uvre au rouge sont la colonne vert\u00e9brale de la parabole peinte sublime de ce Mutus Liber.<br \/>\nPo\u00e8me \u00e9rudit et visionnaire, faisant appel aux labyrinthes de la science de l\u2019Art Royal, ce recueil est la somme de d\u00e9cennies de r\u00e9flexions et de notes prises par Serge Pey au bord de l\u2019athanor de toute la po\u00e9sie et de ses tables d\u2019\u00e9meraude.<\/p>\n<p>Serge Pey est l\u2019auteur d\u2019une cinquantaine d\u2019ouvrages de po\u00e9sie, de nouvelles philosophiques et de critiques.<br \/>\nTh\u00e9oricien des relations entretenues entre l\u2019\u00e9criture et le corps, penseur des rituels de la parole, plasticien et muraliste, son \u0153uvre traverse le mouvement contemporain de l\u2019art action et de la po\u00e9sie directe. Membre de l\u2019unit\u00e9 mixte de recherche ACTE et du groupe ESPAS (Esth\u00e9tique de la performance et arts du spectacle), Sorbonne-Cnrs, il dirige les Chantiers d\u2019art provisoire du Centre d\u2019initiative artistique de l\u2019Universit\u00e9 Toulouse II- Jean Jaur\u00e8s. Parmi ses derni\u00e8res parutions retenons : Ahuc, po\u00e8mes strat\u00e9giques (\u00c9d. Flammarion), Le tr\u00e9sor de la guerre d\u2019Espagne, La bo\u00eete aux lettres du cimeti\u00e8re (Zulma), Le manifeste magdal\u00e9nien, critique du temps (Dernier T\u00e9l\u00e9gramme). \u00c0 Voix-\u00e9dition, il est l\u2019auteur de Si on veut lib\u00e9rer les vivants, il faut aussi lib\u00e9rer les morts et La barque de pierre. Le prix de po\u00e9sie Robert Gonzo lui a \u00e9t\u00e9 d\u00e9cern\u00e9 en juin 2013, lors du festival \u00ab Les \u00e9tonnants voyageurs \u00bb pour l\u2019ensemble de son \u0153uvre.<\/p>\n<p>&nbsp;<\/p>\n<p>ISBN 978-2-36210-044-4<\/p>\n<p><span style=\"border-radius: 2px; text-indent: 20px; width: auto; padding: 0px 4px 0px 0px; text-align: center; font: bold 11px\/20px 'Helvetica Neue',Helvetica,sans-serif; color: #ffffff; background: #bd081c  no-repeat scroll 3px 50% \/ 14px 14px; position: absolute; opacity: 1; z-index: 8675309; display: none; cursor: pointer;\">Enregistrer<\/span><\/p>\n","protected":false},"excerpt":{"rendered":"<p>&nbsp; Toute \u0153uvre secr\u00e8te s\u2019ouvre avec un secret. Ainsi le Jardin des d\u00e9lices a une porte et une clef. Mais ici c\u2019est une porte qui ouvre la clef du po\u00e8me. Avertissement d\u2019Alchimie est le d\u00e9tournement d\u2019une citation de Walter Benjamin, Avertissement d\u2019incendie. Comme dans un fragment de Sens unique, Le po\u00e8te nous livre ici une nouvelle clef de l\u2019\u0153uvre insondable [&hellip;]<\/p>\n","protected":false},"featured_media":2577,"template":"","meta":[],"product_brand":[],"product_cat":[32],"product_tag":[963,109,967,802,201,203,978,971,600,230,972],"class_list":{"0":"post-2576","1":"product","2":"type-product","3":"status-publish","4":"has-post-thumbnail","6":"product_cat-1_poesie","7":"product_tag-artiste","8":"product_tag-dessin","9":"product_tag-livre-dartiste","10":"product_tag-pey","11":"product_tag-poesie","12":"product_tag-poete","13":"product_tag-serge-pey","14":"product_tag-texte","15":"product_tag-toulouse","16":"product_tag-voix-editions","17":"product_tag-voix-editions-richard-meier","18":"product_shipping_class-france","20":"first","21":"instock","22":"shipping-taxable","23":"purchasable","24":"product-type-simple"},"_links":{"self":[{"href":"http:\/\/www.voixeditions.com\/index.php?rest_route=\/wp\/v2\/product\/2576","targetHints":{"allow":["GET"]}}],"collection":[{"href":"http:\/\/www.voixeditions.com\/index.php?rest_route=\/wp\/v2\/product"}],"about":[{"href":"http:\/\/www.voixeditions.com\/index.php?rest_route=\/wp\/v2\/types\/product"}],"wp:featuredmedia":[{"embeddable":true,"href":"http:\/\/www.voixeditions.com\/index.php?rest_route=\/wp\/v2\/media\/2577"}],"wp:attachment":[{"href":"http:\/\/www.voixeditions.com\/index.php?rest_route=%2Fwp%2Fv2%2Fmedia&parent=2576"}],"wp:term":[{"taxonomy":"product_brand","embeddable":true,"href":"http:\/\/www.voixeditions.com\/index.php?rest_route=%2Fwp%2Fv2%2Fproduct_brand&post=2576"},{"taxonomy":"product_cat","embeddable":true,"href":"http:\/\/www.voixeditions.com\/index.php?rest_route=%2Fwp%2Fv2%2Fproduct_cat&post=2576"},{"taxonomy":"product_tag","embeddable":true,"href":"http:\/\/www.voixeditions.com\/index.php?rest_route=%2Fwp%2Fv2%2Fproduct_tag&post=2576"}],"curies":[{"name":"wp","href":"https:\/\/api.w.org\/{rel}","templated":true}]}}