{"id":2514,"date":"2015-11-02T15:57:04","date_gmt":"2015-11-02T14:57:04","guid":{"rendered":"http:\/\/www.voixeditions.com\/?post_type=product&#038;p=2514"},"modified":"2015-11-02T15:57:44","modified_gmt":"2015-11-02T14:57:44","slug":"michel-butor","status":"publish","type":"product","link":"http:\/\/www.voixeditions.com\/?product=michel-butor","title":{"rendered":"Michel Butor"},"content":{"rendered":"<p><img loading=\"lazy\" decoding=\"async\" class=\"alignnone wp-image-2516 size-large\" src=\"http:\/\/www.voixeditions.com\/newsite\/wp-content\/uploads\/2015\/11\/BUTOR-3-1400x796.jpg\" alt=\"BUTOR-3\" width=\"1170\" height=\"665\" srcset=\"http:\/\/www.voixeditions.com\/newsite\/wp-content\/uploads\/2015\/11\/BUTOR-3-1400x796.jpg 1400w, http:\/\/www.voixeditions.com\/newsite\/wp-content\/uploads\/2015\/11\/BUTOR-3-500x284.jpg 500w, http:\/\/www.voixeditions.com\/newsite\/wp-content\/uploads\/2015\/11\/BUTOR-3-1280x728.jpg 1280w, http:\/\/www.voixeditions.com\/newsite\/wp-content\/uploads\/2015\/11\/BUTOR-3.jpg 1772w\" sizes=\"auto, (max-width: 1170px) 100vw, 1170px\" \/><\/p>\n<p>&nbsp;<\/p>\n<p><img loading=\"lazy\" decoding=\"async\" class=\"alignnone wp-image-2517 size-large\" src=\"http:\/\/www.voixeditions.com\/newsite\/wp-content\/uploads\/2015\/11\/BUTOR-5-1400x933.jpg\" alt=\"BUTOR-5\" width=\"1170\" height=\"780\" srcset=\"http:\/\/www.voixeditions.com\/newsite\/wp-content\/uploads\/2015\/11\/BUTOR-5-1400x933.jpg 1400w, http:\/\/www.voixeditions.com\/newsite\/wp-content\/uploads\/2015\/11\/BUTOR-5-500x333.jpg 500w, http:\/\/www.voixeditions.com\/newsite\/wp-content\/uploads\/2015\/11\/BUTOR-5-1280x853.jpg 1280w, http:\/\/www.voixeditions.com\/newsite\/wp-content\/uploads\/2015\/11\/BUTOR-5.jpg 1772w\" sizes=\"auto, (max-width: 1170px) 100vw, 1170px\" \/><\/p>\n","protected":false},"excerpt":{"rendered":"<p><strong>Michel Butor<\/strong><\/p>\n<p><em><strong>Un po\u00e8me par page<\/strong><\/em><\/p>\n<p>336 pages collection Livre l\u00e8vre, tir\u00e9 \u00e0 8 exemplaires sign\u00e9s et num\u00e9rot\u00e9s, plus un exemplaire d&rsquo;artiste.<br \/>\n1411 cercles et 1667 lignes \u00e9crites.<\/p>\n<p>164 po\u00e8mes et 164 signes de ponctuations de page de Michel Butor.<\/p>\n<p>Couverture de Richard Meier, en double enveloppement du volume assembl\u00e9 en un seul cahier cousu, ajour\u00e9s de trous r\u00e9alis\u00e9 le jour de l\u2019\u00e9clipse de Lune le 28 septembre 2015.<\/p>\n","protected":false},"featured_media":2515,"template":"","meta":[],"product_brand":[],"product_cat":[810,32],"product_tag":[58,79,114,966,967,970,230,972],"class_list":{"0":"post-2514","1":"product","2":"type-product","3":"status-publish","4":"has-post-thumbnail","6":"product_cat-10_livre-levre","7":"product_cat-1_poesie","8":"product_tag-auteur","9":"product_tag-butor","10":"product_tag-editions","11":"product_tag-livre","12":"product_tag-livre-dartiste","13":"product_tag-richard-meier","14":"product_tag-voix-editions","15":"product_tag-voix-editions-richard-meier","17":"first","18":"instock","19":"shipping-taxable","20":"purchasable","21":"product-type-simple"},"_links":{"self":[{"href":"http:\/\/www.voixeditions.com\/index.php?rest_route=\/wp\/v2\/product\/2514","targetHints":{"allow":["GET"]}}],"collection":[{"href":"http:\/\/www.voixeditions.com\/index.php?rest_route=\/wp\/v2\/product"}],"about":[{"href":"http:\/\/www.voixeditions.com\/index.php?rest_route=\/wp\/v2\/types\/product"}],"wp:featuredmedia":[{"embeddable":true,"href":"http:\/\/www.voixeditions.com\/index.php?rest_route=\/wp\/v2\/media\/2515"}],"wp:attachment":[{"href":"http:\/\/www.voixeditions.com\/index.php?rest_route=%2Fwp%2Fv2%2Fmedia&parent=2514"}],"wp:term":[{"taxonomy":"product_brand","embeddable":true,"href":"http:\/\/www.voixeditions.com\/index.php?rest_route=%2Fwp%2Fv2%2Fproduct_brand&post=2514"},{"taxonomy":"product_cat","embeddable":true,"href":"http:\/\/www.voixeditions.com\/index.php?rest_route=%2Fwp%2Fv2%2Fproduct_cat&post=2514"},{"taxonomy":"product_tag","embeddable":true,"href":"http:\/\/www.voixeditions.com\/index.php?rest_route=%2Fwp%2Fv2%2Fproduct_tag&post=2514"}],"curies":[{"name":"wp","href":"https:\/\/api.w.org\/{rel}","templated":true}]}}