{"id":2318,"date":"2014-06-29T16:57:05","date_gmt":"2014-06-29T15:57:05","guid":{"rendered":"http:\/\/www.voixeditions.com\/?post_type=product&#038;p=2318"},"modified":"2014-06-29T16:57:05","modified_gmt":"2014-06-29T15:57:05","slug":"mouton-joseph-2","status":"publish","type":"product","link":"http:\/\/www.voixeditions.com\/?product=mouton-joseph-2","title":{"rendered":"MOUTON Joseph"},"content":{"rendered":"","protected":false},"excerpt":{"rendered":"<p><span style=\"line-height: 1.5em;\">\u00ab\u00a0Le projet sombr&rsquo;H\u00e9ros\u00a0\u00bb &#8211; 2008<\/span><\/p>\n<p>4 exemplaires + sur commande<br \/>\nSign\u00e9 &#8211; Num\u00e9rot\u00e9<br \/>\n356 pages<\/p>\n<p>Grande r\u00e9ussite, et du texte, et de sa mise en espace.<br \/>\nUne grande vari\u00e9t\u00e9 typographique donne un ton incisif \u00e0 la lecture.<\/p>\n<p>Tous les livres l\u00e8vres sont constitu\u00e9s d&rsquo;un seul cahier de 300 \u00e0 500 pages.<\/p>\n","protected":false},"featured_media":2319,"template":"","meta":[],"product_brand":[],"product_cat":[810,26],"product_tag":[58,817,544,113,816,818,543,966,967,814,179,815,201,203,970,971,230,972],"class_list":{"0":"post-2318","1":"product","2":"type-product","3":"status-publish","4":"has-post-thumbnail","6":"product_cat-10_livre-levre","7":"product_cat-7_primitiv-voix","8":"product_tag-auteur","9":"product_tag-directeur-artistique","10":"product_tag-dominique-figarella","11":"product_tag-ecrivain","12":"product_tag-ecrivian","13":"product_tag-figarella","14":"product_tag-joseph-mouton","15":"product_tag-livre","16":"product_tag-livre-dartiste","17":"product_tag-mouton","18":"product_tag-nice","19":"product_tag-perfomance","20":"product_tag-poesie","21":"product_tag-poete","22":"product_tag-richard-meier","23":"product_tag-texte","24":"product_tag-voix-editions","25":"product_tag-voix-editions-richard-meier","27":"first","28":"instock","29":"shipping-taxable","30":"purchasable","31":"product-type-simple"},"_links":{"self":[{"href":"http:\/\/www.voixeditions.com\/index.php?rest_route=\/wp\/v2\/product\/2318","targetHints":{"allow":["GET"]}}],"collection":[{"href":"http:\/\/www.voixeditions.com\/index.php?rest_route=\/wp\/v2\/product"}],"about":[{"href":"http:\/\/www.voixeditions.com\/index.php?rest_route=\/wp\/v2\/types\/product"}],"wp:featuredmedia":[{"embeddable":true,"href":"http:\/\/www.voixeditions.com\/index.php?rest_route=\/wp\/v2\/media\/2319"}],"wp:attachment":[{"href":"http:\/\/www.voixeditions.com\/index.php?rest_route=%2Fwp%2Fv2%2Fmedia&parent=2318"}],"wp:term":[{"taxonomy":"product_brand","embeddable":true,"href":"http:\/\/www.voixeditions.com\/index.php?rest_route=%2Fwp%2Fv2%2Fproduct_brand&post=2318"},{"taxonomy":"product_cat","embeddable":true,"href":"http:\/\/www.voixeditions.com\/index.php?rest_route=%2Fwp%2Fv2%2Fproduct_cat&post=2318"},{"taxonomy":"product_tag","embeddable":true,"href":"http:\/\/www.voixeditions.com\/index.php?rest_route=%2Fwp%2Fv2%2Fproduct_tag&post=2318"}],"curies":[{"name":"wp","href":"https:\/\/api.w.org\/{rel}","templated":true}]}}