{"id":2312,"date":"2014-06-29T16:08:42","date_gmt":"2014-06-29T15:08:42","guid":{"rendered":"http:\/\/www.voixeditions.com\/?post_type=product&#038;p=2312"},"modified":"2014-06-29T16:38:31","modified_gmt":"2014-06-29T15:38:31","slug":"scanreigh-jean-marc-2","status":"publish","type":"product","link":"http:\/\/www.voixeditions.com\/?product=scanreigh-jean-marc-2","title":{"rendered":"SCANREIGH Jean-Marc"},"content":{"rendered":"","protected":false},"excerpt":{"rendered":"<p><span style=\"line-height: 1.5em;\">\u00ab\u00a0Du coeur des l\u00e8vres\u00a0\u00bb &#8211; 2010<br \/>\n10 exemplaires<\/span><\/p>\n<p>Sign\u00e9 &#8211; Num\u00e9rot\u00e9, augment\u00e9 de 3 dessins de l&rsquo;artiste.<br \/>\n320 pages.<\/p>\n<p>Le texte est un commentaire du livre en train de se r\u00e9aliser.<br \/>\nTous les livres l\u00e8vres sont constitu\u00e9s d&rsquo;un seul cahier de 300 \u00e0 588 pages.<\/p>\n","protected":false},"featured_media":2313,"template":"","meta":[],"product_brand":[],"product_cat":[810,26],"product_tag":[66,977,109,494,967,812,976,970,495,971,230,972],"class_list":{"0":"post-2312","1":"product","2":"type-product","3":"status-publish","4":"has-post-thumbnail","6":"product_cat-10_livre-levre","7":"product_cat-7_primitiv-voix","8":"product_tag-beaux-arts","9":"product_tag-carre-dart","10":"product_tag-dessin","11":"product_tag-jean-marc-scanreigh","12":"product_tag-livre-dartiste","13":"product_tag-livre-levre","14":"product_tag-nimes","15":"product_tag-richard-meier","16":"product_tag-scanreigh","17":"product_tag-texte","18":"product_tag-voix-editions","19":"product_tag-voix-editions-richard-meier","21":"first","22":"instock","23":"shipping-taxable","24":"purchasable","25":"product-type-simple"},"_links":{"self":[{"href":"http:\/\/www.voixeditions.com\/index.php?rest_route=\/wp\/v2\/product\/2312","targetHints":{"allow":["GET"]}}],"collection":[{"href":"http:\/\/www.voixeditions.com\/index.php?rest_route=\/wp\/v2\/product"}],"about":[{"href":"http:\/\/www.voixeditions.com\/index.php?rest_route=\/wp\/v2\/types\/product"}],"wp:featuredmedia":[{"embeddable":true,"href":"http:\/\/www.voixeditions.com\/index.php?rest_route=\/wp\/v2\/media\/2313"}],"wp:attachment":[{"href":"http:\/\/www.voixeditions.com\/index.php?rest_route=%2Fwp%2Fv2%2Fmedia&parent=2312"}],"wp:term":[{"taxonomy":"product_brand","embeddable":true,"href":"http:\/\/www.voixeditions.com\/index.php?rest_route=%2Fwp%2Fv2%2Fproduct_brand&post=2312"},{"taxonomy":"product_cat","embeddable":true,"href":"http:\/\/www.voixeditions.com\/index.php?rest_route=%2Fwp%2Fv2%2Fproduct_cat&post=2312"},{"taxonomy":"product_tag","embeddable":true,"href":"http:\/\/www.voixeditions.com\/index.php?rest_route=%2Fwp%2Fv2%2Fproduct_tag&post=2312"}],"curies":[{"name":"wp","href":"https:\/\/api.w.org\/{rel}","templated":true}]}}