{"id":2075,"date":"2014-03-10T15:07:32","date_gmt":"2014-03-10T14:07:32","guid":{"rendered":"http:\/\/www.voixeditions.com\/newsite\/?post_type=product&#038;p=2075"},"modified":"2014-06-25T15:26:53","modified_gmt":"2014-06-25T14:26:53","slug":"buraglio-pierre","status":"publish","type":"product","link":"http:\/\/www.voixeditions.com\/?product=buraglio-pierre","title":{"rendered":"BURAGLIO Pierre"},"content":{"rendered":"","protected":false},"excerpt":{"rendered":"<p>\u00ab\u00a0Biffin\u00a0\u00bb &#8211; 1991<br \/>\nTir\u00e9 \u00e0 210 ex. allugraphi\u00e9s sign\u00e9s et num\u00e9rot\u00e9s dont 12 ex. de t\u00eate orn\u00e9s d&rsquo;un dessin original de Pierre Buraglio (pour le tarif des ex de t\u00eate nous contacter)<\/p>\n","protected":false},"featured_media":2078,"template":"","meta":[],"product_brand":[],"product_cat":[110],"product_tag":[963,66,654,109,964,114,967,169,653,970,230,972],"class_list":{"0":"post-2075","1":"product","2":"type-product","3":"status-publish","4":"has-post-thumbnail","6":"product_cat-6_dessins","7":"product_tag-artiste","8":"product_tag-beaux-arts","9":"product_tag-biffin","10":"product_tag-dessin","11":"product_tag-6_dessins","12":"product_tag-editions","13":"product_tag-livre-dartiste","14":"product_tag-metz","15":"product_tag-pierre-buraglio","16":"product_tag-richard-meier","17":"product_tag-voix-editions","18":"product_tag-voix-editions-richard-meier","20":"first","21":"instock","22":"shipping-taxable","23":"purchasable","24":"product-type-simple"},"_links":{"self":[{"href":"http:\/\/www.voixeditions.com\/index.php?rest_route=\/wp\/v2\/product\/2075","targetHints":{"allow":["GET"]}}],"collection":[{"href":"http:\/\/www.voixeditions.com\/index.php?rest_route=\/wp\/v2\/product"}],"about":[{"href":"http:\/\/www.voixeditions.com\/index.php?rest_route=\/wp\/v2\/types\/product"}],"wp:featuredmedia":[{"embeddable":true,"href":"http:\/\/www.voixeditions.com\/index.php?rest_route=\/wp\/v2\/media\/2078"}],"wp:attachment":[{"href":"http:\/\/www.voixeditions.com\/index.php?rest_route=%2Fwp%2Fv2%2Fmedia&parent=2075"}],"wp:term":[{"taxonomy":"product_brand","embeddable":true,"href":"http:\/\/www.voixeditions.com\/index.php?rest_route=%2Fwp%2Fv2%2Fproduct_brand&post=2075"},{"taxonomy":"product_cat","embeddable":true,"href":"http:\/\/www.voixeditions.com\/index.php?rest_route=%2Fwp%2Fv2%2Fproduct_cat&post=2075"},{"taxonomy":"product_tag","embeddable":true,"href":"http:\/\/www.voixeditions.com\/index.php?rest_route=%2Fwp%2Fv2%2Fproduct_tag&post=2075"}],"curies":[{"name":"wp","href":"https:\/\/api.w.org\/{rel}","templated":true}]}}