{"id":2063,"date":"2014-03-07T15:24:54","date_gmt":"2014-03-07T14:24:54","guid":{"rendered":"http:\/\/www.voixeditions.com\/newsite\/?post_type=product&#038;p=2063"},"modified":"2023-07-04T10:30:54","modified_gmt":"2023-07-04T09:30:54","slug":"des-gachons-patrick","status":"publish","type":"product","link":"http:\/\/www.voixeditions.com\/?product=des-gachons-patrick","title":{"rendered":"DES GACHONS Patrick"},"content":{"rendered":"","protected":false},"excerpt":{"rendered":"<p>\u00ab\u00a0<strong>25 \u00e9t\u00e9s \u00e0 Fra\u00efss\u00e9<\/strong>\u00a0\u00bb &#8211; 2013<br \/>\nPr\u00e9face de Catherine Millet<\/p>\n<p>Le Ch\u00e2teau de Fra\u00efss\u00e9 &#8211; Art Sud est un lieu d\u2019exposition anim\u00e9 par l\u2019artiste Patrick des Gachons qui invite chaque \u00e9t\u00e9 un autre artiste (g\u00e9n\u00e9ralement dans la mouvance \u201cminimaliste\u201d), reconnu dans le monde de l\u2019art.<br \/>\nCet ouvrage c\u00e9l\u00e8bre le 25e anniversaire de ce lieu d\u2019exposition en retra\u00e7ant vingt-cinq ann\u00e9es d\u2019\u00e9changes artistiques.<\/p>\n<p>Pr\u00e9sente des \u0153uvres de Donald Alberti, John Armleder, C\u00e9cile Bart, Jean-Pierre Bertrand, Daniel Buren, Pascal Broccolichi, Alan Charlton, Jean-Gabriel Coignet, David Diao, Christian Floquet, Gottfried Honegger, Tadashi Kawamata, Julije Knifer, Krijn de Koning, Bertrand Lavier, Jean-Luc Manz, Christophe Morellet, Fran\u00e7ois Morellet, Olivier Mosset, Mehdi Moutashar, Aur\u00e9lie Nemours, Roman Opalka, Dimitry Orlac, Fran\u00e7ois Perrodin, Steve Reich, Francisco Salazar, Adrian Schiess, Jesus-Rapha\u00ebl Soto, C\u00e9dric Teisseire, David Tremlett, Felice Varini, Bernar Venet, Michel Verjux et Jacques Vieille.<\/p>\n","protected":false},"featured_media":2064,"template":"","meta":[],"product_brand":[],"product_cat":[934],"product_tag":[642,622,302,963,636,646,630,649,614,618,644,615,625,632,620,624,105,638,616,114,645,641,633,639,626,648,623,631,619,643,617,628,629,967,635,647,634,621,979,969,196,201,970,637,640,627,230,972],"class_list":{"0":"post-2063","1":"product","2":"type-product","3":"status-publish","4":"has-post-thumbnail","6":"product_cat-poesie-image","7":"product_tag-adrian-schiess","8":"product_tag-alan-charlton","9":"product_tag-art-contemporain","10":"product_tag-artiste","11":"product_tag-aurelie-nemours","12":"product_tag-bernar-venet","13":"product_tag-bertrand-lavier","14":"product_tag-catalogue","15":"product_tag-catherine-millet","16":"product_tag-cecile-bart","17":"product_tag-cedric-teisseire","18":"product_tag-chateau-de-fraisse","19":"product_tag-christian-floquet","20":"product_tag-christophe-morellet","21":"product_tag-daniel-buren","22":"product_tag-david-diao","23":"product_tag-david-tremlett","24":"product_tag-dimitry-orlac","25":"product_tag-donald-alberti","26":"product_tag-editions","27":"product_tag-felice-varini","28":"product_tag-francisco-salazar","29":"product_tag-francois-morellet","30":"product_tag-francois-perrodin","31":"product_tag-gottfried-honegger","32":"product_tag-jacques-vieille","33":"product_tag-jean-gabriel-coignet","34":"product_tag-jean-luc-manz","35":"product_tag-jean-pierre-bertrand","36":"product_tag-jesus-raphael-soto","37":"product_tag-john-armleder","38":"product_tag-julije-knifer","39":"product_tag-krijn-de-koning","40":"product_tag-livre-dartiste","41":"product_tag-mehdi-moutashar","42":"product_tag-michel-verjux","43":"product_tag-olivier-mosset","44":"product_tag-pascal-broccolichi","45":"product_tag-patrick-des-gachons","46":"product_tag-perpignan","47":"product_tag-photo","48":"product_tag-poesie","49":"product_tag-richard-meier","50":"product_tag-roman-opalka","51":"product_tag-steve-reich","52":"product_tag-tadashi-kawamata","53":"product_tag-voix-editions","54":"product_tag-voix-editions-richard-meier","56":"first","57":"instock","58":"shipping-taxable","59":"purchasable","60":"product-type-simple"},"_links":{"self":[{"href":"http:\/\/www.voixeditions.com\/index.php?rest_route=\/wp\/v2\/product\/2063","targetHints":{"allow":["GET"]}}],"collection":[{"href":"http:\/\/www.voixeditions.com\/index.php?rest_route=\/wp\/v2\/product"}],"about":[{"href":"http:\/\/www.voixeditions.com\/index.php?rest_route=\/wp\/v2\/types\/product"}],"wp:featuredmedia":[{"embeddable":true,"href":"http:\/\/www.voixeditions.com\/index.php?rest_route=\/wp\/v2\/media\/2064"}],"wp:attachment":[{"href":"http:\/\/www.voixeditions.com\/index.php?rest_route=%2Fwp%2Fv2%2Fmedia&parent=2063"}],"wp:term":[{"taxonomy":"product_brand","embeddable":true,"href":"http:\/\/www.voixeditions.com\/index.php?rest_route=%2Fwp%2Fv2%2Fproduct_brand&post=2063"},{"taxonomy":"product_cat","embeddable":true,"href":"http:\/\/www.voixeditions.com\/index.php?rest_route=%2Fwp%2Fv2%2Fproduct_cat&post=2063"},{"taxonomy":"product_tag","embeddable":true,"href":"http:\/\/www.voixeditions.com\/index.php?rest_route=%2Fwp%2Fv2%2Fproduct_tag&post=2063"}],"curies":[{"name":"wp","href":"https:\/\/api.w.org\/{rel}","templated":true}]}}