{"id":2015,"date":"2014-03-06T10:58:32","date_gmt":"2014-03-06T09:58:32","guid":{"rendered":"http:\/\/www.voixeditions.com\/newsite\/?post_type=product&#038;p=2015"},"modified":"2023-07-04T10:37:32","modified_gmt":"2023-07-04T09:37:32","slug":"metail-michele","status":"publish","type":"product","link":"http:\/\/www.voixeditions.com\/?product=metail-michele","title":{"rendered":"M\u00c9TAIL Mich\u00e8le"},"content":{"rendered":"","protected":false},"excerpt":{"rendered":"<p>\u00ab\u00a0Dialogues (3 pi\u00e8ces microphoniques)\u00a0\u00bb &#8211; 2002<br \/>\n55 pages<br \/>\nTirage limit\u00e9 \u00e0 500 exemplaires<br \/>\n20 ex. de t\u00eate sont sign\u00e9s et num. de I \u00e0 XX et accompagn\u00e9s de ponctuations de l&rsquo;artiste (nous contacter pour plus d&rsquo;information)<\/p>\n","protected":false},"featured_media":2016,"template":"","meta":[],"product_brand":[],"product_cat":[934],"product_tag":[58,570,114,573,572,967,555,571,201,203,971,230,972],"class_list":{"0":"post-2015","1":"product","2":"type-product","3":"status-publish","4":"has-post-thumbnail","6":"product_cat-poesie-image","7":"product_tag-auteur","8":"product_tag-dialogues-3-pieces-microphoniques","9":"product_tag-editions","10":"product_tag-lecture","11":"product_tag-les-arts-contigus","12":"product_tag-livre-dartiste","13":"product_tag-louis-roquin","14":"product_tag-michele-metail","15":"product_tag-poesie","16":"product_tag-poete","17":"product_tag-texte","18":"product_tag-voix-editions","19":"product_tag-voix-editions-richard-meier","21":"first","22":"instock","23":"shipping-taxable","24":"purchasable","25":"product-type-simple"},"_links":{"self":[{"href":"http:\/\/www.voixeditions.com\/index.php?rest_route=\/wp\/v2\/product\/2015","targetHints":{"allow":["GET"]}}],"collection":[{"href":"http:\/\/www.voixeditions.com\/index.php?rest_route=\/wp\/v2\/product"}],"about":[{"href":"http:\/\/www.voixeditions.com\/index.php?rest_route=\/wp\/v2\/types\/product"}],"wp:featuredmedia":[{"embeddable":true,"href":"http:\/\/www.voixeditions.com\/index.php?rest_route=\/wp\/v2\/media\/2016"}],"wp:attachment":[{"href":"http:\/\/www.voixeditions.com\/index.php?rest_route=%2Fwp%2Fv2%2Fmedia&parent=2015"}],"wp:term":[{"taxonomy":"product_brand","embeddable":true,"href":"http:\/\/www.voixeditions.com\/index.php?rest_route=%2Fwp%2Fv2%2Fproduct_brand&post=2015"},{"taxonomy":"product_cat","embeddable":true,"href":"http:\/\/www.voixeditions.com\/index.php?rest_route=%2Fwp%2Fv2%2Fproduct_cat&post=2015"},{"taxonomy":"product_tag","embeddable":true,"href":"http:\/\/www.voixeditions.com\/index.php?rest_route=%2Fwp%2Fv2%2Fproduct_tag&post=2015"}],"curies":[{"name":"wp","href":"https:\/\/api.w.org\/{rel}","templated":true}]}}