{"id":1837,"date":"2014-03-05T13:57:43","date_gmt":"2014-03-05T12:57:43","guid":{"rendered":"http:\/\/www.voixeditions.com\/newsite\/?post_type=product&#038;p=1837"},"modified":"2014-03-05T13:57:43","modified_gmt":"2014-03-05T12:57:43","slug":"helissen-a-verheggen-j-p","status":"publish","type":"product","link":"http:\/\/www.voixeditions.com\/?product=helissen-a-verheggen-j-p","title":{"rendered":"HELISSEN A., VERHEGGEN J-P."},"content":{"rendered":"","protected":false},"excerpt":{"rendered":"<p>\u00ab\u00a0Metz in Japan\u00a0\u00bb &#8211; 2003<br \/>\n100 pages<\/p>\n<div>Invit\u00e9s \u00e0 intervenir dans le cadre de <em>l\u2019\u00e9t\u00e9 du livre<\/em>, \u00e0 Metz<\/div>\n<div>en 2003, <strong>Alain Helissen et Jean-Pierre Verheggen<\/strong> ont choisi<\/div>\n<div><strong>METZ in JAPAN <\/strong>comme plate-forme de travail.<\/div>\n<div><\/div>\n<div>D\u2019abord destin\u00e9s \u00e0 constituer un journal unique de tr\u00e8s grand format, expos\u00e9 aux Beaux-Arts de Metz en juin 2003, les <strong>metz<\/strong>ologismes se sont accumul\u00e9s jusqu\u2019\u00e0 se prolonger par leur publication en livre.<\/div>\n<div><\/div>\n<div>D\u00e9localiser une ville enti\u00e8re, c\u2019est le pari, ou plut\u00f4t le \u00ab\u00a0metz\u00a0\u00bb fou, que proposent ici Jean-Pierre Verheggen et Alain Helissen.<\/div>\n<div><\/div>\n<div>Plus que des <strong>metz<\/strong>faits r\u00e9pr\u00e9hensibles, le lecteur messin \u2212 ou messin malgr\u00e9 lui, comme e\u00fbt dit <strong>Metz<\/strong>li\u00e8re \u2212 voudra bien les consid\u00e9rer comme d\u2019innocentes <strong>metz<\/strong>trapolations litt\u00e9raires.<\/div>\n<div>Quant aux lecteurs extra-<strong>metz<\/strong>ros, ils pourront visiter METZ IN JAPAN avec des yeux \u00e9<strong>metz<\/strong>veill\u00e9s par tant de <strong>metz<\/strong>travagances.<\/div>\n<div><\/div>\n<div><strong>Metz<\/strong> fallait-il le pr\u00e9ciser\u00a0?<br \/>\nAlain Helissen<\/div>\n","protected":false},"featured_media":1839,"template":"","meta":[],"product_brand":[],"product_cat":[32],"product_tag":[27,58,114,966,967,169,463,201,203,970,975,971,464,230,972],"class_list":{"0":"post-1837","1":"product","2":"type-product","3":"status-publish","4":"has-post-thumbnail","6":"product_cat-1_poesie","7":"product_tag-alain-helissen","8":"product_tag-auteur","9":"product_tag-editions","10":"product_tag-livre","11":"product_tag-livre-dartiste","12":"product_tag-metz","13":"product_tag-metz-in-japan","14":"product_tag-poesie","15":"product_tag-poete","16":"product_tag-richard-meier","17":"product_tag-salon-du-livre","18":"product_tag-texte","19":"product_tag-verheggen-jean-pierre","20":"product_tag-voix-editions","21":"product_tag-voix-editions-richard-meier","23":"first","24":"instock","25":"shipping-taxable","26":"purchasable","27":"product-type-simple"},"_links":{"self":[{"href":"http:\/\/www.voixeditions.com\/index.php?rest_route=\/wp\/v2\/product\/1837","targetHints":{"allow":["GET"]}}],"collection":[{"href":"http:\/\/www.voixeditions.com\/index.php?rest_route=\/wp\/v2\/product"}],"about":[{"href":"http:\/\/www.voixeditions.com\/index.php?rest_route=\/wp\/v2\/types\/product"}],"wp:featuredmedia":[{"embeddable":true,"href":"http:\/\/www.voixeditions.com\/index.php?rest_route=\/wp\/v2\/media\/1839"}],"wp:attachment":[{"href":"http:\/\/www.voixeditions.com\/index.php?rest_route=%2Fwp%2Fv2%2Fmedia&parent=1837"}],"wp:term":[{"taxonomy":"product_brand","embeddable":true,"href":"http:\/\/www.voixeditions.com\/index.php?rest_route=%2Fwp%2Fv2%2Fproduct_brand&post=1837"},{"taxonomy":"product_cat","embeddable":true,"href":"http:\/\/www.voixeditions.com\/index.php?rest_route=%2Fwp%2Fv2%2Fproduct_cat&post=1837"},{"taxonomy":"product_tag","embeddable":true,"href":"http:\/\/www.voixeditions.com\/index.php?rest_route=%2Fwp%2Fv2%2Fproduct_tag&post=1837"}],"curies":[{"name":"wp","href":"https:\/\/api.w.org\/{rel}","templated":true}]}}