{"id":1713,"date":"2014-03-03T10:36:50","date_gmt":"2014-03-03T09:36:50","guid":{"rendered":"http:\/\/www.voixeditions.com\/newsite\/?post_type=product&#038;p=1713"},"modified":"2014-03-03T10:41:59","modified_gmt":"2014-03-03T09:41:59","slug":"vodaine-jean-2","status":"publish","type":"product","link":"http:\/\/www.voixeditions.com\/?product=vodaine-jean-2","title":{"rendered":"VODAINE Jean"},"content":{"rendered":"","protected":false},"excerpt":{"rendered":"<p>\u00ab\u00a04 photos du profil droit\u00a0\u00bb<br \/>\nsuivi de Petits agglos de mots p\u00e9rim\u00e9s et des maixines<br \/>\ntirage de t\u00eate &#8211; pr\u00e9sentation de : Joe Ryczko<br \/>\nachev\u00e9 d&rsquo;imprimer par l&rsquo;auteur &#8211; exemplaire num\u00e9rot\u00e9 et sign\u00e9<\/p>\n","protected":false},"featured_media":1672,"template":"","meta":[],"product_brand":[],"product_cat":[28],"product_tag":[361,114,145,360,966,967,201,203,970,971,229,230,972],"class_list":{"0":"post-1713","1":"product","2":"type-product","3":"status-publish","4":"has-post-thumbnail","6":"product_cat-3_chantiers-du-temps","7":"product_tag-4-photos-du-profil-droit","8":"product_tag-editions","9":"product_tag-jean-vodaine","10":"product_tag-joe-ryczko","11":"product_tag-livre","12":"product_tag-livre-dartiste","13":"product_tag-poesie","14":"product_tag-poete","15":"product_tag-richard-meier","16":"product_tag-texte","17":"product_tag-vodaine","18":"product_tag-voix-editions","19":"product_tag-voix-editions-richard-meier","21":"first","22":"instock","23":"shipping-taxable","24":"purchasable","25":"product-type-simple"},"_links":{"self":[{"href":"http:\/\/www.voixeditions.com\/index.php?rest_route=\/wp\/v2\/product\/1713","targetHints":{"allow":["GET"]}}],"collection":[{"href":"http:\/\/www.voixeditions.com\/index.php?rest_route=\/wp\/v2\/product"}],"about":[{"href":"http:\/\/www.voixeditions.com\/index.php?rest_route=\/wp\/v2\/types\/product"}],"wp:featuredmedia":[{"embeddable":true,"href":"http:\/\/www.voixeditions.com\/index.php?rest_route=\/wp\/v2\/media\/1672"}],"wp:attachment":[{"href":"http:\/\/www.voixeditions.com\/index.php?rest_route=%2Fwp%2Fv2%2Fmedia&parent=1713"}],"wp:term":[{"taxonomy":"product_brand","embeddable":true,"href":"http:\/\/www.voixeditions.com\/index.php?rest_route=%2Fwp%2Fv2%2Fproduct_brand&post=1713"},{"taxonomy":"product_cat","embeddable":true,"href":"http:\/\/www.voixeditions.com\/index.php?rest_route=%2Fwp%2Fv2%2Fproduct_cat&post=1713"},{"taxonomy":"product_tag","embeddable":true,"href":"http:\/\/www.voixeditions.com\/index.php?rest_route=%2Fwp%2Fv2%2Fproduct_tag&post=1713"}],"curies":[{"name":"wp","href":"https:\/\/api.w.org\/{rel}","templated":true}]}}