{"id":1557,"date":"2014-02-27T15:00:11","date_gmt":"2014-02-27T14:00:11","guid":{"rendered":"http:\/\/www.voixeditions.com\/newsite\/?post_type=product&#038;p=1557"},"modified":"2014-06-29T14:33:28","modified_gmt":"2014-06-29T13:33:28","slug":"roussel-therese-mizrahi-isaac","status":"publish","type":"product","link":"http:\/\/www.voixeditions.com\/?product=roussel-therese-mizrahi-isaac","title":{"rendered":"ROUSSEL Th\u00e9r\u00e8se, MIZRAHI Isaac"},"content":{"rendered":"","protected":false},"excerpt":{"rendered":"<p>L&rsquo;\u00e2me du vivant<\/p>\n","protected":false},"featured_media":1558,"template":"","meta":[],"product_brand":[],"product_cat":[32],"product_tag":[66,109,114,115,342,139,966,967,341,968,969,201,970,340,971,225,972],"class_list":{"0":"post-1557","1":"product","2":"type-product","3":"status-publish","4":"has-post-thumbnail","6":"product_cat-1_poesie","7":"product_tag-beaux-arts","8":"product_tag-dessin","9":"product_tag-editions","10":"product_tag-elne","11":"product_tag-galerie-therese-roussel","12":"product_tag-illustration","13":"product_tag-livre","14":"product_tag-livre-dartiste","15":"product_tag-mizrahi-isaac","16":"product_tag-peinture","17":"product_tag-perpignan","18":"product_tag-poesie","19":"product_tag-richard-meier","20":"product_tag-roussel-therese","21":"product_tag-texte","22":"product_tag-vente","23":"product_tag-voix-editions-richard-meier","25":"first","26":"instock","27":"shipping-taxable","28":"purchasable","29":"product-type-simple"},"_links":{"self":[{"href":"http:\/\/www.voixeditions.com\/index.php?rest_route=\/wp\/v2\/product\/1557","targetHints":{"allow":["GET"]}}],"collection":[{"href":"http:\/\/www.voixeditions.com\/index.php?rest_route=\/wp\/v2\/product"}],"about":[{"href":"http:\/\/www.voixeditions.com\/index.php?rest_route=\/wp\/v2\/types\/product"}],"wp:featuredmedia":[{"embeddable":true,"href":"http:\/\/www.voixeditions.com\/index.php?rest_route=\/wp\/v2\/media\/1558"}],"wp:attachment":[{"href":"http:\/\/www.voixeditions.com\/index.php?rest_route=%2Fwp%2Fv2%2Fmedia&parent=1557"}],"wp:term":[{"taxonomy":"product_brand","embeddable":true,"href":"http:\/\/www.voixeditions.com\/index.php?rest_route=%2Fwp%2Fv2%2Fproduct_brand&post=1557"},{"taxonomy":"product_cat","embeddable":true,"href":"http:\/\/www.voixeditions.com\/index.php?rest_route=%2Fwp%2Fv2%2Fproduct_cat&post=1557"},{"taxonomy":"product_tag","embeddable":true,"href":"http:\/\/www.voixeditions.com\/index.php?rest_route=%2Fwp%2Fv2%2Fproduct_tag&post=1557"}],"curies":[{"name":"wp","href":"https:\/\/api.w.org\/{rel}","templated":true}]}}