{"id":2423,"date":"2013-07-07T17:36:41","date_gmt":"2013-07-07T16:36:41","guid":{"rendered":"http:\/\/www.voixeditions.com\/?page_id=2423"},"modified":"2020-09-08T08:13:37","modified_gmt":"2020-09-08T07:13:37","slug":"mentions-legales","status":"publish","type":"page","link":"http:\/\/www.voixeditions.com\/?page_id=2423","title":{"rendered":"mentions l\u00e9gales et cgv"},"content":{"rendered":"<h2>Propri\u00e9taire et \u00e9diteur du site www.voixeditions.com<\/h2>\n<p>responsable : Richard Meier<\/p>\n<p>Adresse de correspondance\u00a0:<br \/>\n10, mas d&rsquo;avall<\/p>\n<p>66200 Elne<\/p>\n<p>Messagerie : richard.meier@orange.fr<br \/>\nT\u00e9l\u00e9phone\u00a0: 04 68 37 88 37<\/p>\n<h2><strong>Association dite<\/strong><\/h2>\n<p>Les Editions VOIX<br \/>\nTribunal d&rsquo;Instance de Metz<br \/>\n29 septembre 1983 sous volume LXXVII n\u00b0 9<br \/>\nCODE APE 9799Z SIRET TVA I. FR37-383724119<\/p>\n<p>&nbsp;<\/p>\n<h2>H\u00e9bergement du site www.voixeditions.com :<\/h2>\n<p>L&rsquo;h\u00e9bergement du site est r\u00e9alis\u00e9 par la soci\u00e9t\u00e9 OVH.<br \/>\nSARL OVH<br \/>\nAdresse : 140, quai du Sartel &#8211; 59100 ROUBAIX| FRANCE<br \/>\nTel : 0 899 701 761 &#8211; Fax : 03 20 20 09 58<br \/>\nMail :support@ovh.com<br \/>\nSite : www.ovh.com<\/p>\n<p>&nbsp;<\/p>\n<p>Article 1 Objet<br \/>\nLes conditions g\u00e9n\u00e9rales de ventes d\u00e9crites ci-apr\u00e8s d\u00e9taillent les droits et obligations de Voix Editions et de ses clients dans le cadre de la vente de livres.<br \/>\nToute prestation accomplie par Voix Editions implique l&rsquo;adh\u00e9sion sans r\u00e9serve de l&rsquo;acheteur aux pr\u00e9sentes conditions g\u00e9n\u00e9rales de vente.<\/p>\n<p>Article 2 Pr\u00e9sentation des produits<br \/>\nLes caract\u00e9ristiques des produits propos\u00e9s \u00e0 la vente sont pr\u00e9sent\u00e9es dans la rubrique \u00ab\u00a0Collections\u00a0\u00bb de notre site. Les photographies n&rsquo;entrent pas dans le champ contractuel. La responsabilit\u00e9 de Voix Editions ne peut \u00eatre engag\u00e9e si des erreurs s&rsquo;y sont introduites.<br \/>\nTous les textes et images pr\u00e9sent\u00e9s sur le site de Voix Editions sont r\u00e9serv\u00e9s, pour le monde entier, au titre des droits d&rsquo;auteur et de propri\u00e9t\u00e9 intellectuelle; leur reproduction, m\u00eame partielle, est strictement interdite.<\/p>\n<p>Article 3 Dur\u00e9e de validit\u00e9 des offres de vente<br \/>\nLes produits sont propos\u00e9s \u00e0 la vente jusqu&rsquo;\u00e0 \u00e9puisement du stock. En cas de commande d&rsquo;un produit devenu indisponible, le client sera inform\u00e9 de cette indisponibilit\u00e9, dans les meilleurs d\u00e9lais, par courrier \u00e9lectronique ou par courrier postal.<\/p>\n<p>Article 4 Prix des produits<br \/>\nLa rubrique \u00a0\u00bb Collections\u00a0\u00bb de notre site indique les prix en euros toutes taxes comprises, hors frais de port. Les frais de port apparaissent sur l&rsquo;\u00e9cran \u00e0 la fin de la s\u00e9lection des diff\u00e9rents produits par le client.<br \/>\nVoix Editions se r\u00e9serve le droit de modifier ses prix \u00e0 tout moment mais les produits command\u00e9s sont factur\u00e9s au prix en vigueur lors de l&rsquo;enregistrement de la commande.<br \/>\nLes tarifs propos\u00e9s comprennent les rabais et ristournes que Voix Editions serait amen\u00e9e \u00e0 octroyer compte tenu de ses r\u00e9sultats ou de la prise en charge par l&rsquo;acheteur de certaines prestations.<br \/>\nAucun escompte ne sera accord\u00e9 en cas de paiement anticip\u00e9.<\/p>\n<p>Article 5 Commande<br \/>\nLe client valide sa commande lorsqu&rsquo;il active le lien \u00a0\u00bb commander ou Proc\u00e9der \u00e0 Paypal \u00a0\u00bb en bas de la page \u00a0\u00bb Commande \u00a0\u00bb apr\u00e8s avoir accept\u00e9 les pr\u00e9sentes conditions de vente.<br \/>\nAvant cette validation, il est syst\u00e9matiquement propos\u00e9 au client de v\u00e9rifier chacun des \u00e9l\u00e9ments de sa commande; il peut ainsi corriger ses erreurs \u00e9ventuelles.<br \/>\nVoix Editions confirme la commande par courrier \u00e9lectronique; cette information reprend notamment tous les \u00e9l\u00e9ments de la commande et le droit de r\u00e9tractation du client.<br \/>\nLes donn\u00e9es enregistr\u00e9es par Voix Editions constituent la preuve de la nature, du contenu et de la date de la commande. Celle-ci est archiv\u00e9e par Voix Editions dans les conditions et les d\u00e9lais l\u00e9gaux; le client peut acc\u00e9der \u00e0 cet archivage en nous contactant.<\/p>\n<p>Article 6 Modalit\u00e9s de paiement<br \/>\nLe r\u00e8glement des commandes s&rsquo;effectue par carte bancaire via Paypal, virement ou ch\u00e8que.<\/p>\n<p>Article 7 Contact<br \/>\nPour toute information, question ou r\u00e9clamation, le client peut s&rsquo;adresser \u00e0 nous par mail ou par t\u00e9l\u00e9phone<br \/>\nrichard.meier@orange.fr<br \/>\n0670611538<\/p>\n<p>TERMES ET CONDITIONS<\/p>\n<p>COMMANDE :<br \/>\nLe client doit \u00eatre \u00e2g\u00e9 d\u2019au moins 18 ans et avoir la capacit\u00e9 juridique ou \u00eatre titulaire d\u2019une autorisation parentale pour effectuer une commande sur notre site.\u2028Toute commande vaut acceptation des prix et produits disponibles \u00e0 la vente ainsi que des pr\u00e9sentes conditions g\u00e9n\u00e9rales de vente.\u2028Les commandes sont pass\u00e9es :\u2028A partir des r\u00e9f\u00e9rences des offres en ligne\u2028Les produits sont vendus dans la limite des stocks disponibles. En cas d\u2019indisponibilit\u00e9, Voix Editions s\u2019engage \u00e0 en informer le client soit au moment de la passation de la commande, soit dans les meilleurs d\u00e9lais par courrier \u00e9lectronique.\u2028La validation d\u00e9finitive de la commande intervient apr\u00e8s la validation du paiement par l\u2019envoi d\u2019un courrier \u00e9lectronique confirmant l\u2019enregistrement de la commande, le r\u00e9capitulatif de celle-ci, et contenant les pr\u00e9sentes conditions g\u00e9n\u00e9rales de vente.\u2028Les prix des articles sont exprim\u00e9s en euros, toutes taxes comprises. Voix Editions se r\u00e9serve le droit de r\u00e9viser les prix \u00e0 tout moment en fonction de la conjoncture \u00e9conomique, \u00e9tant pr\u00e9cis\u00e9 que les conditions applicables sont celles au jour de la commande.<br \/>\nVoix Editions se r\u00e9serve le droit de modifier \u00e0 tout moment les caract\u00e9ristiques de ses produits. Les caract\u00e9ristiques indiqu\u00e9es sur le site ne sont donn\u00e9es qu\u2019\u00e0 titre purement indicatif.<br \/>\nConform\u00e9ment aux dispositions l\u00e9gales en vigueur relatives \u00e0 la conformit\u00e9 du bien au contrat, en mati\u00e8res de vices cach\u00e9s, nous rembourserons ou \u00e9changerons tout produit apparemment d\u00e9fectueux, ab\u00eem\u00e9 ou endommag\u00e9 ou ne correspondant pas \u00e0 la commande du client.<br \/>\nNous lui rembourserons \u00e9galement l&rsquo;int\u00e9gralit\u00e9 des frais de retour sur simple pr\u00e9sentation des justificatifs.<br \/>\nLe Client particulier :<br \/>\n\u2022\u00a0\u00a0 \u00a0b\u00e9n\u00e9ficie d&rsquo;un d\u00e9lai de 2 ans \u00e0 partir de la remise du bien pour agir ;<br \/>\n\u2022\u00a0\u00a0 \u00a0peut choisir entre la r\u00e9paration ou le remplacement du bien, sous r\u00e9serve des conditions de co\u00fbt pr\u00e9vues par l&rsquo;article L. 211-9 du code de la consommation;<br \/>\n\u2022\u00a0\u00a0 \u00a0est dispens\u00e9 de prouver le d\u00e9faut de conformit\u00e9 durant les 6 mois (24 mois \u00e0 partir du 18 mars 2016) suivant la remise du bien ;<br \/>\n\u2022\u00a0\u00a0 \u00a0b\u00e9n\u00e9ficie de la garantie l\u00e9gale de conformit\u00e9 ind\u00e9pendamment de la garantie commerciale \u00e9ventuellement consentie ;<br \/>\n\u2022\u00a0\u00a0 \u00a0peut d\u00e9cider de mettre en oeuvre la garantie contre les d\u00e9fauts cach\u00e9s pr\u00e9vue par l&rsquo;article 1641 du code civil et choisir alors entre la r\u00e9solution de la vente ou une r\u00e9duction du prix, conform\u00e9ment \u00e0 l&rsquo;article 1644 du code civil.<\/p>\n<p>Voix Editions<br \/>\nRichard Meier<br \/>\nAdresse de correspondance\u00a0:\u2028 10 mas d&rsquo;Avall &#8211; \u202866200 Elne<br \/>\nMessagerie : richard.meier@orange.fr\u2028 &#8211; T\u00e9l\u00e9phone\u00a0: 04 68 37 88 37<\/p>\n","protected":false},"excerpt":{"rendered":"<p>Propri\u00e9taire et \u00e9diteur du site www.voixeditions.com responsable : Richard Meier Adresse de correspondance\u00a0: 10, mas d&rsquo;avall 66200 Elne Messagerie : richard.meier@orange.fr T\u00e9l\u00e9phone\u00a0: 04 68 37 88 37 Association dite Les Editions VOIX Tribunal d&rsquo;Instance de Metz 29 septembre 1983 sous volume LXXVII n\u00b0 9 CODE APE 9799Z SIRET TVA I. FR37-383724119 &nbsp; H\u00e9bergement du site www.voixeditions.com : L&rsquo;h\u00e9bergement du site [&hellip;]<\/p>\n","protected":false},"author":1,"featured_media":0,"parent":0,"menu_order":0,"comment_status":"closed","ping_status":"open","template":"","meta":{"footnotes":""},"class_list":["post-2423","page","type-page","status-publish","hentry"],"_links":{"self":[{"href":"http:\/\/www.voixeditions.com\/index.php?rest_route=\/wp\/v2\/pages\/2423","targetHints":{"allow":["GET"]}}],"collection":[{"href":"http:\/\/www.voixeditions.com\/index.php?rest_route=\/wp\/v2\/pages"}],"about":[{"href":"http:\/\/www.voixeditions.com\/index.php?rest_route=\/wp\/v2\/types\/page"}],"author":[{"embeddable":true,"href":"http:\/\/www.voixeditions.com\/index.php?rest_route=\/wp\/v2\/users\/1"}],"replies":[{"embeddable":true,"href":"http:\/\/www.voixeditions.com\/index.php?rest_route=%2Fwp%2Fv2%2Fcomments&post=2423"}],"version-history":[{"count":7,"href":"http:\/\/www.voixeditions.com\/index.php?rest_route=\/wp\/v2\/pages\/2423\/revisions"}],"predecessor-version":[{"id":2991,"href":"http:\/\/www.voixeditions.com\/index.php?rest_route=\/wp\/v2\/pages\/2423\/revisions\/2991"}],"wp:attachment":[{"href":"http:\/\/www.voixeditions.com\/index.php?rest_route=%2Fwp%2Fv2%2Fmedia&parent=2423"}],"curies":[{"name":"wp","href":"https:\/\/api.w.org\/{rel}","templated":true}]}}